{"id":34203,"date":"1980-12-19T15:54:51","date_gmt":"1980-12-19T14:54:51","guid":{"rendered":"http:\/\/www.libraria-occitana.org\/?post_type=product&#038;p=34203\/"},"modified":"2026-04-29T10:00:11","modified_gmt":"2026-04-29T08:00:11","slug":"flor-de-brossa","status":"publish","type":"product","link":"https:\/\/www.libraria-occitana.org\/en\/product\/flor-de-brossa\/","title":{"rendered":"Flor de brossa"},"content":{"rendered":"<blockquote>\n<p>I\u00e8u p\u00f2rte pas totjorn, quand torne de la ca\u00e7a,<br \/>\nL\u00e8bre, perdigal o becassa,<br \/>\nM\u00e8s si tr\u00f2be plus res, pels pu\u00e8chs o pels trav\u00e8rs,<br \/>\nI culhisse au mens f\u00f2r\u00e7a v\u00e8rs.<br \/>\nA plenas mans e per dotzenas,<br \/>\nDels v\u00e8rs de brossa, que senton la sauvatgina&#8230;<\/p>\n<p>Je ne rapporte pas toujours, quand je rentre de la chasse,<br \/>\nLi\u00e8vre, perdreau ou b\u00e9casse,<br \/>\nMais si je ne trouve plus rien, par monts ou par vaux,<br \/>\nJ&#8217;y cueille au moins beaucoup de vers.<br \/>\nA pleines mains et par douzaines,<br \/>\nDes vers de bruy\u00e8re, qui sentent la sauvagine&#8230;<\/p>\n<\/blockquote>\n<p style=\"text-align: right;\">O\u00f9 et comment le capiscoul fait ses vers, p. 17<\/p>\n<p>Un recueil de po\u00e8mes inspir\u00e9s des excursions de l&#8217;auteur dans la campagne et de son activit\u00e9 de chasseur ; d&#8217;autres mettent en sc\u00e8ne la vie de la maisonn\u00e9e et dressent le portrait de personnes de son environnement : famille, domestiques, voisins&#8230; d&#8217;autres encore reprennent des contes.<\/p>\n<p>Po\u00e8te de l\u2019Auvergne, Vermenouze a os\u00e9 l\u2019\u00eatre pleinement ; il n\u2019a rien reni\u00e9 de sa \u00ab montagne bourrue \u00bb qu\u2019il peint en vers pleins, drus, d\u2019un r\u00e9alisme vigoureux, qui savent pourtant rester lyriques.<\/p>\n<p>\u00ab Cet orgueilleux est du c\u00f4t\u00e9 des pauvres&#8230; Vermenouze a l&#8217;\u0153il pointu&#8230; On ne perdra pas son temps \u00e0 relire Vermenouze \u00bb (Yves Rouquette, dans <a href=\"http:\/\/www.libraria-occitana.org\/produit\/en-occitan-une-histoire-buissonniere-de-la-litterature-doc\/\"><em>En occitan, une histoire buissonni\u00e8re de la litt\u00e9rature d&#8217;oc<\/em><\/a>).<\/p>\n<p>Une r\u00e9\u00e9dition en graphie classique de l\u2019\u0153uvre po\u00e9tique occitane du F\u00e9libre cantalien d&#8217;apr\u00e8s l&#8217;\u00e9dition originale de 1896, avec notes de vocabulaire en bas de page.<\/p>\n","protected":false},"excerpt":{"rendered":"<p>I\u00e8u p\u00f2rte pas totjorn, quand torne de la ca\u00e7a, L\u00e8bre, perdigal o becassa, M\u00e8s si tr\u00f2be plus res, pels pu\u00e8chs o pels trav\u00e8rs, I culhisse au mens f\u00f2r\u00e7a v\u00e8rs. A plenas mans e per dotzenas, Dels v\u00e8rs de brossa, que senton la sauvatgina&#8230; Je ne rapporte pas toujours, quand je rentre de la chasse, Li\u00e8vre, [&hellip;]<\/p>\n","protected":false},"featured_media":60116,"template":"","meta":{"_acf_changed":false,"_genesis_hide_title":false,"_genesis_hide_breadcrumbs":false,"_genesis_hide_singular_image":false,"_genesis_hide_footer_widgets":false,"_genesis_custom_body_class":"","_genesis_custom_post_class":"","_genesis_layout":""},"product_brand":[],"product_cat":[7132,7174,7180],"product_tag":[],"class_list":{"0":"post-34203","1":"product","2":"type-product","3":"status-publish","4":"has-post-thumbnail","6":"product_cat-books","7":"product_cat-literature-en","8":"product_cat-poetry-en","9":"pa_auteur-vermenosa-arseni-en","10":"pa_editeur-ieo-fr-en","11":"pa_editeur-ieo-cantal-en","12":"pa_langue-occitan-en","13":"pa_langue-occitan-lengadocian-en","14":"entry","16":"first","17":"instock","18":"shipping-taxable","19":"purchasable","20":"product-type-simple"},"acf":[],"_links":{"self":[{"href":"https:\/\/www.libraria-occitana.org\/en\/wp-json\/wp\/v2\/product\/34203","targetHints":{"allow":["GET"]}}],"collection":[{"href":"https:\/\/www.libraria-occitana.org\/en\/wp-json\/wp\/v2\/product"}],"about":[{"href":"https:\/\/www.libraria-occitana.org\/en\/wp-json\/wp\/v2\/types\/product"}],"wp:featuredmedia":[{"embeddable":true,"href":"https:\/\/www.libraria-occitana.org\/en\/wp-json\/wp\/v2\/media\/60116"}],"wp:attachment":[{"href":"https:\/\/www.libraria-occitana.org\/en\/wp-json\/wp\/v2\/media?parent=34203"}],"wp:term":[{"taxonomy":"product_brand","embeddable":true,"href":"https:\/\/www.libraria-occitana.org\/en\/wp-json\/wp\/v2\/product_brand?post=34203"},{"taxonomy":"product_cat","embeddable":true,"href":"https:\/\/www.libraria-occitana.org\/en\/wp-json\/wp\/v2\/product_cat?post=34203"},{"taxonomy":"product_tag","embeddable":true,"href":"https:\/\/www.libraria-occitana.org\/en\/wp-json\/wp\/v2\/product_tag?post=34203"}],"curies":[{"name":"wp","href":"https:\/\/api.w.org\/{rel}","templated":true}]}}