{"id":34209,"date":"2015-04-01T16:47:46","date_gmt":"2015-04-01T14:47:46","guid":{"rendered":"http:\/\/www.libraria-occitana.org\/?post_type=product&#038;p=34209\/"},"modified":"2026-04-29T07:21:42","modified_gmt":"2026-04-29T05:21:42","slug":"fin-de-partida","status":"publish","type":"product","link":"https:\/\/www.libraria-occitana.org\/en\/product\/fin-de-partida\/","title":{"rendered":"Fin de partida"},"content":{"rendered":"<p>Las si\u00e8is nov\u00e8las del recu\u00e8lh <em>Fin de partida<\/em> son dins la continuitat d&#8217;una rec\u00e8rca que Florian Vernet ensaja de menar la lenga occitana dins de territ\u00f2ris qu&#8217;es rarament acostumada a trevar. Del discors delirant d&#8217;un esquizofr\u00e8n que vira paranoiac (<em>Pat<\/em>), a una anticipacion violenta sus la societat que nos esp\u00e8ra benl\u00e8u dins un desenat d&#8217;ans (<em>Fin de partida<\/em>), del thriller un bricon\u00e8l metafisic que, s&#8217;aqu\u00f2 vira, es lo rebat de la vida de tot escrivan (<em>War Paint<\/em>) a una ist\u00f2ria d&#8217;amistat e de m\u00f2rt (<em>Val d&#8217;Aspa<\/em>), del rencontre entre dos \u00e8ssers maltractats per l&#8217;exist\u00e9ncia e que benl\u00e8u escapar\u00e0n un temps a la maquina a embotir (<em>Te daissi las claus<\/em>) a la farcejada negra (<em>Ragnar\u00f6k<\/em>) ont la vila de Besi\u00e8rs aculh\u00eds Dieu en persona, vengut anonciar al monde la fin programada de l&#8217;umanitat.<\/p>\n","protected":false},"excerpt":{"rendered":"<p>Las si\u00e8is nov\u00e8las del recu\u00e8lh Fin de partida son dins la continuitat d&#8217;una rec\u00e8rca que Florian Vernet ensaja de menar la lenga occitana dins de territ\u00f2ris qu&#8217;es rarament acostumada a trevar. Del discors delirant d&#8217;un esquizofr\u00e8n que vira paranoiac (Pat), a una anticipacion violenta sus la societat que nos esp\u00e8ra benl\u00e8u dins un desenat d&#8217;ans [&hellip;]<\/p>\n","protected":false},"featured_media":42493,"template":"","meta":{"_acf_changed":false,"_genesis_hide_title":false,"_genesis_hide_breadcrumbs":false,"_genesis_hide_singular_image":false,"_genesis_hide_footer_widgets":false,"_genesis_custom_body_class":"","_genesis_custom_post_class":"","_genesis_layout":""},"product_brand":[],"product_cat":[7132,7174,7182],"product_tag":[],"class_list":{"0":"post-34209","1":"product","2":"type-product","3":"status-publish","4":"has-post-thumbnail","6":"product_cat-books","7":"product_cat-literature-en","8":"product_cat-novels-short-stories-en","9":"pa_auteur-vernet-florian-en","10":"pa_editeur-ieo-lengadoc-en","11":"pa_langue-occitan-en","12":"pa_langue-occitan-lengadocian-en","13":"entry","15":"first","16":"outofstock","17":"sold-individually","18":"shipping-taxable","19":"purchasable","20":"product-type-simple"},"acf":[],"_links":{"self":[{"href":"https:\/\/www.libraria-occitana.org\/en\/wp-json\/wp\/v2\/product\/34209","targetHints":{"allow":["GET"]}}],"collection":[{"href":"https:\/\/www.libraria-occitana.org\/en\/wp-json\/wp\/v2\/product"}],"about":[{"href":"https:\/\/www.libraria-occitana.org\/en\/wp-json\/wp\/v2\/types\/product"}],"wp:featuredmedia":[{"embeddable":true,"href":"https:\/\/www.libraria-occitana.org\/en\/wp-json\/wp\/v2\/media\/42493"}],"wp:attachment":[{"href":"https:\/\/www.libraria-occitana.org\/en\/wp-json\/wp\/v2\/media?parent=34209"}],"wp:term":[{"taxonomy":"product_brand","embeddable":true,"href":"https:\/\/www.libraria-occitana.org\/en\/wp-json\/wp\/v2\/product_brand?post=34209"},{"taxonomy":"product_cat","embeddable":true,"href":"https:\/\/www.libraria-occitana.org\/en\/wp-json\/wp\/v2\/product_cat?post=34209"},{"taxonomy":"product_tag","embeddable":true,"href":"https:\/\/www.libraria-occitana.org\/en\/wp-json\/wp\/v2\/product_tag?post=34209"}],"curies":[{"name":"wp","href":"https:\/\/api.w.org\/{rel}","templated":true}]}}