{"id":34211,"date":"2002-10-09T10:45:17","date_gmt":"2002-10-09T08:45:17","guid":{"rendered":"http:\/\/www.libraria-occitana.org\/?post_type=product&#038;p=34211\/"},"modified":"2026-04-29T05:36:44","modified_gmt":"2026-04-29T03:36:44","slug":"flamenca-lardente-flamme-de-lamour","status":"publish","type":"product","link":"https:\/\/www.libraria-occitana.org\/en\/product\/flamenca-lardente-flamme-de-lamour\/","title":{"rendered":"Flamenca ! : L&#8217;ardente flamme de l&#8217;amour"},"content":{"rendered":"<p><strong>G\u00e9rard Zuchetto &amp; Sandra Hurtado-R\u00f2s :<\/strong> Chant, compositions<\/p>\n<p><strong>V\u00e9ronique Condesse :<\/strong> Harpe<br \/>\n<strong>Denyse Dowling :<\/strong> Fl\u00fbtes, bombarde<br \/>\n<strong>Domitille Vigneron :<\/strong> Vi\u00e8le \u00e0 archet<br \/>\n<strong>Guy Robert :<\/strong> \u00dbd, luth, guitare sarrazine, harpe<br \/>\n<strong>Patrice Villaum\u00e9 :<\/strong> Vielle \u00e0 roue t\u00e9nor, tympanon<br \/>\n<strong>Maurice Moncozet :<\/strong> Fl\u00fbtes, chal\u00e9mie, na\u00ef, suling<br \/>\n<strong>Mick Rochard :<\/strong> Vi\u00e8le t\u00e9nor, saz, guiterne, \u00fbd, cornemuse<br \/>\n<strong>Christophe Deslignes :<\/strong> Organetto<br \/>\n<strong>Thierry Gomar :<\/strong> Percussions, vibraphone<\/p>\n<p><strong>Ms. M\u00e9di\u00e9val &amp; G\u00e9rard Zuchetto :<\/strong> Texte<\/p>\n<p>Cr\u00e9ation originale \u00e0 partir du manuscrit dit du roman de <em>Flamenca<\/em>.<\/p>\n<p><strong>Titres :<\/strong><br \/>\n1. Bela paria (Belle apparence)<br \/>\n2. Beutat d&#8217;amor (Beaut\u00e9 d&#8217;amour)<br \/>\n3. Per semblansa (Par illusion)<br \/>\n4. De la prima (Du Printemps)<br \/>\n5. Domna novela (Dame nouvelle)<br \/>\n6. Flamenca<br \/>\n7. Mal d&#8217;amor (Mal d&#8217;amour)<br \/>\n8. Gelosia\/Archimbaut (Jalousie\/Archambaut)<br \/>\n9. Pezansa (Anxi\u00e9t\u00e9)<br \/>\n10. Amistansa (Amiti\u00e9)<br \/>\n11. Guilhem (Guillaume)<br \/>\n12. Jocs amoros (Jeux amoureux)<br \/>\n13. Dous e verais (Doux et vrai)<br \/>\n14. Fin&#8217;amors (Fine amour)<\/p>\n","protected":false},"excerpt":{"rendered":"<p>G\u00e9rard Zuchetto &amp; Sandra Hurtado-R\u00f2s : Chant, compositions V\u00e9ronique Condesse : Harpe Denyse Dowling : Fl\u00fbtes, bombarde Domitille Vigneron : Vi\u00e8le \u00e0 archet Guy Robert : \u00dbd, luth, guitare sarrazine, harpe Patrice Villaum\u00e9 : Vielle \u00e0 roue t\u00e9nor, tympanon Maurice Moncozet : Fl\u00fbtes, chal\u00e9mie, na\u00ef, suling Mick Rochard : Vi\u00e8le t\u00e9nor, saz, guiterne, \u00fbd, cornemuse [&hellip;]<\/p>\n","protected":false},"featured_media":55453,"template":"","meta":{"_acf_changed":false,"_genesis_hide_title":false,"_genesis_hide_breadcrumbs":false,"_genesis_hide_singular_image":false,"_genesis_hide_footer_widgets":false,"_genesis_custom_body_class":"","_genesis_custom_post_class":"","_genesis_layout":""},"product_brand":[],"product_cat":[7226,7216],"product_tag":[],"class_list":{"0":"post-34211","1":"product","2":"type-product","3":"status-publish","4":"has-post-thumbnail","6":"product_cat-classical-troubadours-en","7":"product_cat-music-en","8":"pa_auteur-troubadours-art-ensemble-en","9":"pa_auteur-zuchetto-gerard-en","10":"pa_editeur-troba-vox-en","11":"pa_langue-occitan-en","12":"pa_langue-occitan-medievau-en","13":"entry","15":"first","16":"outofstock","17":"shipping-taxable","18":"purchasable","19":"product-type-simple"},"acf":[],"_links":{"self":[{"href":"https:\/\/www.libraria-occitana.org\/en\/wp-json\/wp\/v2\/product\/34211","targetHints":{"allow":["GET"]}}],"collection":[{"href":"https:\/\/www.libraria-occitana.org\/en\/wp-json\/wp\/v2\/product"}],"about":[{"href":"https:\/\/www.libraria-occitana.org\/en\/wp-json\/wp\/v2\/types\/product"}],"wp:featuredmedia":[{"embeddable":true,"href":"https:\/\/www.libraria-occitana.org\/en\/wp-json\/wp\/v2\/media\/55453"}],"wp:attachment":[{"href":"https:\/\/www.libraria-occitana.org\/en\/wp-json\/wp\/v2\/media?parent=34211"}],"wp:term":[{"taxonomy":"product_brand","embeddable":true,"href":"https:\/\/www.libraria-occitana.org\/en\/wp-json\/wp\/v2\/product_brand?post=34211"},{"taxonomy":"product_cat","embeddable":true,"href":"https:\/\/www.libraria-occitana.org\/en\/wp-json\/wp\/v2\/product_cat?post=34211"},{"taxonomy":"product_tag","embeddable":true,"href":"https:\/\/www.libraria-occitana.org\/en\/wp-json\/wp\/v2\/product_tag?post=34211"}],"curies":[{"name":"wp","href":"https:\/\/api.w.org\/{rel}","templated":true}]}}