{"id":34216,"date":"2008-11-08T16:51:28","date_gmt":"2008-11-08T15:51:28","guid":{"rendered":"http:\/\/www.libraria-occitana.org\/?post_type=product&#038;p=34216\/"},"modified":"2026-04-29T06:46:26","modified_gmt":"2026-04-29T04:46:26","slug":"femna-mon-amor-femme-mon-amour","status":"publish","type":"product","link":"https:\/\/www.libraria-occitana.org\/en\/product\/femna-mon-amor-femme-mon-amour\/","title":{"rendered":"Femna mon Amor &#8211; Femme mon Amour"},"content":{"rendered":"<p>Dix-huit po\u00e8mes d\u00e9di\u00e9s \u00e0 dix-huit femmes.<\/p>\n","protected":false},"excerpt":{"rendered":"<p>Dix-huit po\u00e8mes d\u00e9di\u00e9s \u00e0 dix-huit femmes.<\/p>\n","protected":false},"featured_media":54552,"template":"","meta":{"_acf_changed":false,"_genesis_hide_title":false,"_genesis_hide_breadcrumbs":false,"_genesis_hide_singular_image":false,"_genesis_hide_footer_widgets":false,"_genesis_custom_body_class":"","_genesis_custom_post_class":"","_genesis_layout":""},"product_brand":[],"product_cat":[7132,7174,7180],"product_tag":[],"class_list":{"0":"post-34216","1":"product","2":"type-product","3":"status-publish","4":"has-post-thumbnail","6":"product_cat-books","7":"product_cat-literature-en","8":"product_cat-poetry-en","9":"pa_auteur-bec-sergi-en","10":"pa_editeur-letras-doc-en","11":"pa_langue-occitan-provencau-en","12":"pa_langue-occitan-francais-en","13":"entry","15":"first","16":"outofstock","17":"shipping-taxable","18":"purchasable","19":"product-type-simple"},"acf":[],"_links":{"self":[{"href":"https:\/\/www.libraria-occitana.org\/en\/wp-json\/wp\/v2\/product\/34216","targetHints":{"allow":["GET"]}}],"collection":[{"href":"https:\/\/www.libraria-occitana.org\/en\/wp-json\/wp\/v2\/product"}],"about":[{"href":"https:\/\/www.libraria-occitana.org\/en\/wp-json\/wp\/v2\/types\/product"}],"wp:featuredmedia":[{"embeddable":true,"href":"https:\/\/www.libraria-occitana.org\/en\/wp-json\/wp\/v2\/media\/54552"}],"wp:attachment":[{"href":"https:\/\/www.libraria-occitana.org\/en\/wp-json\/wp\/v2\/media?parent=34216"}],"wp:term":[{"taxonomy":"product_brand","embeddable":true,"href":"https:\/\/www.libraria-occitana.org\/en\/wp-json\/wp\/v2\/product_brand?post=34216"},{"taxonomy":"product_cat","embeddable":true,"href":"https:\/\/www.libraria-occitana.org\/en\/wp-json\/wp\/v2\/product_cat?post=34216"},{"taxonomy":"product_tag","embeddable":true,"href":"https:\/\/www.libraria-occitana.org\/en\/wp-json\/wp\/v2\/product_tag?post=34216"}],"curies":[{"name":"wp","href":"https:\/\/api.w.org\/{rel}","templated":true}]}}