{"id":34221,"date":"2013-08-19T13:22:30","date_gmt":"2013-08-19T11:22:30","guid":{"rendered":"http:\/\/www.libraria-occitana.org\/?post_type=product&#038;p=34221\/"},"modified":"2026-04-02T20:01:07","modified_gmt":"2026-04-02T18:01:07","slug":"femmes-poetes-du-moyen-age-les-trobairitz","status":"publish","type":"product","link":"https:\/\/www.libraria-occitana.org\/en\/product\/femmes-poetes-du-moyen-age-les-trobairitz\/","title":{"rendered":"Femmes po\u00e8tes du Moyen-\u00c2ge : Les Trobairitz"},"content":{"rendered":"<p>Plus qu&#8217;une recension, cet ouvrage est un v\u00e9ritable hommage aux femmes po\u00e8tes du Moyen-\u00c2ge. L&#8217;auteur inscrit son \u00e9tude dans une d\u00e9marche scientifique qui tente d&#8217;unifier des savoirs et des connaissances jusqu&#8217;alors \u00e9parses.<br \/>\nDelphine Aguilera souhaite nous faire d\u00e9couvrir les <em>trobairitz<\/em>, femmes, po\u00e8tes et musiciennes qui retrouvent, l&#8217;espace d&#8217;un temps celui de l&#8217;\u00e9criture et la lecture, une place dans la lyrique troubadouresque.<br \/>\nSouvent oubli\u00e9es ou m\u00e9connues, nous apprenons qui \u00e9taient ces femmes du Moyen-\u00c2ge nomm\u00e9es Azalais, Iselda, Na carenza, Beatrix&#8230;<br \/>\nCe livre propose de les d\u00e9couvrir, au travers du \u00ab grand chant \u00bb qu&#8217;elles nous ont l\u00e9gu\u00e9 ainsi que par le prisme de leur \u00e9poque, le Moyen-\u00c2ge, encore objet de nos r\u00eaveries.<\/p>\n","protected":false},"excerpt":{"rendered":"<p>Plus qu&#8217;une recension, cet ouvrage est un v\u00e9ritable hommage aux femmes po\u00e8tes du Moyen-\u00c2ge. L&#8217;auteur inscrit son \u00e9tude dans une d\u00e9marche scientifique qui tente d&#8217;unifier des savoirs et des connaissances jusqu&#8217;alors \u00e9parses. Delphine Aguilera souhaite nous faire d\u00e9couvrir les trobairitz, femmes, po\u00e8tes et musiciennes qui retrouvent, l&#8217;espace d&#8217;un temps celui de l&#8217;\u00e9criture et la lecture, [&hellip;]<\/p>\n","protected":false},"featured_media":46895,"template":"","meta":{"_acf_changed":false,"_genesis_hide_title":false,"_genesis_hide_breadcrumbs":false,"_genesis_hide_singular_image":false,"_genesis_hide_footer_widgets":false,"_genesis_custom_body_class":"","_genesis_custom_post_class":"","_genesis_layout":""},"product_brand":[],"product_cat":[7132,7174,7188],"product_tag":[],"class_list":{"0":"post-34221","1":"product","2":"type-product","3":"status-publish","4":"has-post-thumbnail","6":"product_cat-books","7":"product_cat-literature-en","8":"product_cat-arts-studies-en","9":"pa_auteur-aguilera-delphine-en","10":"pa_editeur-lharmattan-en","11":"pa_langue-francais-en","12":"entry","14":"first","15":"instock","16":"shipping-taxable","17":"purchasable","18":"product-type-simple"},"acf":[],"_links":{"self":[{"href":"https:\/\/www.libraria-occitana.org\/en\/wp-json\/wp\/v2\/product\/34221","targetHints":{"allow":["GET"]}}],"collection":[{"href":"https:\/\/www.libraria-occitana.org\/en\/wp-json\/wp\/v2\/product"}],"about":[{"href":"https:\/\/www.libraria-occitana.org\/en\/wp-json\/wp\/v2\/types\/product"}],"wp:featuredmedia":[{"embeddable":true,"href":"https:\/\/www.libraria-occitana.org\/en\/wp-json\/wp\/v2\/media\/46895"}],"wp:attachment":[{"href":"https:\/\/www.libraria-occitana.org\/en\/wp-json\/wp\/v2\/media?parent=34221"}],"wp:term":[{"taxonomy":"product_brand","embeddable":true,"href":"https:\/\/www.libraria-occitana.org\/en\/wp-json\/wp\/v2\/product_brand?post=34221"},{"taxonomy":"product_cat","embeddable":true,"href":"https:\/\/www.libraria-occitana.org\/en\/wp-json\/wp\/v2\/product_cat?post=34221"},{"taxonomy":"product_tag","embeddable":true,"href":"https:\/\/www.libraria-occitana.org\/en\/wp-json\/wp\/v2\/product_tag?post=34221"}],"curies":[{"name":"wp","href":"https:\/\/api.w.org\/{rel}","templated":true}]}}