{"id":34269,"date":"2013-04-22T12:50:31","date_gmt":"2013-04-22T10:50:31","guid":{"rendered":"http:\/\/www.libraria-occitana.org\/?post_type=product&#038;p=34269\/"},"modified":"2026-04-16T04:21:24","modified_gmt":"2026-04-16T02:21:24","slug":"entre-2-mondes","status":"publish","type":"product","link":"https:\/\/www.libraria-occitana.org\/en\/product\/entre-2-mondes\/","title":{"rendered":"Entre 2 mondes"},"content":{"rendered":"<p>Enregistr\u00e9 sous la houlette de Bruno Mylonas (qui a r\u00e9alis\u00e9 notamment Vanessa Paradis ou Aldebert), d\u2019Erick Benzi (Yannick Noah, Jean-Jacques Goldman) et de Laurent Gu\u00e9neau (Sins\u00e9milia, Souad Massi), Joanda et ses musiciens proposent un album o\u00f9 les sonorit\u00e9s des guitares pop se marient avec les instruments issus du Pays d\u2019Oc et du bassin m\u00e9diterran\u00e9en. Comme un voyage au c\u0153ur du Sud.<\/p>\n<p>C\u2019est le souffle de toute une terre qui s\u2019adresse au Monde dans 14 chansons o\u00f9 fusionnent les cordes du luth de M\u00e9diterran\u00e9e, le violon, la vielle \u00e0 roue et la cornemuse de la Montagne Noire ; chaque instrument embrasse les chaudes rythmiques des guitares et de la basse, cal\u00e9es sur les percussions entra\u00eenantes du <em>caj\u00f3n<\/em> et des caisses claires. Si certains instruments ont le charme \u00e9ternel d\u2019une terre sans \u00e2ge, ici, ils dansent avec le pr\u00e9sent, avec tous les publics, sur des <em>gimmicks<\/em> dont seul Joanda a le secret.<\/p>\n<p>Que cela soit en fran\u00e7ais ou en langue d\u2019oc, la voix de l\u2019auteur-compositeur-interpr\u00e8te sait se faire \u00e9mouvante sur <em>Te souviens-tu de nous ?<\/em>, entra\u00eenante sur <em>Enfant de Paratge<\/em>, festive sur <em>Gosta la vida !<\/em> et franchement pop sur <em>Le pont qui danse<\/em>. Port\u00e9es par une parole \u00e0 la fois singuli\u00e8re et universelle, les chansons de ce nouvel album respirent la Terre de tout un peuple et caressent nos oreilles toujours en qu\u00eate de nouvelles sonorit\u00e9s.<\/p>\n<p><strong>Titres :<br \/>\n<\/strong>1. Gouttes de sables<br \/>\n2. Le pont qui danse<br \/>\n3. Enfant de Paratge<br \/>\n4. Voyage au coeur du Sud<br \/>\n5. D\u2019 aqu\u00ed 100 ans<br \/>\n6. Deux terres<br \/>\n7. En pa\u00eds d\u2019\u00d2c<br \/>\n8. Lo s\u00f2m e lo rire<br \/>\n9. Gosta la vida !<br \/>\n10. Aimenuzhka<br \/>\n11. Te souviens-tu de nous ? (Rob\u00e8rt Lafont)<br \/>\n12. Flora Tristan<br \/>\n13. Medi terra<br \/>\n14. Detr\u00e0s la nu\u00e8it<\/p>\n","protected":false},"excerpt":{"rendered":"<p>Enregistr\u00e9 sous la houlette de Bruno Mylonas (qui a r\u00e9alis\u00e9 notamment Vanessa Paradis ou Aldebert), d\u2019Erick Benzi (Yannick Noah, Jean-Jacques Goldman) et de Laurent Gu\u00e9neau (Sins\u00e9milia, Souad Massi), Joanda et ses musiciens proposent un album o\u00f9 les sonorit\u00e9s des guitares pop se marient avec les instruments issus du Pays d\u2019Oc et du bassin m\u00e9diterran\u00e9en. Comme [&hellip;]<\/p>\n","protected":false},"featured_media":43130,"template":"","meta":{"_acf_changed":false,"_genesis_hide_title":false,"_genesis_hide_breadcrumbs":false,"_genesis_hide_singular_image":false,"_genesis_hide_footer_widgets":false,"_genesis_custom_body_class":"","_genesis_custom_post_class":"","_genesis_layout":""},"product_brand":[],"product_cat":[7216,7218],"product_tag":[],"class_list":{"0":"post-34269","1":"product","2":"type-product","3":"status-publish","4":"has-post-thumbnail","6":"product_cat-music-en","7":"product_cat-voice-en","8":"pa_auteur-joanda-en","9":"pa_editeur-planeta-prod-en","10":"pa_langue-occitan-lengadocian-en","11":"pa_langue-occitan-francais-en","12":"entry","14":"first","15":"instock","16":"shipping-taxable","17":"purchasable","18":"product-type-simple"},"acf":[],"_links":{"self":[{"href":"https:\/\/www.libraria-occitana.org\/en\/wp-json\/wp\/v2\/product\/34269","targetHints":{"allow":["GET"]}}],"collection":[{"href":"https:\/\/www.libraria-occitana.org\/en\/wp-json\/wp\/v2\/product"}],"about":[{"href":"https:\/\/www.libraria-occitana.org\/en\/wp-json\/wp\/v2\/types\/product"}],"wp:featuredmedia":[{"embeddable":true,"href":"https:\/\/www.libraria-occitana.org\/en\/wp-json\/wp\/v2\/media\/43130"}],"wp:attachment":[{"href":"https:\/\/www.libraria-occitana.org\/en\/wp-json\/wp\/v2\/media?parent=34269"}],"wp:term":[{"taxonomy":"product_brand","embeddable":true,"href":"https:\/\/www.libraria-occitana.org\/en\/wp-json\/wp\/v2\/product_brand?post=34269"},{"taxonomy":"product_cat","embeddable":true,"href":"https:\/\/www.libraria-occitana.org\/en\/wp-json\/wp\/v2\/product_cat?post=34269"},{"taxonomy":"product_tag","embeddable":true,"href":"https:\/\/www.libraria-occitana.org\/en\/wp-json\/wp\/v2\/product_tag?post=34269"}],"curies":[{"name":"wp","href":"https:\/\/api.w.org\/{rel}","templated":true}]}}