{"id":34286,"date":"2013-06-22T12:42:18","date_gmt":"2013-06-22T10:42:18","guid":{"rendered":"http:\/\/www.libraria-occitana.org\/?post_type=product&#038;p=34286\/"},"modified":"2026-04-24T23:17:03","modified_gmt":"2026-04-24T21:17:03","slug":"en-occitan-une-histoire-buissonniere-de-la-litterature-doc","status":"publish","type":"product","link":"https:\/\/www.libraria-occitana.org\/en\/product\/en-occitan-une-histoire-buissonniere-de-la-litterature-doc\/","title":{"rendered":"En occitan : Une histoire buissonni\u00e8re de la litt\u00e9rature d&#8217;oc"},"content":{"rendered":"<p>En 1974, Michel Roquebert, journaliste \u00e0 <em>La D\u00e9p\u00eache du Midi<\/em>, et qui vient de publier le premier tome de son <em>\u00c9pop\u00e9e cathare<\/em>, demande \u00e0 Yves Rouquette d\u2019assurer la pr\u00e9sentation r\u00e9guli\u00e8re des nouvelles parutions en occitan ou sur la question occitane.<\/p>\n<p>Ce fut <em>En Occitan<\/em>, une chronique r\u00e9dig\u00e9e en fran\u00e7ais et qui parut de 1974 \u00e0 1982. En tout deux cent vingt-trois articles, tous de la main d&#8217;Yves Rouquette, sauf trois sur ses propres ouvrages, dont un sign\u00e9 Ren\u00e9 Nelli.<\/p>\n<p>Ce sont d\u2019abord les livres nouveaux qui paraissent dont Yves rend compte. Et ils se bousculent avec l\u2019ouverture de la production occitane \u00e0 de nouveaux domaines (bandes dessin\u00e9es, romans policiers), l\u2019\u00e9dition ou la r\u00e9\u00e9dition de textes anciens, le retour de la litt\u00e9rature populaire, l\u2019apparition d\u2019un th\u00e9\u00e2tre engag\u00e9 et de la nouvelle chanson.<\/p>\n<p>Grand lecteur, Rouquette sait communiquer son plaisir. Ne m\u00e9prisant aucun genre, n\u2019ayant pas peur de bouleverser les hi\u00e9rarchies consacr\u00e9es, pla\u00e7ant les contes populaires au niveau de Racine ou de Val\u00e9ry, sensible \u00e0 ce que Delteil, comme Jaur\u00e8s, appelait la joie du peuple, \u00e9levant le style populaire au niveau d\u2019un moyen de connaissance et de discernement.<\/p>\n<p>V\u00e9cue de l\u2019int\u00e9rieur, non lin\u00e9aire, non exhaustive, <em>bartassi\u00e8ra<\/em>, buissonni\u00e8re, fuyant le syst\u00e8me mais privil\u00e9giant l\u2019acuit\u00e9 autant que le plaisir, une histoire de notre litt\u00e9rature, bienveillante, critique, mais qui cherche plut\u00f4t \u00e0 \u00e9clairer et \u00e0 donner envie de lire ou de relire. Et surtout de vivre.<\/p>\n","protected":false},"excerpt":{"rendered":"<p>En 1974, Michel Roquebert, journaliste \u00e0 La D\u00e9p\u00eache du Midi, et qui vient de publier le premier tome de son \u00c9pop\u00e9e cathare, demande \u00e0 Yves Rouquette d\u2019assurer la pr\u00e9sentation r\u00e9guli\u00e8re des nouvelles parutions en occitan ou sur la question occitane. Ce fut En Occitan, une chronique r\u00e9dig\u00e9e en fran\u00e7ais et qui parut de 1974 \u00e0 [&hellip;]<\/p>\n","protected":false},"featured_media":43127,"template":"","meta":{"_acf_changed":false,"_genesis_hide_title":false,"_genesis_hide_breadcrumbs":false,"_genesis_hide_singular_image":false,"_genesis_hide_footer_widgets":false,"_genesis_custom_body_class":"","_genesis_custom_post_class":"","_genesis_layout":""},"product_brand":[],"product_cat":[7188,7132,7174],"product_tag":[],"class_list":{"0":"post-34286","1":"product","2":"type-product","3":"status-publish","4":"has-post-thumbnail","6":"product_cat-arts-studies-en","7":"product_cat-books","8":"product_cat-literature-en","9":"pa_auteur-roqueta-ives-en","10":"pa_editeur-vent-terral-en","11":"pa_langue-francais-en","12":"entry","14":"first","15":"instock","16":"shipping-taxable","17":"purchasable","18":"product-type-simple"},"acf":[],"_links":{"self":[{"href":"https:\/\/www.libraria-occitana.org\/en\/wp-json\/wp\/v2\/product\/34286","targetHints":{"allow":["GET"]}}],"collection":[{"href":"https:\/\/www.libraria-occitana.org\/en\/wp-json\/wp\/v2\/product"}],"about":[{"href":"https:\/\/www.libraria-occitana.org\/en\/wp-json\/wp\/v2\/types\/product"}],"wp:featuredmedia":[{"embeddable":true,"href":"https:\/\/www.libraria-occitana.org\/en\/wp-json\/wp\/v2\/media\/43127"}],"wp:attachment":[{"href":"https:\/\/www.libraria-occitana.org\/en\/wp-json\/wp\/v2\/media?parent=34286"}],"wp:term":[{"taxonomy":"product_brand","embeddable":true,"href":"https:\/\/www.libraria-occitana.org\/en\/wp-json\/wp\/v2\/product_brand?post=34286"},{"taxonomy":"product_cat","embeddable":true,"href":"https:\/\/www.libraria-occitana.org\/en\/wp-json\/wp\/v2\/product_cat?post=34286"},{"taxonomy":"product_tag","embeddable":true,"href":"https:\/\/www.libraria-occitana.org\/en\/wp-json\/wp\/v2\/product_tag?post=34286"}],"curies":[{"name":"wp","href":"https:\/\/api.w.org\/{rel}","templated":true}]}}