{"id":34369,"date":"2019-03-16T16:22:40","date_gmt":"2019-03-16T15:22:40","guid":{"rendered":"http:\/\/www.libraria-occitana.org\/?post_type=product&#038;p=34369\/"},"modified":"2026-04-29T10:42:09","modified_gmt":"2026-04-29T08:42:09","slug":"dictionnaire-occitan-francais-selon-les-parlers-languedociens","status":"publish","type":"product","link":"https:\/\/www.libraria-occitana.org\/en\/product\/dictionnaire-occitan-francais-selon-les-parlers-languedociens\/","title":{"rendered":"Dictionnaire occitan-fran\u00e7ais selon les parlers languedociens"},"content":{"rendered":"<p>Louis Alibert mour\u00fbt alors que son dictionnaire n\u2019\u00e9tait encore qu\u2019\u00e0 l\u2019\u00e9tat de manuscrit. Sa belle s\u0153ur, Mademoiselle Latour le dactylographia et le <em>Dictionnaire occitan\/fran\u00e7ais, d\u2019apr\u00e8s les parlers languedociens<\/em> sortit sept ans plus tard, en 1966, avec l\u2019aide du CNRS. En 1977, l\u2019Institut d\u2019\u00c9tudes Occitanes en publia la seconde \u00e9dition.<\/p>\n<p>Louis Alibert (1884-1959) (en occitan Lo\u00eds Alib\u00e8rt) est un linguiste fran\u00e7ais qui a notamment pos\u00e9 les bases de la norme classique de l\u2019occitan.<\/p>\n","protected":false},"excerpt":{"rendered":"<p>Louis Alibert mour\u00fbt alors que son dictionnaire n\u2019\u00e9tait encore qu\u2019\u00e0 l\u2019\u00e9tat de manuscrit. Sa belle s\u0153ur, Mademoiselle Latour le dactylographia et le Dictionnaire occitan\/fran\u00e7ais, d\u2019apr\u00e8s les parlers languedociens sortit sept ans plus tard, en 1966, avec l\u2019aide du CNRS. En 1977, l\u2019Institut d\u2019\u00c9tudes Occitanes en publia la seconde \u00e9dition. Louis Alibert (1884-1959) (en occitan Lo\u00eds [&hellip;]<\/p>\n","protected":false},"featured_media":50272,"template":"","meta":{"_acf_changed":false,"_genesis_hide_title":false,"_genesis_hide_breadcrumbs":false,"_genesis_hide_singular_image":false,"_genesis_hide_footer_widgets":false,"_genesis_custom_body_class":"","_genesis_custom_post_class":"","_genesis_layout":""},"product_brand":[],"product_cat":[7132,7138,7136],"product_tag":[],"class_list":{"0":"post-34369","1":"product","2":"type-product","3":"status-publish","4":"has-post-thumbnail","6":"product_cat-books","7":"product_cat-dictionaries-grammars-en","8":"product_cat-dictionaries-language-educational-en","9":"pa_auteur-alibert-lois-en","10":"pa_editeur-ieo-fr-en","11":"pa_langue-occitan-lengadocian-en","12":"pa_langue-occitan-francais-en","13":"entry","15":"first","16":"instock","17":"shipping-taxable","18":"purchasable","19":"product-type-simple"},"acf":[],"_links":{"self":[{"href":"https:\/\/www.libraria-occitana.org\/en\/wp-json\/wp\/v2\/product\/34369","targetHints":{"allow":["GET"]}}],"collection":[{"href":"https:\/\/www.libraria-occitana.org\/en\/wp-json\/wp\/v2\/product"}],"about":[{"href":"https:\/\/www.libraria-occitana.org\/en\/wp-json\/wp\/v2\/types\/product"}],"wp:featuredmedia":[{"embeddable":true,"href":"https:\/\/www.libraria-occitana.org\/en\/wp-json\/wp\/v2\/media\/50272"}],"wp:attachment":[{"href":"https:\/\/www.libraria-occitana.org\/en\/wp-json\/wp\/v2\/media?parent=34369"}],"wp:term":[{"taxonomy":"product_brand","embeddable":true,"href":"https:\/\/www.libraria-occitana.org\/en\/wp-json\/wp\/v2\/product_brand?post=34369"},{"taxonomy":"product_cat","embeddable":true,"href":"https:\/\/www.libraria-occitana.org\/en\/wp-json\/wp\/v2\/product_cat?post=34369"},{"taxonomy":"product_tag","embeddable":true,"href":"https:\/\/www.libraria-occitana.org\/en\/wp-json\/wp\/v2\/product_tag?post=34369"}],"curies":[{"name":"wp","href":"https:\/\/api.w.org\/{rel}","templated":true}]}}