{"id":34373,"date":"1998-05-26T14:55:55","date_gmt":"1998-05-26T12:55:55","guid":{"rendered":"http:\/\/www.libraria-occitana.org\/?post_type=product&#038;p=34373\/"},"modified":"2026-04-25T23:56:39","modified_gmt":"2026-04-25T21:56:39","slug":"dictionnaire-francais-nord-occitan-nord-du-vivarais-et-du-velay","status":"publish","type":"product","link":"https:\/\/www.libraria-occitana.org\/en\/product\/dictionnaire-francais-nord-occitan-nord-du-vivarais-et-du-velay\/","title":{"rendered":"Dictionnaire fran\u00e7ais-nord-occitan : nord du Vivarais et du Velay"},"content":{"rendered":"<p>Ce dictionnaire recense les mots du tr\u00e8s riche parler de l\u2019Occitanie la plus septentrionale.<\/p>\n<p>\u00ab J\u2019ai voulu travailler au maintien et \u00e0 la diffusion de notre premi\u00e8re langue maternelle, compr\u00e9hensible par l\u2019ensemble du monde m\u00e9diterran\u00e9en entre Die et P\u00e9rigueux ! \u00bb<\/p>\n<p>\u00ab L\u2019occitan n\u2019est pas seulement une langue utilitaire, \u00e0 des fins pratiques ou mat\u00e9rielles. Il exprime toutes les r\u00e9alit\u00e9s de la vie, du c\u0153ur humain, du comportement social et du monde moderne. Langue imag\u00e9e, elle est ouverte \u00e0 la po\u00e9sie et \u00e0 une philosophie vivante. \u00bb<\/p>\n<p>Ce dictionnaire recense les mots du tr\u00e8s riche parler de l\u2019Occitanie la plus septentrionale, tel qu\u2019on l\u2019entend en Ard\u00e8che et en Haute-Loire. Les lecteurs et les locuteurs du sud y d\u00e9couvriront toutefois l\u2019unit\u00e9 profonde de la culture occitane, d\u2019une m\u00eame langue non pas d\u00e9form\u00e9e mais diversifi\u00e9e par le jeu de l\u2019\u00e9volution et des fluctuations naturelles.<\/p>\n<p>C\u2019est pour tous que ce dictionnaire a \u00e9t\u00e9 \u00e9crit, chacun y trouvera son miel.<\/p>\n","protected":false},"excerpt":{"rendered":"<p>Ce dictionnaire recense les mots du tr\u00e8s riche parler de l\u2019Occitanie la plus septentrionale. \u00ab J\u2019ai voulu travailler au maintien et \u00e0 la diffusion de notre premi\u00e8re langue maternelle, compr\u00e9hensible par l\u2019ensemble du monde m\u00e9diterran\u00e9en entre Die et P\u00e9rigueux ! \u00bb \u00ab L\u2019occitan n\u2019est pas seulement une langue utilitaire, \u00e0 des fins pratiques ou mat\u00e9rielles. [&hellip;]<\/p>\n","protected":false},"featured_media":55899,"template":"","meta":{"_acf_changed":false,"_genesis_hide_title":false,"_genesis_hide_breadcrumbs":false,"_genesis_hide_singular_image":false,"_genesis_hide_footer_widgets":false,"_genesis_custom_body_class":"","_genesis_custom_post_class":"","_genesis_layout":""},"product_brand":[],"product_cat":[7132,7138,7136],"product_tag":[],"class_list":{"0":"post-34373","1":"product","2":"type-product","3":"status-publish","4":"has-post-thumbnail","6":"product_cat-books","7":"product_cat-dictionaries-grammars-en","8":"product_cat-dictionaries-language-educational-en","9":"pa_auteur-dufaud-joannes-en","10":"pa_editeur-jean-pierre-huguet-en","11":"pa_langue-occitan-vivaroaupenc-en","12":"pa_langue-occitan-francais-en","13":"entry","15":"first","16":"outofstock","17":"shipping-taxable","18":"purchasable","19":"product-type-simple"},"acf":[],"_links":{"self":[{"href":"https:\/\/www.libraria-occitana.org\/en\/wp-json\/wp\/v2\/product\/34373","targetHints":{"allow":["GET"]}}],"collection":[{"href":"https:\/\/www.libraria-occitana.org\/en\/wp-json\/wp\/v2\/product"}],"about":[{"href":"https:\/\/www.libraria-occitana.org\/en\/wp-json\/wp\/v2\/types\/product"}],"wp:featuredmedia":[{"embeddable":true,"href":"https:\/\/www.libraria-occitana.org\/en\/wp-json\/wp\/v2\/media\/55899"}],"wp:attachment":[{"href":"https:\/\/www.libraria-occitana.org\/en\/wp-json\/wp\/v2\/media?parent=34373"}],"wp:term":[{"taxonomy":"product_brand","embeddable":true,"href":"https:\/\/www.libraria-occitana.org\/en\/wp-json\/wp\/v2\/product_brand?post=34373"},{"taxonomy":"product_cat","embeddable":true,"href":"https:\/\/www.libraria-occitana.org\/en\/wp-json\/wp\/v2\/product_cat?post=34373"},{"taxonomy":"product_tag","embeddable":true,"href":"https:\/\/www.libraria-occitana.org\/en\/wp-json\/wp\/v2\/product_tag?post=34373"}],"curies":[{"name":"wp","href":"https:\/\/api.w.org\/{rel}","templated":true}]}}