{"id":34383,"date":"1991-09-23T12:18:18","date_gmt":"1991-09-23T10:18:18","guid":{"rendered":"http:\/\/www.libraria-occitana.org\/?post_type=product&#038;p=34383\/"},"modified":"2026-04-29T06:11:24","modified_gmt":"2026-04-29T04:11:24","slug":"diccionari-frances-occitan-segon-lo-lengadocian-tome-i-letras-a-b","status":"publish","type":"product","link":"https:\/\/www.libraria-occitana.org\/en\/product\/diccionari-frances-occitan-segon-lo-lengadocian-tome-i-letras-a-b\/","title":{"rendered":"Diccionari franc\u00e9s\/occitan segon lo lengadocian T\u00f2me I Letras A-B"},"content":{"rendered":"<p><span style=\"color: #ff0000;\">[oc] Mens char (vielha edicion, libre passat) \u2013 [fr] Prix r\u00e9duit (vieille \u00e9dition, livre d\u00e9fra\u00eechi) \u2013 [en] Discount price (early edition, worn book)<\/span><\/p>\n<p>L\u2019\u0153uvre d\u2019une vie, ce dictionnaire fran\u00e7ais-occitan selon le parler languedocien pr\u00e9sente un vocabulaire exceptionnel, enrichi de citations de l\u2019auteur ou extraites de la litt\u00e9rature occitane, et d\u2019expressions idiomatiques.<\/p>\n","protected":false},"excerpt":{"rendered":"<p>[oc] Mens char (vielha edicion, libre passat) \u2013 [fr] Prix r\u00e9duit (vieille \u00e9dition, livre d\u00e9fra\u00eechi) \u2013 [en] Discount price (early edition, worn book) L\u2019\u0153uvre d\u2019une vie, ce dictionnaire fran\u00e7ais-occitan selon le parler languedocien pr\u00e9sente un vocabulaire exceptionnel, enrichi de citations de l\u2019auteur ou extraites de la litt\u00e9rature occitane, et d\u2019expressions idiomatiques.<\/p>\n","protected":false},"featured_media":48381,"template":"","meta":{"_acf_changed":false,"_genesis_hide_title":false,"_genesis_hide_breadcrumbs":false,"_genesis_hide_singular_image":false,"_genesis_hide_footer_widgets":false,"_genesis_custom_body_class":"","_genesis_custom_post_class":"","_genesis_layout":""},"product_brand":[],"product_cat":[7132,7138,7136,7238],"product_tag":[],"class_list":{"0":"post-34383","1":"product","2":"type-product","3":"status-publish","4":"has-post-thumbnail","6":"product_cat-books","7":"product_cat-dictionaries-grammars-en","8":"product_cat-dictionaries-language-educational-en","9":"product_cat-promotions-en","10":"pa_auteur-rapin-cristian-en","11":"pa_editeur-ieo-fr-en","12":"pa_langue-occitan-lengadocian-en","13":"pa_langue-occitan-francais-en","14":"entry","16":"first","17":"instock","18":"sale","19":"sold-individually","20":"shipping-taxable","21":"purchasable","22":"product-type-simple"},"acf":[],"_links":{"self":[{"href":"https:\/\/www.libraria-occitana.org\/en\/wp-json\/wp\/v2\/product\/34383","targetHints":{"allow":["GET"]}}],"collection":[{"href":"https:\/\/www.libraria-occitana.org\/en\/wp-json\/wp\/v2\/product"}],"about":[{"href":"https:\/\/www.libraria-occitana.org\/en\/wp-json\/wp\/v2\/types\/product"}],"wp:featuredmedia":[{"embeddable":true,"href":"https:\/\/www.libraria-occitana.org\/en\/wp-json\/wp\/v2\/media\/48381"}],"wp:attachment":[{"href":"https:\/\/www.libraria-occitana.org\/en\/wp-json\/wp\/v2\/media?parent=34383"}],"wp:term":[{"taxonomy":"product_brand","embeddable":true,"href":"https:\/\/www.libraria-occitana.org\/en\/wp-json\/wp\/v2\/product_brand?post=34383"},{"taxonomy":"product_cat","embeddable":true,"href":"https:\/\/www.libraria-occitana.org\/en\/wp-json\/wp\/v2\/product_cat?post=34383"},{"taxonomy":"product_tag","embeddable":true,"href":"https:\/\/www.libraria-occitana.org\/en\/wp-json\/wp\/v2\/product_tag?post=34383"}],"curies":[{"name":"wp","href":"https:\/\/api.w.org\/{rel}","templated":true}]}}