{"id":34411,"date":"2004-04-24T18:30:37","date_gmt":"2004-04-24T16:30:37","guid":{"rendered":"http:\/\/www.libraria-occitana.org\/?post_type=product&#038;p=34411\/"},"modified":"2026-04-29T11:05:37","modified_gmt":"2026-04-29T09:05:37","slug":"des-mots-a-la-phrase-occitane-complement-a-loccitan-nord-vivarais","status":"publish","type":"product","link":"https:\/\/www.libraria-occitana.org\/en\/product\/des-mots-a-la-phrase-occitane-complement-a-loccitan-nord-vivarais\/","title":{"rendered":"Des mots \u00e0 la phrase occitane : compl\u00e9ment \u00e0 l&#8217;occitan nord-vivarais"},"content":{"rendered":"<p>Joann\u00e8s Dufaud nous livre une nouvelle r\u00e9colte de mots. Elle fait suite \u00e0 celles de ses deux pr\u00e9c\u00e9dents ouvrages, <em>L&#8217;Occitan nord-vivarais<\/em> et le <em>Dictionnaire fran\u00e7ais-nord-occitan<\/em> et les compl\u00e8te.<\/p>\n","protected":false},"excerpt":{"rendered":"<p>Joann\u00e8s Dufaud nous livre une nouvelle r\u00e9colte de mots. Elle fait suite \u00e0 celles de ses deux pr\u00e9c\u00e9dents ouvrages, L&#8217;Occitan nord-vivarais et le Dictionnaire fran\u00e7ais-nord-occitan et les compl\u00e8te.<\/p>\n","protected":false},"featured_media":61975,"template":"","meta":{"_acf_changed":false,"_genesis_hide_title":false,"_genesis_hide_breadcrumbs":false,"_genesis_hide_singular_image":false,"_genesis_hide_footer_widgets":false,"_genesis_custom_body_class":"","_genesis_custom_post_class":"","_genesis_layout":""},"product_brand":[],"product_cat":[7132,7138,7136,7146],"product_tag":[],"class_list":{"0":"post-34411","1":"product","2":"type-product","3":"status-publish","4":"has-post-thumbnail","6":"product_cat-books","7":"product_cat-dictionaries-grammars-en","8":"product_cat-dictionaries-language-educational-en","9":"product_cat-vocabulary-idioms-en","10":"pa_auteur-dufaud-joannes-en","11":"pa_editeur-parlarem-en-vivares-en","12":"pa_langue-occitan-vivaroaupenc-en","13":"pa_langue-occitan-francais-en","14":"entry","16":"first","17":"instock","18":"sold-individually","19":"shipping-taxable","20":"purchasable","21":"product-type-simple"},"acf":[],"_links":{"self":[{"href":"https:\/\/www.libraria-occitana.org\/en\/wp-json\/wp\/v2\/product\/34411","targetHints":{"allow":["GET"]}}],"collection":[{"href":"https:\/\/www.libraria-occitana.org\/en\/wp-json\/wp\/v2\/product"}],"about":[{"href":"https:\/\/www.libraria-occitana.org\/en\/wp-json\/wp\/v2\/types\/product"}],"wp:featuredmedia":[{"embeddable":true,"href":"https:\/\/www.libraria-occitana.org\/en\/wp-json\/wp\/v2\/media\/61975"}],"wp:attachment":[{"href":"https:\/\/www.libraria-occitana.org\/en\/wp-json\/wp\/v2\/media?parent=34411"}],"wp:term":[{"taxonomy":"product_brand","embeddable":true,"href":"https:\/\/www.libraria-occitana.org\/en\/wp-json\/wp\/v2\/product_brand?post=34411"},{"taxonomy":"product_cat","embeddable":true,"href":"https:\/\/www.libraria-occitana.org\/en\/wp-json\/wp\/v2\/product_cat?post=34411"},{"taxonomy":"product_tag","embeddable":true,"href":"https:\/\/www.libraria-occitana.org\/en\/wp-json\/wp\/v2\/product_tag?post=34411"}],"curies":[{"name":"wp","href":"https:\/\/api.w.org\/{rel}","templated":true}]}}