{"id":34441,"date":"2008-03-18T12:04:06","date_gmt":"2008-03-18T11:04:06","guid":{"rendered":"http:\/\/www.libraria-occitana.org\/?post_type=product&#038;p=34441\/"},"modified":"2026-04-29T06:36:13","modified_gmt":"2026-04-29T04:36:13","slug":"daici-mil-ans-de-lutz-a-mille-annees-lumiere","status":"publish","type":"product","link":"https:\/\/www.libraria-occitana.org\/en\/product\/daici-mil-ans-de-lutz-a-mille-annees-lumiere\/","title":{"rendered":"D&#8217;aic\u00ed mil ans de lutz &#8211; \u00c0 mille ann\u00e9es-lumi\u00e8re"},"content":{"rendered":"<p><em>D\u2019aic\u00ed mil ans de lutz<\/em>, tout en renouant avec la parole po\u00e9tique des pr\u00e9c\u00e9dents recueils de Max Rouquette, donne une ampleur plus grande encore \u00e0 cette parole unique. On trouve peut-\u00eatre dans ce livre, dont la couverture est illustr\u00e9e d\u2019un dessin de l\u2019auteur, quelque chose comme le c\u0153ur le plus secret de l\u2019\u0153uvre tout enti\u00e8re : une quintessence du chant, \u00e0 laquelle la version originale occitane comme la traduction fran\u00e7aise permettent, par des chemins parall\u00e8les, d\u2019acc\u00e9der.<\/p>\n<p>Cette nouvelle \u00e9dition r\u00e9unit 45 po\u00e8mes, un de plus que dans l\u2019\u00e9dition originale o\u00f9 ne figurait pas la pi\u00e8ce \u00e9ponyme.<\/p>\n","protected":false},"excerpt":{"rendered":"<p>D\u2019aic\u00ed mil ans de lutz, tout en renouant avec la parole po\u00e9tique des pr\u00e9c\u00e9dents recueils de Max Rouquette, donne une ampleur plus grande encore \u00e0 cette parole unique. On trouve peut-\u00eatre dans ce livre, dont la couverture est illustr\u00e9e d\u2019un dessin de l\u2019auteur, quelque chose comme le c\u0153ur le plus secret de l\u2019\u0153uvre tout enti\u00e8re [&hellip;]<\/p>\n","protected":false},"featured_media":62061,"template":"","meta":{"_acf_changed":false,"_genesis_hide_title":false,"_genesis_hide_breadcrumbs":false,"_genesis_hide_singular_image":false,"_genesis_hide_footer_widgets":false,"_genesis_custom_body_class":"","_genesis_custom_post_class":"","_genesis_layout":""},"product_brand":[],"product_cat":[7132,7174,7180],"product_tag":[],"class_list":{"0":"post-34441","1":"product","2":"type-product","3":"status-publish","4":"has-post-thumbnail","6":"product_cat-books","7":"product_cat-literature-en","8":"product_cat-poetry-en","9":"pa_auteur-roqueta-max-en","10":"pa_editeur-jorn-en","11":"pa_langue-occitan-lengadocian-en","12":"pa_langue-occitan-francais-en","13":"entry","15":"first","16":"outofstock","17":"shipping-taxable","18":"purchasable","19":"product-type-simple"},"acf":[],"_links":{"self":[{"href":"https:\/\/www.libraria-occitana.org\/en\/wp-json\/wp\/v2\/product\/34441","targetHints":{"allow":["GET"]}}],"collection":[{"href":"https:\/\/www.libraria-occitana.org\/en\/wp-json\/wp\/v2\/product"}],"about":[{"href":"https:\/\/www.libraria-occitana.org\/en\/wp-json\/wp\/v2\/types\/product"}],"wp:featuredmedia":[{"embeddable":true,"href":"https:\/\/www.libraria-occitana.org\/en\/wp-json\/wp\/v2\/media\/62061"}],"wp:attachment":[{"href":"https:\/\/www.libraria-occitana.org\/en\/wp-json\/wp\/v2\/media?parent=34441"}],"wp:term":[{"taxonomy":"product_brand","embeddable":true,"href":"https:\/\/www.libraria-occitana.org\/en\/wp-json\/wp\/v2\/product_brand?post=34441"},{"taxonomy":"product_cat","embeddable":true,"href":"https:\/\/www.libraria-occitana.org\/en\/wp-json\/wp\/v2\/product_cat?post=34441"},{"taxonomy":"product_tag","embeddable":true,"href":"https:\/\/www.libraria-occitana.org\/en\/wp-json\/wp\/v2\/product_tag?post=34441"}],"curies":[{"name":"wp","href":"https:\/\/api.w.org\/{rel}","templated":true}]}}