{"id":34449,"date":"1999-02-04T15:25:39","date_gmt":"1999-02-04T14:25:39","guid":{"rendered":"http:\/\/www.libraria-occitana.org\/?post_type=product&#038;p=34449\/"},"modified":"2026-04-17T21:41:31","modified_gmt":"2026-04-17T19:41:31","slug":"cuisine-fetes-traditionnelles-en-limousin","status":"publish","type":"product","link":"https:\/\/www.libraria-occitana.org\/en\/product\/cuisine-fetes-traditionnelles-en-limousin\/","title":{"rendered":"Cuisine &#038; f\u00eates traditionnelles en Limousin"},"content":{"rendered":"<p>Pour mieux comprendre ce qu\u2019est la v\u00e9ritable sp\u00e9cificit\u00e9 de la gastronomie limousine, cet ouvrage se propose, \u00e0 travers diff\u00e9rents \u00e9clairages \u2013 ethnologie, histoire, sociologie, philosophie parfois \u2013 d\u2019\u00e9voquer la population limousine dans son quotidien, de p\u00e9n\u00e9trer ses villages ou ses quartiers afin d\u2019y glaner odeurs, saveurs et recettes du terroir : celles de la <em>br\u00e9jeaude<\/em>, des pommes de terre fricass\u00e9es, des terrines de ch\u00e2taignes, du pot-au feu corr\u00e9zien, du b\u0153uf limousin, du <em>millassou<\/em> aux pommes\u2026<\/p>\n","protected":false},"excerpt":{"rendered":"<p>Pour mieux comprendre ce qu\u2019est la v\u00e9ritable sp\u00e9cificit\u00e9 de la gastronomie limousine, cet ouvrage se propose, \u00e0 travers diff\u00e9rents \u00e9clairages \u2013 ethnologie, histoire, sociologie, philosophie parfois \u2013 d\u2019\u00e9voquer la population limousine dans son quotidien, de p\u00e9n\u00e9trer ses villages ou ses quartiers afin d\u2019y glaner odeurs, saveurs et recettes du terroir : celles de la br\u00e9jeaude, [&hellip;]<\/p>\n","protected":false},"featured_media":45571,"template":"","meta":{"_acf_changed":false,"_genesis_hide_title":false,"_genesis_hide_breadcrumbs":false,"_genesis_hide_singular_image":false,"_genesis_hide_footer_widgets":false,"_genesis_custom_body_class":"","_genesis_custom_post_class":"","_genesis_layout":""},"product_brand":[],"product_cat":[7132,7210,7206],"product_tag":[],"class_list":{"0":"post-34449","1":"product","2":"type-product","3":"status-publish","4":"has-post-thumbnail","6":"product_cat-books","7":"product_cat-cooking-cuisine-en","8":"product_cat-traditions-heritage-en","9":"pa_auteur-beaubatie-yannick-en","10":"pa_editeur-edisud-en","11":"pa_langue-francais-en","12":"entry","14":"first","15":"outofstock","16":"sold-individually","17":"shipping-taxable","18":"purchasable","19":"product-type-simple"},"acf":[],"_links":{"self":[{"href":"https:\/\/www.libraria-occitana.org\/en\/wp-json\/wp\/v2\/product\/34449","targetHints":{"allow":["GET"]}}],"collection":[{"href":"https:\/\/www.libraria-occitana.org\/en\/wp-json\/wp\/v2\/product"}],"about":[{"href":"https:\/\/www.libraria-occitana.org\/en\/wp-json\/wp\/v2\/types\/product"}],"wp:featuredmedia":[{"embeddable":true,"href":"https:\/\/www.libraria-occitana.org\/en\/wp-json\/wp\/v2\/media\/45571"}],"wp:attachment":[{"href":"https:\/\/www.libraria-occitana.org\/en\/wp-json\/wp\/v2\/media?parent=34449"}],"wp:term":[{"taxonomy":"product_brand","embeddable":true,"href":"https:\/\/www.libraria-occitana.org\/en\/wp-json\/wp\/v2\/product_brand?post=34449"},{"taxonomy":"product_cat","embeddable":true,"href":"https:\/\/www.libraria-occitana.org\/en\/wp-json\/wp\/v2\/product_cat?post=34449"},{"taxonomy":"product_tag","embeddable":true,"href":"https:\/\/www.libraria-occitana.org\/en\/wp-json\/wp\/v2\/product_tag?post=34449"}],"curies":[{"name":"wp","href":"https:\/\/api.w.org\/{rel}","templated":true}]}}