{"id":34473,"date":"2017-09-06T19:14:37","date_gmt":"2022-04-06T17:29:31","guid":{"rendered":"http:\/\/www.libraria-occitana.org\/?post_type=product&#038;p=34473\/"},"modified":"2022-04-06T19:29:31","modified_gmt":"2022-04-06T17:29:31","slug":"correze-encyclopedie-bonneton-2","status":"publish","type":"product","link":"https:\/\/www.libraria-occitana.org\/en\/product\/correze-encyclopedie-bonneton-2\/","title":{"rendered":"Corr\u00e8ze : Encyclop\u00e9die Bonneton"},"content":{"rendered":"<p>Au midi du Limousin, la Corr\u00e8ze, mosa\u00efque de pays, s\u00e9duit par la richesse de son patrimoine, la diversit\u00e9 de ses paysages et l&#8217;authenticit\u00e9 d&#8217;une personnalit\u00e9 attachante.<br \/>\nCorr\u00e8ze des forteresses et des abbatiales, des gabariers et des ardoisi\u00e8res, des dentelles et des accord\u00e9ons.<br \/>\nCorr\u00e8ze qui a vu na\u00eetre et composer les troubadours les plus prestigieux et qui foisonne encore de talents litt\u00e9raires en langue fran\u00e7aise ou occitane.<br \/>\nCorr\u00e8ze, pays vert, dont les pierres se teintent tour \u00e0 tour d&#8217;ors et de rouges qui r\u00e9chauffent le c\u0153ur.<br \/>\nCorr\u00e8ze en pleine mutation \u00e9conomique : les productions labellis\u00e9es participent \u00e0 la renomm\u00e9e des lieux, l&#8217;industrie se transforme et se maintient, et toute une \u00e9conomie de service se met en place autour du tourisme vert et de ce lieu de passage forg\u00e9 par le croisement des autoroutes A20 et A89.<br \/>\nLa Corr\u00e8ze bouge, ce livre atteste du dynamisme des Corr\u00e9ziens.<\/p>\n<p>Avec Jean Boutier, Michel Cassan, Fran\u00e7ois Delooz, Martine Chavent, Miqu\u00e8la Stenta, Michel Peyramaure, \u00c9ric Rouvellac.<\/p>\n","protected":false},"excerpt":{"rendered":"<p>Au midi du Limousin, la Corr\u00e8ze, mosa\u00efque de pays, s\u00e9duit par la richesse de son patrimoine, la diversit\u00e9 de ses paysages et l&#8217;authenticit\u00e9 d&#8217;une personnalit\u00e9 attachante. Corr\u00e8ze des forteresses et des abbatiales, des gabariers et des ardoisi\u00e8res, des dentelles et des accord\u00e9ons. Corr\u00e8ze qui a vu na\u00eetre et composer les troubadours les plus prestigieux et [&hellip;]<\/p>\n","protected":false},"featured_media":56194,"template":"","meta":{"_acf_changed":false,"_genesis_hide_title":false,"_genesis_hide_breadcrumbs":false,"_genesis_hide_singular_image":false,"_genesis_hide_footer_widgets":false,"_genesis_custom_body_class":"","_genesis_custom_post_class":"","_genesis_layout":""},"product_brand":[],"product_cat":[13845],"product_tag":[],"class_list":{"0":"post-34473","1":"product","2":"type-product","3":"status-publish","4":"has-post-thumbnail","6":"product_cat-uncategorized","7":"entry","9":"first","10":"outofstock","11":"shipping-taxable","12":"purchasable","13":"product-type-simple"},"acf":[],"_links":{"self":[{"href":"https:\/\/www.libraria-occitana.org\/en\/wp-json\/wp\/v2\/product\/34473","targetHints":{"allow":["GET"]}}],"collection":[{"href":"https:\/\/www.libraria-occitana.org\/en\/wp-json\/wp\/v2\/product"}],"about":[{"href":"https:\/\/www.libraria-occitana.org\/en\/wp-json\/wp\/v2\/types\/product"}],"wp:featuredmedia":[{"embeddable":true,"href":"https:\/\/www.libraria-occitana.org\/en\/wp-json\/wp\/v2\/media\/56194"}],"wp:attachment":[{"href":"https:\/\/www.libraria-occitana.org\/en\/wp-json\/wp\/v2\/media?parent=34473"}],"wp:term":[{"taxonomy":"product_brand","embeddable":true,"href":"https:\/\/www.libraria-occitana.org\/en\/wp-json\/wp\/v2\/product_brand?post=34473"},{"taxonomy":"product_cat","embeddable":true,"href":"https:\/\/www.libraria-occitana.org\/en\/wp-json\/wp\/v2\/product_cat?post=34473"},{"taxonomy":"product_tag","embeddable":true,"href":"https:\/\/www.libraria-occitana.org\/en\/wp-json\/wp\/v2\/product_tag?post=34473"}],"curies":[{"name":"wp","href":"https:\/\/api.w.org\/{rel}","templated":true}]}}