{"id":34533,"date":"2012-02-16T15:44:06","date_gmt":"2012-02-16T14:44:06","guid":{"rendered":"http:\/\/www.libraria-occitana.org\/?post_type=product&#038;p=34533\/"},"modified":"2026-04-29T06:31:09","modified_gmt":"2026-04-29T04:31:09","slug":"color-femna-couleur-femme-florilegi-occitan-libre-cd","status":"publish","type":"product","link":"https:\/\/www.libraria-occitana.org\/en\/product\/color-femna-couleur-femme-florilegi-occitan-libre-cd\/","title":{"rendered":"Color femna &#8211; Couleur femme : Floril\u00e8gi occitan (libre + CD)"},"content":{"rendered":"<p>Floril\u00e8ge original de quarante-trois po\u00e8mes occitans portant les couleurs de l&#8217;\u00e9criture f\u00e9minine des <em>trobairitz<\/em> \u00e0 nos jours.<\/p>\n<p>\u00c9dition bilingue de tous les textes dans le livret.<\/p>\n","protected":false},"excerpt":{"rendered":"<p>Floril\u00e8ge original de quarante-trois po\u00e8mes occitans portant les couleurs de l&#8217;\u00e9criture f\u00e9minine des trobairitz \u00e0 nos jours. \u00c9dition bilingue de tous les textes dans le livret.<\/p>\n","protected":false},"featured_media":54326,"template":"","meta":{"_acf_changed":false,"_genesis_hide_title":false,"_genesis_hide_breadcrumbs":false,"_genesis_hide_singular_image":false,"_genesis_hide_footer_widgets":false,"_genesis_custom_body_class":"","_genesis_custom_post_class":"","_genesis_layout":""},"product_brand":[],"product_cat":[7132,7174,7180],"product_tag":[],"class_list":{"0":"post-34533","1":"product","2":"type-product","3":"status-publish","4":"has-post-thumbnail","6":"product_cat-books","7":"product_cat-literature-en","8":"product_cat-poetry-en","9":"pa_auteur-collectiu-en-2","10":"pa_editeur-crdp-montpellier-fr-en","11":"pa_langue-occitan-auvernhat-en","12":"pa_langue-occitan-lemosin-en","13":"pa_langue-occitan-lengadocian-en","14":"pa_langue-occitan-provencau-en","15":"pa_langue-occitan-vivaroaupenc-en","16":"pa_langue-occitan-francais-en","17":"entry","19":"first","20":"outofstock","21":"shipping-taxable","22":"purchasable","23":"product-type-simple"},"acf":[],"_links":{"self":[{"href":"https:\/\/www.libraria-occitana.org\/en\/wp-json\/wp\/v2\/product\/34533","targetHints":{"allow":["GET"]}}],"collection":[{"href":"https:\/\/www.libraria-occitana.org\/en\/wp-json\/wp\/v2\/product"}],"about":[{"href":"https:\/\/www.libraria-occitana.org\/en\/wp-json\/wp\/v2\/types\/product"}],"wp:featuredmedia":[{"embeddable":true,"href":"https:\/\/www.libraria-occitana.org\/en\/wp-json\/wp\/v2\/media\/54326"}],"wp:attachment":[{"href":"https:\/\/www.libraria-occitana.org\/en\/wp-json\/wp\/v2\/media?parent=34533"}],"wp:term":[{"taxonomy":"product_brand","embeddable":true,"href":"https:\/\/www.libraria-occitana.org\/en\/wp-json\/wp\/v2\/product_brand?post=34533"},{"taxonomy":"product_cat","embeddable":true,"href":"https:\/\/www.libraria-occitana.org\/en\/wp-json\/wp\/v2\/product_cat?post=34533"},{"taxonomy":"product_tag","embeddable":true,"href":"https:\/\/www.libraria-occitana.org\/en\/wp-json\/wp\/v2\/product_tag?post=34533"}],"curies":[{"name":"wp","href":"https:\/\/api.w.org\/{rel}","templated":true}]}}