{"id":34556,"date":"2001-10-25T17:14:58","date_gmt":"2001-10-25T15:14:58","guid":{"rendered":"http:\/\/www.libraria-occitana.org\/?post_type=product&#038;p=34556\/"},"modified":"2026-04-29T01:21:32","modified_gmt":"2026-04-28T23:21:32","slug":"chansons-damour-de-bernart-de-ventadorn-edition-critique","status":"publish","type":"product","link":"https:\/\/www.libraria-occitana.org\/en\/product\/chansons-damour-de-bernart-de-ventadorn-edition-critique\/","title":{"rendered":"Chansons d&#8217;amour de Bernart de Ventadorn : \u00c9dition critique"},"content":{"rendered":"<p>\u00ab Certes, il reprend des motifs qui, de son temps d\u00e9j\u00e0, \u00e9taient devenus des topiques de la po\u00e9sie amoureuse : le printemps et la naissance de l&#8217;amour, le mal d&#8217;amour consid\u00e9r\u00e9 comme le plus grand bien, le secret amoureux, la beaut\u00e9 parfaite et divine de la dame, la haine des <em>lauzengiers<\/em> (&#8230;) Mais Bernard d\u00e9passe la tradition po\u00e9tique de ses devanciers et contemporains et infuse aux th\u00e8mes de la <em>fin&#8217; amor<\/em> une intensit\u00e9 \u00e9motionnelle rarement \u00e9gal\u00e9e au Moyen-\u00c2ge. \u00bb<\/p>\n<p style=\"text-align: right;\">Mosh\u00e9 Lazar<\/p>\n<p>\u00c9dition critique avec traduction, introduction, notes et et glossaire par Mosh\u00e9 Lazar, Universit\u00e9 H\u00e9bra\u00efque de J\u00e9rusalem.<br \/>\nAvant d&#8217;entrer&#8230; par Luc de Goustine.<br \/>\nPr\u00e9-texte par Genevi\u00e8ve Brunel-Lobrichon, Universit\u00e9 de Paris Sorbonne.<\/p>\n","protected":false},"excerpt":{"rendered":"<p>\u00ab Certes, il reprend des motifs qui, de son temps d\u00e9j\u00e0, \u00e9taient devenus des topiques de la po\u00e9sie amoureuse : le printemps et la naissance de l&#8217;amour, le mal d&#8217;amour consid\u00e9r\u00e9 comme le plus grand bien, le secret amoureux, la beaut\u00e9 parfaite et divine de la dame, la haine des lauzengiers (&#8230;) Mais Bernard d\u00e9passe [&hellip;]<\/p>\n","protected":false},"featured_media":37236,"template":"","meta":{"_acf_changed":false,"_genesis_hide_title":false,"_genesis_hide_breadcrumbs":false,"_genesis_hide_singular_image":false,"_genesis_hide_footer_widgets":false,"_genesis_custom_body_class":"","_genesis_custom_post_class":"","_genesis_layout":""},"product_brand":[],"product_cat":[7188,7132,7174],"product_tag":[],"class_list":{"0":"post-34556","1":"product","2":"type-product","3":"status-publish","4":"has-post-thumbnail","6":"product_cat-arts-studies-en","7":"product_cat-books","8":"product_cat-literature-en","9":"pa_auteur-lazar-moshe-en","10":"pa_auteur-ventadorn-bernart-de-ventadour-bernard-de-en","11":"pa_editeur-carrefour-ventadour-fr-en","12":"pa_langue-occitan-medievau-en","13":"pa_langue-occitan-francais-en","14":"entry","16":"first","17":"instock","18":"shipping-taxable","19":"purchasable","20":"product-type-simple"},"acf":[],"_links":{"self":[{"href":"https:\/\/www.libraria-occitana.org\/en\/wp-json\/wp\/v2\/product\/34556","targetHints":{"allow":["GET"]}}],"collection":[{"href":"https:\/\/www.libraria-occitana.org\/en\/wp-json\/wp\/v2\/product"}],"about":[{"href":"https:\/\/www.libraria-occitana.org\/en\/wp-json\/wp\/v2\/types\/product"}],"wp:featuredmedia":[{"embeddable":true,"href":"https:\/\/www.libraria-occitana.org\/en\/wp-json\/wp\/v2\/media\/37236"}],"wp:attachment":[{"href":"https:\/\/www.libraria-occitana.org\/en\/wp-json\/wp\/v2\/media?parent=34556"}],"wp:term":[{"taxonomy":"product_brand","embeddable":true,"href":"https:\/\/www.libraria-occitana.org\/en\/wp-json\/wp\/v2\/product_brand?post=34556"},{"taxonomy":"product_cat","embeddable":true,"href":"https:\/\/www.libraria-occitana.org\/en\/wp-json\/wp\/v2\/product_cat?post=34556"},{"taxonomy":"product_tag","embeddable":true,"href":"https:\/\/www.libraria-occitana.org\/en\/wp-json\/wp\/v2\/product_tag?post=34556"}],"curies":[{"name":"wp","href":"https:\/\/api.w.org\/{rel}","templated":true}]}}