{"id":34566,"date":"2005-04-23T21:20:01","date_gmt":"2005-04-23T19:20:01","guid":{"rendered":"http:\/\/www.libraria-occitana.org\/?post_type=product&#038;p=34566\/"},"modified":"2026-04-27T06:11:40","modified_gmt":"2026-04-27T04:11:40","slug":"champeiradas","status":"publish","type":"product","link":"https:\/\/www.libraria-occitana.org\/en\/product\/champeiradas\/","title":{"rendered":"Champeiradas"},"content":{"rendered":"<p>Ces nouvelles, qui vont deux par deux, nous parlent de ces langues oubli\u00e9es qui font la richesse du monde o\u00f9 nous essayons de vivre. Des nouvelles o\u00f9 les langues sont en premier lieu \u00ab le bien de ceux qui les parlent \u00bb. Un voyage humain au c\u0153ur de la diversit\u00e9 culturelle d&#8217;Europe.<\/p>\n<p>&nbsp;<\/p>\n","protected":false},"excerpt":{"rendered":"<p>Ces nouvelles, qui vont deux par deux, nous parlent de ces langues oubli\u00e9es qui font la richesse du monde o\u00f9 nous essayons de vivre. Des nouvelles o\u00f9 les langues sont en premier lieu \u00ab le bien de ceux qui les parlent \u00bb. Un voyage humain au c\u0153ur de la diversit\u00e9 culturelle d&#8217;Europe. &nbsp;<\/p>\n","protected":false},"featured_media":42869,"template":"","meta":{"_acf_changed":false,"_genesis_hide_title":false,"_genesis_hide_breadcrumbs":false,"_genesis_hide_singular_image":false,"_genesis_hide_footer_widgets":false,"_genesis_custom_body_class":"","_genesis_custom_post_class":"","_genesis_layout":""},"product_brand":[],"product_cat":[7132,7174,7182],"product_tag":[],"class_list":{"0":"post-34566","1":"product","2":"type-product","3":"status-publish","4":"has-post-thumbnail","6":"product_cat-books","7":"product_cat-literature-en","8":"product_cat-novels-short-stories-en","9":"pa_auteur-ros-joan-auv-en","10":"pa_editeur-ieo-fr-en","11":"pa_langue-occitan-en","12":"pa_langue-occitan-auvernhat-en","13":"entry","15":"first","16":"instock","17":"shipping-taxable","18":"purchasable","19":"product-type-simple"},"acf":[],"_links":{"self":[{"href":"https:\/\/www.libraria-occitana.org\/en\/wp-json\/wp\/v2\/product\/34566","targetHints":{"allow":["GET"]}}],"collection":[{"href":"https:\/\/www.libraria-occitana.org\/en\/wp-json\/wp\/v2\/product"}],"about":[{"href":"https:\/\/www.libraria-occitana.org\/en\/wp-json\/wp\/v2\/types\/product"}],"wp:featuredmedia":[{"embeddable":true,"href":"https:\/\/www.libraria-occitana.org\/en\/wp-json\/wp\/v2\/media\/42869"}],"wp:attachment":[{"href":"https:\/\/www.libraria-occitana.org\/en\/wp-json\/wp\/v2\/media?parent=34566"}],"wp:term":[{"taxonomy":"product_brand","embeddable":true,"href":"https:\/\/www.libraria-occitana.org\/en\/wp-json\/wp\/v2\/product_brand?post=34566"},{"taxonomy":"product_cat","embeddable":true,"href":"https:\/\/www.libraria-occitana.org\/en\/wp-json\/wp\/v2\/product_cat?post=34566"},{"taxonomy":"product_tag","embeddable":true,"href":"https:\/\/www.libraria-occitana.org\/en\/wp-json\/wp\/v2\/product_tag?post=34566"}],"curies":[{"name":"wp","href":"https:\/\/api.w.org\/{rel}","templated":true}]}}