{"id":34579,"date":"2013-11-18T19:31:30","date_gmt":"2013-11-18T18:31:30","guid":{"rendered":"http:\/\/www.libraria-occitana.org\/?post_type=product&#038;p=34579\/"},"modified":"2026-04-10T19:46:57","modified_gmt":"2026-04-10T17:46:57","slug":"cathares-la-reconquete-1210-1125-dvd-libreton","status":"publish","type":"product","link":"https:\/\/www.libraria-occitana.org\/en\/product\/cathares-la-reconquete-1210-1125-dvd-libreton\/","title":{"rendered":"Cathares : La Reconqu\u00eate &#8211; 1210-1125 (DVD + libreton)"},"content":{"rendered":"<p>D\u00e9couvrez le spectacle OC Cathares : La Reconqu\u00eate (1210-1225), jou\u00e9 dans le site m\u00e9di\u00e9val de la Tour de Montcuq. Revivez la guerre des ch\u00e2teaux, la bataille de Muret ou bien encore la fin de Simon de Montfort, v\u00e9ritable bourreau des Cathares du XIII\u00e8me si\u00e8cle. Retrouvez \u00e9galement, gr\u00e2ce \u00e0 un sc\u00e9nario haletant et riche en \u00e9motions, comment la civilisation occitane rena\u00eet de ses cendres. Gr\u00e2ce aux technologies modernes mais s&#8217;appuyant surtout sur un m\u00e9ticuleux travail de recherche, illustr\u00e9 par des documents d&#8217;\u00e9poque projet\u00e9s en grand format sur le donjon, le Groupe OC tente de restituer les ambiances et les temps forts de la soci\u00e9t\u00e9 m\u00e9ridionale du XIII\u00e8me si\u00e8cle qui donnera naissance \u00e0 l&#8217;humanisme d&#8217;aujourd&#8217;hui. Vibrez au son des musiques envo\u00fbtantes du Groupe OC et p\u00e9n\u00e9trez sous les portails vo\u00fbt\u00e9s de l&#8217;histoire occitane.<\/p>\n<p><strong>Titres :<\/strong><br \/>\n1. Troubadours Voyage 3&#8217;53<br \/>\n2. Les mutil\u00e9s de Bram 5&#8217;24<br \/>\n3. Bel cavalier 3&#8217;28<br \/>\n4. Guerre des ch\u00e2teaux 6&#8217;05<br \/>\n5. Si\u00e8ge de Lavaur 1&#8217;20<br \/>\n6. Ai Tolosa 1&#8217;30<br \/>\n7. Bataille de Muret 2&#8217;04<br \/>\n8. Paire Sant 2&#8217;00<br \/>\n9. Latran 3&#8217;57<br \/>\n10. Caminar 3&#8217;15<br \/>\n11. Mort de Montfort 3&#8217;42<br \/>\n12. F\u00eate en Languedoc 3&#8217;01<br \/>\n13. Monts\u00e9gur 3&#8217;49<br \/>\n14. Coss\u00ed Cantar 4&#8217;18<br \/>\n15. Exhumation de Montfort 3&#8217;03<br \/>\n16. Chant du Jeune Vicomte 4&#8217;21<br \/>\n17. Flamenca 4&#8217;34<\/p>\n","protected":false},"excerpt":{"rendered":"<p>D\u00e9couvrez le spectacle OC Cathares : La Reconqu\u00eate (1210-1225), jou\u00e9 dans le site m\u00e9di\u00e9val de la Tour de Montcuq. Revivez la guerre des ch\u00e2teaux, la bataille de Muret ou bien encore la fin de Simon de Montfort, v\u00e9ritable bourreau des Cathares du XIII\u00e8me si\u00e8cle. Retrouvez \u00e9galement, gr\u00e2ce \u00e0 un sc\u00e9nario haletant et riche en \u00e9motions, [&hellip;]<\/p>\n","protected":false},"featured_media":42820,"template":"","meta":{"_acf_changed":false,"_genesis_hide_title":false,"_genesis_hide_breadcrumbs":false,"_genesis_hide_singular_image":false,"_genesis_hide_footer_widgets":false,"_genesis_custom_body_class":"","_genesis_custom_post_class":"","_genesis_layout":""},"product_brand":[],"product_cat":[7247,7249],"product_tag":[],"class_list":{"0":"post-34579","1":"product","2":"type-product","3":"status-publish","4":"has-post-thumbnail","6":"product_cat-music-literature-en","7":"product_cat-videos-3-en","8":"pa_auteur-oc-2-en","9":"pa_editeur-cs-prod-en","10":"pa_langue-occitan-lengadocian-en","11":"pa_langue-occitan-francais-en","12":"entry","14":"first","15":"outofstock","16":"shipping-taxable","17":"purchasable","18":"product-type-simple"},"acf":[],"_links":{"self":[{"href":"https:\/\/www.libraria-occitana.org\/en\/wp-json\/wp\/v2\/product\/34579","targetHints":{"allow":["GET"]}}],"collection":[{"href":"https:\/\/www.libraria-occitana.org\/en\/wp-json\/wp\/v2\/product"}],"about":[{"href":"https:\/\/www.libraria-occitana.org\/en\/wp-json\/wp\/v2\/types\/product"}],"wp:featuredmedia":[{"embeddable":true,"href":"https:\/\/www.libraria-occitana.org\/en\/wp-json\/wp\/v2\/media\/42820"}],"wp:attachment":[{"href":"https:\/\/www.libraria-occitana.org\/en\/wp-json\/wp\/v2\/media?parent=34579"}],"wp:term":[{"taxonomy":"product_brand","embeddable":true,"href":"https:\/\/www.libraria-occitana.org\/en\/wp-json\/wp\/v2\/product_brand?post=34579"},{"taxonomy":"product_cat","embeddable":true,"href":"https:\/\/www.libraria-occitana.org\/en\/wp-json\/wp\/v2\/product_cat?post=34579"},{"taxonomy":"product_tag","embeddable":true,"href":"https:\/\/www.libraria-occitana.org\/en\/wp-json\/wp\/v2\/product_tag?post=34579"}],"curies":[{"name":"wp","href":"https:\/\/api.w.org\/{rel}","templated":true}]}}