{"id":34593,"date":"2018-08-25T17:43:50","date_gmt":"2018-08-25T15:43:50","guid":{"rendered":"http:\/\/www.libraria-occitana.org\/?post_type=product&#038;p=34593\/"},"modified":"2026-04-22T05:56:07","modified_gmt":"2026-04-22T03:56:07","slug":"castanha-e-vinovel","status":"publish","type":"product","link":"https:\/\/www.libraria-occitana.org\/en\/product\/castanha-e-vinovel\/","title":{"rendered":"Castanha e Vinov\u00e8l"},"content":{"rendered":"<p><strong>Jean-Brice Vi\u00e9tri \u00ab Castanha \u00bb :<\/strong> Vielle \u00e0 roue, chant, percussions<br \/>\n<strong>Alain Beurrier \u00ab Vinov\u00e8l \u00bb :<\/strong> Accord\u00e9on, chant, percussions<\/p>\n<p>Castanha \u00e9 Vinov\u00e8l est un duo de musica\u00efres biterrois cr\u00e9\u00e9 en 2007.<br \/>\nIls puisent des chansons et des airs \u00e0 danser dans le r\u00e9pertoire traditionnel occitan. Vielle \u00e0 roue, accord\u00e9on, chants et rythmes se combinent pour offrir un son dans le plus pur esprit du <em>bal\u00e8ti<\/em> populaire.<br \/>\nCastanha \u00e9 Vinov\u00e8l incitent et invitent \u00e0 la danse le public, toutes g\u00e9n\u00e9rations confondues.<\/p>\n<p><em>\u00ab Lo Castanha e lo Vinov\u00e8l fan dan\u00e7ar lo monde \u00bb<\/em><\/p>\n<p><strong>Titres :<\/strong><br \/>\n1. De Besi\u00e8rs a San Pablo (Rondeau) 3&#8217;36<br \/>\n2. Avem cargat la mula (Bourr\u00e9e 2 temps) 3&#8217;55<br \/>\n3. Jota de Santa Ana (Jota) 2&#8217;39<br \/>\n4. La Cremada (Cercle) 4&#8217;55<br \/>\n5. Amor cerca son estela (Scottish) 3&#8217;28<br \/>\n6. Bourr\u00e9e d&#8217;Esparou (Bourr\u00e9e 3 temps) 3&#8217;30<br \/>\n7. Arr\u00e9dol de casa nuestra (Rondeau en cha\u00eene) 4&#8217;20<br \/>\n8. Aigueta (Mazurka) 4&#8217;40<br \/>\n9. Cercavila de l&#8217;Arriazu (Pasodoble) 4&#8217;19<br \/>\n10. Valse perduda (Valse) 4&#8217;10<br \/>\n11. Paure de ieu (Polka) 3&#8217;02<br \/>\n12. Bailes de la Zorra \/ Polka de nice \/ Dansa dels fadats \/ La recreacion (Farandole) 8&#8217;00<\/p>\n","protected":false},"excerpt":{"rendered":"<p>Jean-Brice Vi\u00e9tri \u00ab Castanha \u00bb : Vielle \u00e0 roue, chant, percussions Alain Beurrier \u00ab Vinov\u00e8l \u00bb : Accord\u00e9on, chant, percussions Castanha \u00e9 Vinov\u00e8l est un duo de musica\u00efres biterrois cr\u00e9\u00e9 en 2007. Ils puisent des chansons et des airs \u00e0 danser dans le r\u00e9pertoire traditionnel occitan. Vielle \u00e0 roue, accord\u00e9on, chants et rythmes se combinent [&hellip;]<\/p>\n","protected":false},"featured_media":45396,"template":"","meta":{"_acf_changed":false,"_genesis_hide_title":false,"_genesis_hide_breadcrumbs":false,"_genesis_hide_singular_image":false,"_genesis_hide_footer_widgets":false,"_genesis_custom_body_class":"","_genesis_custom_post_class":"","_genesis_layout":""},"product_brand":[],"product_cat":[7228,7216],"product_tag":[],"class_list":{"0":"post-34593","1":"product","2":"type-product","3":"status-publish","4":"has-post-thumbnail","6":"product_cat-modern-folk-en","7":"product_cat-music-en","8":"pa_auteur-castanha-e-vinovel-en","9":"pa_editeur-castanha-e-vinovel-1-en","10":"pa_langue-occitan-en","11":"pa_langue-occitan-lengadocian-en","12":"entry","14":"first","15":"outofstock","16":"shipping-taxable","17":"purchasable","18":"product-type-simple"},"acf":[],"_links":{"self":[{"href":"https:\/\/www.libraria-occitana.org\/en\/wp-json\/wp\/v2\/product\/34593","targetHints":{"allow":["GET"]}}],"collection":[{"href":"https:\/\/www.libraria-occitana.org\/en\/wp-json\/wp\/v2\/product"}],"about":[{"href":"https:\/\/www.libraria-occitana.org\/en\/wp-json\/wp\/v2\/types\/product"}],"wp:featuredmedia":[{"embeddable":true,"href":"https:\/\/www.libraria-occitana.org\/en\/wp-json\/wp\/v2\/media\/45396"}],"wp:attachment":[{"href":"https:\/\/www.libraria-occitana.org\/en\/wp-json\/wp\/v2\/media?parent=34593"}],"wp:term":[{"taxonomy":"product_brand","embeddable":true,"href":"https:\/\/www.libraria-occitana.org\/en\/wp-json\/wp\/v2\/product_brand?post=34593"},{"taxonomy":"product_cat","embeddable":true,"href":"https:\/\/www.libraria-occitana.org\/en\/wp-json\/wp\/v2\/product_cat?post=34593"},{"taxonomy":"product_tag","embeddable":true,"href":"https:\/\/www.libraria-occitana.org\/en\/wp-json\/wp\/v2\/product_tag?post=34593"}],"curies":[{"name":"wp","href":"https:\/\/api.w.org\/{rel}","templated":true}]}}