{"id":34683,"date":"2003-06-27T16:02:10","date_gmt":"2003-06-27T14:02:10","guid":{"rendered":"http:\/\/www.libraria-occitana.org\/?post_type=product&#038;p=34683\/"},"modified":"2026-04-03T00:21:24","modified_gmt":"2026-04-02T22:21:24","slug":"cocas-e-cocons-patisseries-occitanes","status":"publish","type":"product","link":"https:\/\/www.libraria-occitana.org\/en\/product\/cocas-e-cocons-patisseries-occitanes\/","title":{"rendered":"C\u00f2cas e cocons : P\u00e2tisseries occitanes"},"content":{"rendered":"<p>Cosina N\u00f2stra , une collection de recettes de cuisine occitanes.<\/p>\n<p>Les recettes, issues d&#8217;enqu\u00eates orales r\u00e9alis\u00e9es par l&#8217;association CORDAE \/ La Talvera, sont pr\u00e9sent\u00e9es en occitan et en fran\u00e7ais pour le plaisir des petits et grands gourmands.<\/p>\n","protected":false},"excerpt":{"rendered":"<p>Cosina N\u00f2stra , une collection de recettes de cuisine occitanes. Les recettes, issues d&#8217;enqu\u00eates orales r\u00e9alis\u00e9es par l&#8217;association CORDAE \/ La Talvera, sont pr\u00e9sent\u00e9es en occitan et en fran\u00e7ais pour le plaisir des petits et grands gourmands.<\/p>\n","protected":false},"featured_media":43197,"template":"","meta":{"_acf_changed":false,"_genesis_hide_title":false,"_genesis_hide_breadcrumbs":false,"_genesis_hide_singular_image":false,"_genesis_hide_footer_widgets":false,"_genesis_custom_body_class":"","_genesis_custom_post_class":"","_genesis_layout":""},"product_brand":[],"product_cat":[7132,7206,7210],"product_tag":[],"class_list":{"0":"post-34683","1":"product","2":"type-product","3":"status-publish","4":"has-post-thumbnail","6":"product_cat-books","7":"product_cat-traditions-heritage-en","8":"product_cat-cooking-cuisine-en","9":"pa_auteur-loddo-daniel-en","10":"pa_auteur-ricard-celine-en","11":"pa_editeur-cordae-la-talvera-en","12":"pa_langue-occitan-lengadocian-en","13":"pa_langue-occitan-francais-en","14":"entry","16":"first","17":"outofstock","18":"shipping-taxable","19":"purchasable","20":"product-type-simple"},"acf":[],"_links":{"self":[{"href":"https:\/\/www.libraria-occitana.org\/en\/wp-json\/wp\/v2\/product\/34683","targetHints":{"allow":["GET"]}}],"collection":[{"href":"https:\/\/www.libraria-occitana.org\/en\/wp-json\/wp\/v2\/product"}],"about":[{"href":"https:\/\/www.libraria-occitana.org\/en\/wp-json\/wp\/v2\/types\/product"}],"wp:featuredmedia":[{"embeddable":true,"href":"https:\/\/www.libraria-occitana.org\/en\/wp-json\/wp\/v2\/media\/43197"}],"wp:attachment":[{"href":"https:\/\/www.libraria-occitana.org\/en\/wp-json\/wp\/v2\/media?parent=34683"}],"wp:term":[{"taxonomy":"product_brand","embeddable":true,"href":"https:\/\/www.libraria-occitana.org\/en\/wp-json\/wp\/v2\/product_brand?post=34683"},{"taxonomy":"product_cat","embeddable":true,"href":"https:\/\/www.libraria-occitana.org\/en\/wp-json\/wp\/v2\/product_cat?post=34683"},{"taxonomy":"product_tag","embeddable":true,"href":"https:\/\/www.libraria-occitana.org\/en\/wp-json\/wp\/v2\/product_tag?post=34683"}],"curies":[{"name":"wp","href":"https:\/\/api.w.org\/{rel}","templated":true}]}}