{"id":34696,"date":"1984-03-23T20:57:37","date_gmt":"1984-03-23T19:57:37","guid":{"rendered":"http:\/\/www.libraria-occitana.org\/?post_type=product&#038;p=34696\/"},"modified":"2026-04-25T05:31:46","modified_gmt":"2026-04-25T03:31:46","slug":"burlesque-et-obscenite-chez-les-troubadours-le-contre-texte-au-moyen-age","status":"publish","type":"product","link":"https:\/\/www.libraria-occitana.org\/en\/product\/burlesque-et-obscenite-chez-les-troubadours-le-contre-texte-au-moyen-age\/","title":{"rendered":"Burlesque et obsc\u00e9nit\u00e9 chez les troubadours : Le contre-texte au Moyen \u00c2ge"},"content":{"rendered":"<p>L&#8217;occitan, langue des troubadours, dont le domaine couvre encore aujourd&#8217;hui toute la partie m\u00e9ridionale de la France, conna\u00eet depuis le milieu du XIXe si\u00e8cle une renaissance litt\u00e9raire et culturelle remarquable. Cette anthologie qui groupe une cinquantaine de pi\u00e8ces po\u00e9tiques du XIIe au XIVe si\u00e8cle veut montrer que l&#8217;on a g\u00e9n\u00e9ralement des troubadours occitans une image trop st\u00e9r\u00e9otyp\u00e9e et trop ang\u00e9lique, et qu&#8217;\u00e0 c\u00f4t\u00e9 du grand chant courtois a circul\u00e9 un contre-texte, minoritaire et marginal sans doute, mais se d\u00e9marquant de propos d\u00e9lib\u00e9r\u00e9 de la lyrique traditionnelle : d\u00e9rision de l&#8217;amour, misogynie acerbe, pi\u00e8ces burlesques et humoristiques, go\u00fbt de l&#8217;obsc\u00e8ne et du scatologique, de la pornographie m\u00eame&#8230; Il s&#8217;y ajoute un penchant pour des divertissements formels qui annoncent d\u00e9j\u00e0, quelque cent cinquante ans \u00e0 l&#8217;avance, les Grands Rh\u00e9toriqueurs fran\u00e7ais. De tout cela \u00e9merge une po\u00e9sie f\u00e9minine, contre-texte incontestable, jouant lui aussi avec le code masculin et s&#8217;en d\u00e9marquant parfois avec subtilit\u00e9.<\/p>\n<p>Textes traduits et pr\u00e9sent\u00e9s par Pierre Bec.<\/p>\n","protected":false},"excerpt":{"rendered":"<p>L&#8217;occitan, langue des troubadours, dont le domaine couvre encore aujourd&#8217;hui toute la partie m\u00e9ridionale de la France, conna\u00eet depuis le milieu du XIXe si\u00e8cle une renaissance litt\u00e9raire et culturelle remarquable. Cette anthologie qui groupe une cinquantaine de pi\u00e8ces po\u00e9tiques du XIIe au XIVe si\u00e8cle veut montrer que l&#8217;on a g\u00e9n\u00e9ralement des troubadours occitans une image [&hellip;]<\/p>\n","protected":false},"featured_media":42859,"template":"","meta":{"_acf_changed":false,"_genesis_hide_title":false,"_genesis_hide_breadcrumbs":false,"_genesis_hide_singular_image":false,"_genesis_hide_footer_widgets":false,"_genesis_custom_body_class":"","_genesis_custom_post_class":"","_genesis_layout":""},"product_brand":[],"product_cat":[7188,7132,7174],"product_tag":[],"class_list":{"0":"post-34696","1":"product","2":"type-product","3":"status-publish","4":"has-post-thumbnail","6":"product_cat-arts-studies-en","7":"product_cat-books","8":"product_cat-literature-en","9":"pa_auteur-bec-peire-en","10":"pa_editeur-stock-en","11":"pa_langue-occitan-medievau-en","12":"pa_langue-occitan-francais-en","13":"entry","15":"first","16":"instock","17":"shipping-taxable","18":"purchasable","19":"product-type-simple"},"acf":[],"_links":{"self":[{"href":"https:\/\/www.libraria-occitana.org\/en\/wp-json\/wp\/v2\/product\/34696","targetHints":{"allow":["GET"]}}],"collection":[{"href":"https:\/\/www.libraria-occitana.org\/en\/wp-json\/wp\/v2\/product"}],"about":[{"href":"https:\/\/www.libraria-occitana.org\/en\/wp-json\/wp\/v2\/types\/product"}],"wp:featuredmedia":[{"embeddable":true,"href":"https:\/\/www.libraria-occitana.org\/en\/wp-json\/wp\/v2\/media\/42859"}],"wp:attachment":[{"href":"https:\/\/www.libraria-occitana.org\/en\/wp-json\/wp\/v2\/media?parent=34696"}],"wp:term":[{"taxonomy":"product_brand","embeddable":true,"href":"https:\/\/www.libraria-occitana.org\/en\/wp-json\/wp\/v2\/product_brand?post=34696"},{"taxonomy":"product_cat","embeddable":true,"href":"https:\/\/www.libraria-occitana.org\/en\/wp-json\/wp\/v2\/product_cat?post=34696"},{"taxonomy":"product_tag","embeddable":true,"href":"https:\/\/www.libraria-occitana.org\/en\/wp-json\/wp\/v2\/product_tag?post=34696"}],"curies":[{"name":"wp","href":"https:\/\/api.w.org\/{rel}","templated":true}]}}