{"id":34698,"date":"2012-07-06T12:15:57","date_gmt":"2012-07-06T10:15:57","guid":{"rendered":"http:\/\/www.libraria-occitana.org\/?post_type=product&#038;p=34698\/"},"modified":"2026-04-29T01:31:12","modified_gmt":"2026-04-28T23:31:12","slug":"bouscatel-le-roman-dun-cabretaire-suivi-de-vie-de-cabretaires-dauvergne-createurs-des-bals-musette-de-paris-libre-cd","status":"publish","type":"product","link":"https:\/\/www.libraria-occitana.org\/en\/product\/bouscatel-le-roman-dun-cabretaire-suivi-de-vie-de-cabretaires-dauvergne-createurs-des-bals-musette-de-paris-libre-cd\/","title":{"rendered":"Bouscatel : Le roman d&#8217;un cabretaire Suivi de Vie de cabretaires d&#8217;Auvergne, cr\u00e9ateurs des bals-musette de Paris (libre + CD)"},"content":{"rendered":"<p>\u00c0 la lecture de ce livre vous d\u00e9couvrirez l&#8217;incroyable histoire romanesque d&#8217;Antoine Bouscatel \u00ab roi des cabretaires \u00bb issu d&#8217;un petit village perdu au fond d&#8217;une des plus belles vall\u00e9es du Cantal : la vall\u00e9e de la Jordanne.<\/p>\n<p>Vous allez pouvoir parcourir une aventure humaine qui donne \u00e0 comprendre l&#8217;\u00e9pop\u00e9e de ces seigneurs de la nuit ainsi que les filiations qu&#8217;ils ont perp\u00e9tr\u00e9es, o\u00f9 de ma\u00eetres \u00e0 \u00e9l\u00e8ves, ils se transmettaient des instruments accompagn\u00e9s de formules magiques.<\/p>\n<p>\u00c0 travers ce roman vous pourrez \u00e9galement partager la vie des cabretaires auvergnats qui cr\u00e9\u00e8rent les bals musettes de Paris. Un livre qui contient des documents d&#8217;archives exceptionnels ainsi que des t\u00e9moignages et des portraits qui corroborent les analyses faites tout au long de cet ouvrage unique.<\/p>\n<p>Un publication de 450 pages avec plus de 300 illustrations sans oublier un CD offert o\u00f9 vous pourrez entendre la plupart des cabretaires cit\u00e9s dans cet ouvrage tels qu&#8217;Antoine Bouscatel, L\u00e9on Chanal, Isidore Limouzy, Jean Bonal, Guillaume Maurzi\u00e8res, Alexis Th\u00e9rizols, Martin Cayla, Casimir S\u00e9brier, Alexandre Cros, Henri Momboisse, Jean Bergheaud, Victor Allard, Marcel Bernard, Pierre Ladonne et Joseph Ruols.<\/p>\n<p style=\"text-align: right;\">Raymond Amblard<\/p>\n","protected":false},"excerpt":{"rendered":"<p>\u00c0 la lecture de ce livre vous d\u00e9couvrirez l&#8217;incroyable histoire romanesque d&#8217;Antoine Bouscatel \u00ab roi des cabretaires \u00bb issu d&#8217;un petit village perdu au fond d&#8217;une des plus belles vall\u00e9es du Cantal : la vall\u00e9e de la Jordanne. Vous allez pouvoir parcourir une aventure humaine qui donne \u00e0 comprendre l&#8217;\u00e9pop\u00e9e de ces seigneurs de la [&hellip;]<\/p>\n","protected":false},"featured_media":50815,"template":"","meta":{"_acf_changed":false,"_genesis_hide_title":false,"_genesis_hide_breadcrumbs":false,"_genesis_hide_singular_image":false,"_genesis_hide_footer_widgets":false,"_genesis_custom_body_class":"","_genesis_custom_post_class":"","_genesis_layout":""},"product_brand":[],"product_cat":[7132,7194,7190],"product_tag":[],"class_list":{"0":"post-34698","1":"product","2":"type-product","3":"status-publish","4":"has-post-thumbnail","6":"product_cat-books","7":"product_cat-studies-en","8":"product_cat-music-dances-en","9":"pa_auteur-montbel-eric-en","10":"pa_auteur-ricros-andre-en","11":"pa_editeur-amta-en","12":"pa_langue-francais-en","13":"entry","15":"first","16":"outofstock","17":"shipping-taxable","18":"purchasable","19":"product-type-simple"},"acf":[],"_links":{"self":[{"href":"https:\/\/www.libraria-occitana.org\/en\/wp-json\/wp\/v2\/product\/34698","targetHints":{"allow":["GET"]}}],"collection":[{"href":"https:\/\/www.libraria-occitana.org\/en\/wp-json\/wp\/v2\/product"}],"about":[{"href":"https:\/\/www.libraria-occitana.org\/en\/wp-json\/wp\/v2\/types\/product"}],"wp:featuredmedia":[{"embeddable":true,"href":"https:\/\/www.libraria-occitana.org\/en\/wp-json\/wp\/v2\/media\/50815"}],"wp:attachment":[{"href":"https:\/\/www.libraria-occitana.org\/en\/wp-json\/wp\/v2\/media?parent=34698"}],"wp:term":[{"taxonomy":"product_brand","embeddable":true,"href":"https:\/\/www.libraria-occitana.org\/en\/wp-json\/wp\/v2\/product_brand?post=34698"},{"taxonomy":"product_cat","embeddable":true,"href":"https:\/\/www.libraria-occitana.org\/en\/wp-json\/wp\/v2\/product_cat?post=34698"},{"taxonomy":"product_tag","embeddable":true,"href":"https:\/\/www.libraria-occitana.org\/en\/wp-json\/wp\/v2\/product_tag?post=34698"}],"curies":[{"name":"wp","href":"https:\/\/api.w.org\/{rel}","templated":true}]}}