{"id":35088,"date":"2006-05-03T11:59:22","date_gmt":"2006-05-03T09:59:22","guid":{"rendered":"http:\/\/www.libraria-occitana.org\/?post_type=product&#038;p=35088\/"},"modified":"2026-04-09T02:01:15","modified_gmt":"2026-04-09T00:01:15","slug":"sonets-bernat-manciet","status":"publish","type":"product","link":"https:\/\/www.libraria-occitana.org\/en\/product\/sonets-bernat-manciet\/","title":{"rendered":"Sonets : Bernat Manciet"},"content":{"rendered":"<p><strong>Jakes Aymonino :<\/strong> Direction artistique<br \/>\nAvec <strong>Jakes Aymonino, Nadine Gabard, Patrick G\u00e9lie, Isabelle Loub\u00e8re, Enric Marliangeas, Fran\u00e7ois Mauget, Marie-Anne Mazeau, Joan-Franc\u00e9s Tisn\u00e8r<\/strong>.<\/p>\n<p>12 sonnets du grand po\u00e8te disparu en 2005 et sa propre voix.<\/p>\n<p><strong>Titres :<\/strong><br \/>\n1. Au barrei lo s\u00f3 coc \/ Parmi ce monde a\u00e9rien 2&#8217;03<br \/>\n2. Bud\u00e8th arquet la len \/ Corde et archet le souffle 1&#8217;44<br \/>\n3. C\u00f2pa talha talhuca \/ Tranche taille retaille (dit) 2&#8217;02<br \/>\n4. C\u00f2pa talha talhuca \/ Tranche taille retaille (cantat) 3&#8217;48<br \/>\n5. Fenix \/ Ph\u00e9nix 4&#8217;19<br \/>\n6. M&#8217;as \u00f2c dat un estiu \/ Donn\u00e9 tu m&#8217;as \u00e9t\u00e9 3&#8217;04<br \/>\n7. La seda \/ La soie 2&#8217;05<br \/>\n8. Negue pelami \/ Noire fourrure 2&#8217;28<br \/>\n9. Lo s\u00f3 tira lo s\u00f3 \/ Le soleil chasse le soleil 1&#8217;34<br \/>\n10. Mila chivaus \/ Mille chevaux 3&#8217;32<br \/>\n11. V\u00e8rsa-me vin \/ Verse-moi du vin 3&#8217;03<br \/>\n12. Doman \/ Demain 4&#8217;26<br \/>\n13. Leug\u00e8iras duas e duas \/ L\u00e9g\u00e8res deux \u00e0 deux 3&#8217;50<\/p>\n","protected":false},"excerpt":{"rendered":"<p>Jakes Aymonino : Direction artistique Avec Jakes Aymonino, Nadine Gabard, Patrick G\u00e9lie, Isabelle Loub\u00e8re, Enric Marliangeas, Fran\u00e7ois Mauget, Marie-Anne Mazeau, Joan-Franc\u00e9s Tisn\u00e8r. 12 sonnets du grand po\u00e8te disparu en 2005 et sa propre voix. Titres : 1. Au barrei lo s\u00f3 coc \/ Parmi ce monde a\u00e9rien 2&#8217;03 2. Bud\u00e8th arquet la len \/ Corde [&hellip;]<\/p>\n","protected":false},"featured_media":51622,"template":"","meta":{"_acf_changed":false,"_genesis_hide_title":false,"_genesis_hide_breadcrumbs":false,"_genesis_hide_singular_image":false,"_genesis_hide_footer_widgets":false,"_genesis_custom_body_class":"","_genesis_custom_post_class":"","_genesis_layout":""},"product_brand":[],"product_cat":[7224,7216],"product_tag":[],"class_list":{"0":"post-35088","1":"product","2":"type-product","3":"status-publish","4":"has-post-thumbnail","6":"product_cat-litterature-musique-en","7":"product_cat-music-en","8":"pa_auteur-manufactures-verbales-en","9":"pa_editeur-menestrers-gascons-en","10":"pa_langue-occitan-gascon-en","11":"pa_langue-occitan-francais-en","12":"entry","14":"first","15":"outofstock","16":"shipping-taxable","17":"purchasable","18":"product-type-simple"},"acf":[],"_links":{"self":[{"href":"https:\/\/www.libraria-occitana.org\/en\/wp-json\/wp\/v2\/product\/35088","targetHints":{"allow":["GET"]}}],"collection":[{"href":"https:\/\/www.libraria-occitana.org\/en\/wp-json\/wp\/v2\/product"}],"about":[{"href":"https:\/\/www.libraria-occitana.org\/en\/wp-json\/wp\/v2\/types\/product"}],"wp:featuredmedia":[{"embeddable":true,"href":"https:\/\/www.libraria-occitana.org\/en\/wp-json\/wp\/v2\/media\/51622"}],"wp:attachment":[{"href":"https:\/\/www.libraria-occitana.org\/en\/wp-json\/wp\/v2\/media?parent=35088"}],"wp:term":[{"taxonomy":"product_brand","embeddable":true,"href":"https:\/\/www.libraria-occitana.org\/en\/wp-json\/wp\/v2\/product_brand?post=35088"},{"taxonomy":"product_cat","embeddable":true,"href":"https:\/\/www.libraria-occitana.org\/en\/wp-json\/wp\/v2\/product_cat?post=35088"},{"taxonomy":"product_tag","embeddable":true,"href":"https:\/\/www.libraria-occitana.org\/en\/wp-json\/wp\/v2\/product_tag?post=35088"}],"curies":[{"name":"wp","href":"https:\/\/api.w.org\/{rel}","templated":true}]}}