{"id":35136,"date":"2005-06-23T15:56:59","date_gmt":"2005-06-23T13:56:59","guid":{"rendered":"http:\/\/www.libraria-occitana.org\/?post_type=product&#038;p=35136\/"},"modified":"2026-04-29T05:16:34","modified_gmt":"2026-04-29T03:16:34","slug":"quincarelet","status":"publish","type":"product","link":"https:\/\/www.libraria-occitana.org\/en\/product\/quincarelet\/","title":{"rendered":"Quincarelet"},"content":{"rendered":"<p>CD pour enfants et plus grands, en partie r\u00e9alis\u00e9 lors d&#8217;ateliers d&#8217;improvisation artistique \u00e0 l&#8217;\u00e9cole bilingue de Monesti\u00e8s (81). 7 chansons furent ainsi compos\u00e9es avec les \u00e9l\u00e8ves qui vinrent \u00e9galement enregistrer en studio. S&#8217;ajoutent quelques chansons traditionnelles revisit\u00e9es et 7 cr\u00e9ations du groupe. Cr\u00e9\u00e9 pour les enfants mais aussi avec eux, ce CD riche de couleurs musicales est une invitation au voyage \u00e0 travers les voix, le r\u00eave et la po\u00e9sie.<\/p>\n<p><strong>Titres :<\/strong><br \/>\n1. Aus\u00e8l de la mar granda (Oiseau de l&#8217;oc\u00e9an) 2&#8217;31<br \/>\n2. Lo Fantasti 4&#8217;33<br \/>\n3. Domais\u00e8la pichon\u00e8la (Petite libellule) 3&#8217;25<br \/>\n4. Un lo perfum (Un le parfum) 0&#8217;30<br \/>\n5. Diga me diga li (Dis-moi, dis-lui) 4&#8217;40<br \/>\n6. De Tolosa a Pesen\u00e0s (De Toulouse \u00e0 P\u00e9zenas) 3&#8217;36<br \/>\n7. Formulas per comptar (Formules pour plouffer) 0&#8217;55<br \/>\n8. Ai perdut mon amic (J&#8217;ai perdu mon ami) 2&#8217;24<br \/>\n9. E ara que la sason s&#8217;aban\u00e7a (Et maintenant que la saison s&#8217;avance) 2&#8217;43<br \/>\n10. La n\u00f2stra crabideta (Notre petite ch\u00e8vre) 1&#8217;37<br \/>\n11. Me&#8217;n vau al b\u00f2sc (Je m&#8217;en vais au bois) 0&#8217;28<br \/>\n12. Montanha ma montanha (Montagne ma montagne) 2&#8217;46<br \/>\n13. V\u00f2li viatjar (Je veux voyager) 3&#8217;18<br \/>\n14. Quand la Marion se&#8217;n va al molin (Quand Marion s&#8217;en va au moulin) 2&#8217;30<br \/>\n15. Occitania qu&#8217;es aqu\u00f2 (L&#8217;Occitanie qu&#8217;est-ce que c&#8217;est ?) 3&#8217;38<br \/>\n16. Caranguim Carag\u00f2 0&#8217;56<br \/>\n17. Papagai (Perroquet) 2&#8217;19<br \/>\n18. Dins lo c\u00e8l (Dans le ciel) 2&#8217;40<br \/>\n19. Cossergon 2&#8217;35<br \/>\n20. Las boletas (Les billes) 1&#8217;18<br \/>\n21. Ie ie i\u00f2 i\u00f2 3&#8217;43<\/p>\n","protected":false},"excerpt":{"rendered":"<p>CD pour enfants et plus grands, en partie r\u00e9alis\u00e9 lors d&#8217;ateliers d&#8217;improvisation artistique \u00e0 l&#8217;\u00e9cole bilingue de Monesti\u00e8s (81). 7 chansons furent ainsi compos\u00e9es avec les \u00e9l\u00e8ves qui vinrent \u00e9galement enregistrer en studio. S&#8217;ajoutent quelques chansons traditionnelles revisit\u00e9es et 7 cr\u00e9ations du groupe. Cr\u00e9\u00e9 pour les enfants mais aussi avec eux, ce CD riche de [&hellip;]<\/p>\n","protected":false},"featured_media":44285,"template":"","meta":{"_acf_changed":false,"_genesis_hide_title":false,"_genesis_hide_breadcrumbs":false,"_genesis_hide_singular_image":false,"_genesis_hide_footer_widgets":false,"_genesis_custom_body_class":"","_genesis_custom_post_class":"","_genesis_layout":""},"product_brand":[],"product_cat":[7222,7216],"product_tag":[],"class_list":{"0":"post-35136","1":"product","2":"type-product","3":"status-publish","4":"has-post-thumbnail","6":"product_cat-juvenile-and-teen-en","7":"product_cat-music-en","8":"pa_auteur-la-talvera-en","9":"pa_editeur-cordae-la-talvera-en","10":"pa_langue-occitan-en","11":"pa_langue-occitan-lengadocian-en","12":"entry","14":"first","15":"instock","16":"shipping-taxable","17":"purchasable","18":"product-type-simple"},"acf":[],"_links":{"self":[{"href":"https:\/\/www.libraria-occitana.org\/en\/wp-json\/wp\/v2\/product\/35136","targetHints":{"allow":["GET"]}}],"collection":[{"href":"https:\/\/www.libraria-occitana.org\/en\/wp-json\/wp\/v2\/product"}],"about":[{"href":"https:\/\/www.libraria-occitana.org\/en\/wp-json\/wp\/v2\/types\/product"}],"wp:featuredmedia":[{"embeddable":true,"href":"https:\/\/www.libraria-occitana.org\/en\/wp-json\/wp\/v2\/media\/44285"}],"wp:attachment":[{"href":"https:\/\/www.libraria-occitana.org\/en\/wp-json\/wp\/v2\/media?parent=35136"}],"wp:term":[{"taxonomy":"product_brand","embeddable":true,"href":"https:\/\/www.libraria-occitana.org\/en\/wp-json\/wp\/v2\/product_brand?post=35136"},{"taxonomy":"product_cat","embeddable":true,"href":"https:\/\/www.libraria-occitana.org\/en\/wp-json\/wp\/v2\/product_cat?post=35136"},{"taxonomy":"product_tag","embeddable":true,"href":"https:\/\/www.libraria-occitana.org\/en\/wp-json\/wp\/v2\/product_tag?post=35136"}],"curies":[{"name":"wp","href":"https:\/\/api.w.org\/{rel}","templated":true}]}}