{"id":35223,"date":"2010-07-12T16:54:04","date_gmt":"2010-07-12T14:54:04","guid":{"rendered":"http:\/\/www.libraria-occitana.org\/?post_type=product&#038;p=35223\/"},"modified":"2026-04-29T05:11:50","modified_gmt":"2026-04-29T03:11:50","slug":"nadau-a-lolympia-24-dabriu-2010","status":"publish","type":"product","link":"https:\/\/www.libraria-occitana.org\/en\/product\/nadau-a-lolympia-24-dabriu-2010\/","title":{"rendered":"Nadau a l&#8217;Olympia &#8211; 24 d&#8217;abriu 2010"},"content":{"rendered":"<p>Sous-titrage au choix : Aucun \/ Texte fran\u00e7ais \/ Texte occitan<\/p>\n<p><strong>Titres :<\/strong><br \/>\n1. Aqueras montanhas<br \/>\n2. Rond\u00e8u de Baren<br \/>\n3. Saumon<br \/>\n4. Chut, chut, chut<br \/>\n5. Defensa<br \/>\n6. Floren\u00e7a e Joan<br \/>\n7. Lo dia, Maria<br \/>\n8. En davant<br \/>\n9. Mon Dieu que j&#8217;en suis \u00e0 mon aise<br \/>\n10. Quin ber\u00f2i dia<br \/>\n11. Que i av\u00e8 ombra<br \/>\n12. Adius a la Val d&#8217;Aran<br \/>\n13. Julieta<br \/>\n14. Morlana<br \/>\n15. Los amor\u00f3s<br \/>\n16. L&#8217;encantada<br \/>\n17. Qu&#8217;\u00e8m d&#8217;aqueth pa\u00eds<br \/>\n18. De cap t\u00e0 l&#8217;immort\u00e8la<br \/>\n19. Seguida de Barberina<\/p>\n","protected":false},"excerpt":{"rendered":"<p>Sous-titrage au choix : Aucun \/ Texte fran\u00e7ais \/ Texte occitan Titres : 1. Aqueras montanhas 2. Rond\u00e8u de Baren 3. Saumon 4. Chut, chut, chut 5. Defensa 6. Floren\u00e7a e Joan 7. Lo dia, Maria 8. En davant 9. Mon Dieu que j&#8217;en suis \u00e0 mon aise 10. Quin ber\u00f2i dia 11. Que i [&hellip;]<\/p>\n","protected":false},"featured_media":45156,"template":"","meta":{"_acf_changed":false,"_genesis_hide_title":false,"_genesis_hide_breadcrumbs":false,"_genesis_hide_singular_image":false,"_genesis_hide_footer_widgets":false,"_genesis_custom_body_class":"","_genesis_custom_post_class":"","_genesis_layout":""},"product_brand":[],"product_cat":[7247,7249],"product_tag":[],"class_list":{"0":"post-35223","1":"product","2":"type-product","3":"status-publish","4":"has-post-thumbnail","6":"product_cat-music-literature-en","7":"product_cat-videos-3-en","8":"pa_auteur-nadau-en","9":"pa_editeur-los-de-nadau-en","10":"pa_langue-occitan-gascon-en","11":"pa_langue-occitan-francais-en","12":"entry","14":"first","15":"outofstock","16":"shipping-taxable","17":"purchasable","18":"product-type-simple"},"acf":[],"_links":{"self":[{"href":"https:\/\/www.libraria-occitana.org\/en\/wp-json\/wp\/v2\/product\/35223","targetHints":{"allow":["GET"]}}],"collection":[{"href":"https:\/\/www.libraria-occitana.org\/en\/wp-json\/wp\/v2\/product"}],"about":[{"href":"https:\/\/www.libraria-occitana.org\/en\/wp-json\/wp\/v2\/types\/product"}],"wp:featuredmedia":[{"embeddable":true,"href":"https:\/\/www.libraria-occitana.org\/en\/wp-json\/wp\/v2\/media\/45156"}],"wp:attachment":[{"href":"https:\/\/www.libraria-occitana.org\/en\/wp-json\/wp\/v2\/media?parent=35223"}],"wp:term":[{"taxonomy":"product_brand","embeddable":true,"href":"https:\/\/www.libraria-occitana.org\/en\/wp-json\/wp\/v2\/product_brand?post=35223"},{"taxonomy":"product_cat","embeddable":true,"href":"https:\/\/www.libraria-occitana.org\/en\/wp-json\/wp\/v2\/product_cat?post=35223"},{"taxonomy":"product_tag","embeddable":true,"href":"https:\/\/www.libraria-occitana.org\/en\/wp-json\/wp\/v2\/product_tag?post=35223"}],"curies":[{"name":"wp","href":"https:\/\/api.w.org\/{rel}","templated":true}]}}