{"id":35235,"date":"1998-11-20T11:17:29","date_gmt":"1998-11-20T10:17:29","guid":{"rendered":"http:\/\/www.libraria-occitana.org\/?post_type=product&#038;p=35235\/"},"modified":"2026-04-13T21:51:41","modified_gmt":"2026-04-13T19:51:41","slug":"moines-en-limousin-laventure-cistercienne","status":"publish","type":"product","link":"https:\/\/www.libraria-occitana.org\/en\/product\/moines-en-limousin-laventure-cistercienne\/","title":{"rendered":"Moines en Limousin : L&#8217;aventure cistercienne"},"content":{"rendered":"<p>Le Limousin a \u00e9t\u00e9 fortement partie prenante aux 12e et 13e si\u00e8cles dans l&#8217;expansion de l&#8217;ordre cistercien en Aquitaine : on d\u00e9nombre dans la r\u00e9gion m\u00eame et sur son pourtour imm\u00e9diat quatorze monast\u00e8res masculins et deux monast\u00e8res f\u00e9minins, regroup\u00e9s pour l&#8217;essentiel derri\u00e8re deux abbayes, Dalon et Aubazine. \u00c0 cela se sont ajout\u00e9es trois nouvelles fondations au 17e si\u00e8cle \u00e0 Limoges et Tulle. Cet ouvrage, tr\u00e8s abondamment illustr\u00e9, b\u00e9n\u00e9ficie des travaux qui ont \u00e9t\u00e9 effectu\u00e9s sur la plupart de ces maisons au cours des derni\u00e8res ann\u00e9es. Il est compos\u00e9 de trois parties :<\/p>\n<ul>\n<li>La premi\u00e8re \u00e9voque les origines et les sp\u00e9cificit\u00e9s de ces abbayes limousines devenues cisterciennes dans la deuxi\u00e8me moiti\u00e9 du 12e si\u00e8cle.<\/li>\n<li>La seconde pr\u00e9sente manuscrits, vestiges lapidaires, objets de culte, objets de d\u00e9votion, objets de vie quotidienne retrouv\u00e9s en fouille ; mettant en \u0153uvre sources \u00e9crites, maquettes, cartes, fouilles arch\u00e9ologiques et prospections de terrain, elle souligne le r\u00f4le des moines cisterciens en mati\u00e8re de construction et d&#8217;am\u00e9nagement du milieu naturel.<\/li>\n<li>La troisi\u00e8me partie propose un ensemble de dossiers documentaires offrant, pour chacun des vingt-et-un monast\u00e8res retenus, l&#8217;inventaire des sources et de la bibliographie disponibles ainsi qu&#8217;une mise au point sur les travaux, anciens ou r\u00e9cents, dont ils ont pu faire l&#8217;objet.<\/li>\n<\/ul>\n","protected":false},"excerpt":{"rendered":"<p>Le Limousin a \u00e9t\u00e9 fortement partie prenante aux 12e et 13e si\u00e8cles dans l&#8217;expansion de l&#8217;ordre cistercien en Aquitaine : on d\u00e9nombre dans la r\u00e9gion m\u00eame et sur son pourtour imm\u00e9diat quatorze monast\u00e8res masculins et deux monast\u00e8res f\u00e9minins, regroup\u00e9s pour l&#8217;essentiel derri\u00e8re deux abbayes, Dalon et Aubazine. \u00c0 cela se sont ajout\u00e9es trois nouvelles fondations [&hellip;]<\/p>\n","protected":false},"featured_media":51303,"template":"","meta":{"_acf_changed":false,"_genesis_hide_title":false,"_genesis_hide_breadcrumbs":false,"_genesis_hide_singular_image":false,"_genesis_hide_footer_widgets":false,"_genesis_custom_body_class":"","_genesis_custom_post_class":"","_genesis_layout":""},"product_brand":[],"product_cat":[7132,7156,7148],"product_tag":[],"class_list":{"0":"post-35235","1":"product","2":"type-product","3":"status-publish","4":"has-post-thumbnail","6":"product_cat-books","7":"product_cat-general-history-en","8":"product_cat-history-geography-en","9":"pa_auteur-barriere-bernadette-en","10":"pa_auteur-collectiu-en-2","11":"pa_editeur-pu-limoges-en","12":"pa_langue-francais-en","13":"entry","15":"first","16":"instock","17":"shipping-taxable","18":"purchasable","19":"product-type-simple"},"acf":[],"_links":{"self":[{"href":"https:\/\/www.libraria-occitana.org\/en\/wp-json\/wp\/v2\/product\/35235","targetHints":{"allow":["GET"]}}],"collection":[{"href":"https:\/\/www.libraria-occitana.org\/en\/wp-json\/wp\/v2\/product"}],"about":[{"href":"https:\/\/www.libraria-occitana.org\/en\/wp-json\/wp\/v2\/types\/product"}],"wp:featuredmedia":[{"embeddable":true,"href":"https:\/\/www.libraria-occitana.org\/en\/wp-json\/wp\/v2\/media\/51303"}],"wp:attachment":[{"href":"https:\/\/www.libraria-occitana.org\/en\/wp-json\/wp\/v2\/media?parent=35235"}],"wp:term":[{"taxonomy":"product_brand","embeddable":true,"href":"https:\/\/www.libraria-occitana.org\/en\/wp-json\/wp\/v2\/product_brand?post=35235"},{"taxonomy":"product_cat","embeddable":true,"href":"https:\/\/www.libraria-occitana.org\/en\/wp-json\/wp\/v2\/product_cat?post=35235"},{"taxonomy":"product_tag","embeddable":true,"href":"https:\/\/www.libraria-occitana.org\/en\/wp-json\/wp\/v2\/product_tag?post=35235"}],"curies":[{"name":"wp","href":"https:\/\/api.w.org\/{rel}","templated":true}]}}