{"id":35236,"date":"2004-06-26T12:08:06","date_gmt":"2004-06-26T10:08:06","guid":{"rendered":"http:\/\/www.libraria-occitana.org\/?post_type=product&#038;p=35236\/"},"modified":"2026-04-29T05:01:33","modified_gmt":"2026-04-29T03:01:33","slug":"medelha-drama","status":"publish","type":"product","link":"https:\/\/www.libraria-occitana.org\/en\/product\/medelha-drama\/","title":{"rendered":"Medelha : drama"},"content":{"rendered":"<p style=\"text-align: left;\">\u00ab Ai sovent somiat, passant per lo camin de La Boissi\u00e8ra sus Aniana, d\u2019un teatre per los de l\u2019encontrada, simple, e, benl\u00e8u, sens talament de c\u00f2st. Es adej\u00e0 prest : la terra, lo c\u00e8l, los r\u00f2cs, un riu, l\u2019an fach. Auri\u00e0m pas qu\u2019a lo faire teatre. Fai pensar a los de l\u2019Ellada. Lo riu, sec, l\u2019estiu, dins son escorreguda serpentosa a cerclat als tres quarts un morre que seri\u00e1 l\u00e8u fach de l\u2019aplanir per ne faire la sc\u00e8na. Per lo mond, lo penjal dau serre, redde, que cercla, el, lo riu t\u00f2rs.<\/p>\n<p style=\"text-align: left;\">E la p\u00e8\u00e7a ? La p\u00e8\u00e7a seri\u00e1 coma aquel teatre, dins son \u00e8ime, peir\u00f3s, brutau, dur, sens bel\u00f2ias, mas, de c\u00f2ps, amb l\u2019ample dau vent, de la calor, de l\u2019\u00e8r, dau c\u00e8l, de la nu\u00f2ch ; e que si\u00e1 pasmens lo rebat e la significacion de la vida, dels laguis, dels temp\u00e8ris dels s\u00f2mis e de la malor de tot \u00f2me, per tot temps. \u00bb<\/p>\n<p style=\"text-align: right;\">Max Roqueta<\/p>\n","protected":false},"excerpt":{"rendered":"<p>\u00ab Ai sovent somiat, passant per lo camin de La Boissi\u00e8ra sus Aniana, d\u2019un teatre per los de l\u2019encontrada, simple, e, benl\u00e8u, sens talament de c\u00f2st. Es adej\u00e0 prest : la terra, lo c\u00e8l, los r\u00f2cs, un riu, l\u2019an fach. Auri\u00e0m pas qu\u2019a lo faire teatre. Fai pensar a los de l\u2019Ellada. Lo riu, sec, [&hellip;]<\/p>\n","protected":false},"featured_media":53113,"template":"","meta":{"_acf_changed":false,"_genesis_hide_title":false,"_genesis_hide_breadcrumbs":false,"_genesis_hide_singular_image":false,"_genesis_hide_footer_widgets":false,"_genesis_custom_body_class":"","_genesis_custom_post_class":"","_genesis_layout":""},"product_brand":[],"product_cat":[7132,7184,7174],"product_tag":[],"class_list":{"0":"post-35236","1":"product","2":"type-product","3":"status-publish","4":"has-post-thumbnail","6":"product_cat-books","7":"product_cat-drama-en","8":"product_cat-literature-en","9":"pa_auteur-roqueta-max-en","10":"pa_editeur-federop-en","11":"pa_langue-occitan-en","12":"pa_langue-occitan-lengadocian-en","13":"entry","15":"first","16":"outofstock","17":"shipping-taxable","18":"purchasable","19":"product-type-simple"},"acf":[],"_links":{"self":[{"href":"https:\/\/www.libraria-occitana.org\/en\/wp-json\/wp\/v2\/product\/35236","targetHints":{"allow":["GET"]}}],"collection":[{"href":"https:\/\/www.libraria-occitana.org\/en\/wp-json\/wp\/v2\/product"}],"about":[{"href":"https:\/\/www.libraria-occitana.org\/en\/wp-json\/wp\/v2\/types\/product"}],"wp:featuredmedia":[{"embeddable":true,"href":"https:\/\/www.libraria-occitana.org\/en\/wp-json\/wp\/v2\/media\/53113"}],"wp:attachment":[{"href":"https:\/\/www.libraria-occitana.org\/en\/wp-json\/wp\/v2\/media?parent=35236"}],"wp:term":[{"taxonomy":"product_brand","embeddable":true,"href":"https:\/\/www.libraria-occitana.org\/en\/wp-json\/wp\/v2\/product_brand?post=35236"},{"taxonomy":"product_cat","embeddable":true,"href":"https:\/\/www.libraria-occitana.org\/en\/wp-json\/wp\/v2\/product_cat?post=35236"},{"taxonomy":"product_tag","embeddable":true,"href":"https:\/\/www.libraria-occitana.org\/en\/wp-json\/wp\/v2\/product_tag?post=35236"}],"curies":[{"name":"wp","href":"https:\/\/api.w.org\/{rel}","templated":true}]}}