{"id":35396,"date":"2011-06-03T11:01:17","date_gmt":"2011-06-03T09:01:17","guid":{"rendered":"http:\/\/www.libraria-occitana.org\/?post_type=product&#038;p=35396\/"},"modified":"2026-04-26T05:41:08","modified_gmt":"2026-04-26T03:41:08","slug":"lenterrament-a-sabres","status":"publish","type":"product","link":"https:\/\/www.libraria-occitana.org\/en\/product\/lenterrament-a-sabres\/","title":{"rendered":"L&#8217;Enterrament a Sabres"},"content":{"rendered":"<p>Ce document unique permet d&#8217;entendre la voix incomparable de Bernard Manciet lisant en gascon des extraits de <a href=\"http:\/\/www.libraria-occitana.org\/produit\/lenterrement-a-sabres\/\"><em>L&#8217;Enterrament a Sabres<\/em><\/a>. Cet enregistrement aujourd&#8217;hui restaur\u00e9 et num\u00e9ris\u00e9 a \u00e9t\u00e9 r\u00e9alis\u00e9 par Hermine Karagheuz en 1996 quand elle pr\u00e9parait la mise en sc\u00e8ne de ce texte qui fut jou\u00e9, la m\u00eame ann\u00e9e, dans le cadre prestigieux du Festival d&#8217;Automne de Paris avec l&#8217;auteur comme r\u00e9citant en occitan.<\/p>\n<p>N\u00e9 \u00e0 Sabres, dans les Landes, Bernard Manciet (1923-2005) a publi\u00e9 l&#8217;une des \u0153uvres ma\u00eetresses de la litt\u00e9rature contemporaine en langue occitane. Grande suite de 131 po\u00e8mes dont les premiers extraits ont \u00e9t\u00e9 publi\u00e9s en 1969 dans la revue <em>Oc<\/em>.<\/p>\n","protected":false},"excerpt":{"rendered":"<p>Ce document unique permet d&#8217;entendre la voix incomparable de Bernard Manciet lisant en gascon des extraits de L&#8217;Enterrament a Sabres. Cet enregistrement aujourd&#8217;hui restaur\u00e9 et num\u00e9ris\u00e9 a \u00e9t\u00e9 r\u00e9alis\u00e9 par Hermine Karagheuz en 1996 quand elle pr\u00e9parait la mise en sc\u00e8ne de ce texte qui fut jou\u00e9, la m\u00eame ann\u00e9e, dans le cadre prestigieux du [&hellip;]<\/p>\n","protected":false},"featured_media":51608,"template":"","meta":{"_acf_changed":false,"_genesis_hide_title":false,"_genesis_hide_breadcrumbs":false,"_genesis_hide_singular_image":false,"_genesis_hide_footer_widgets":false,"_genesis_custom_body_class":"","_genesis_custom_post_class":"","_genesis_layout":""},"product_brand":[],"product_cat":[7224,7216],"product_tag":[],"class_list":{"0":"post-35396","1":"product","2":"type-product","3":"status-publish","4":"has-post-thumbnail","6":"product_cat-litterature-musique-en","7":"product_cat-music-en","8":"pa_auteur-manciet-bernat-manciet-bernard-en","9":"pa_editeur-daqui-en","10":"pa_langue-occitan-en","11":"pa_langue-occitan-gascon-en","12":"entry","14":"first","15":"outofstock","16":"shipping-taxable","17":"purchasable","18":"product-type-simple"},"acf":[],"_links":{"self":[{"href":"https:\/\/www.libraria-occitana.org\/en\/wp-json\/wp\/v2\/product\/35396","targetHints":{"allow":["GET"]}}],"collection":[{"href":"https:\/\/www.libraria-occitana.org\/en\/wp-json\/wp\/v2\/product"}],"about":[{"href":"https:\/\/www.libraria-occitana.org\/en\/wp-json\/wp\/v2\/types\/product"}],"wp:featuredmedia":[{"embeddable":true,"href":"https:\/\/www.libraria-occitana.org\/en\/wp-json\/wp\/v2\/media\/51608"}],"wp:attachment":[{"href":"https:\/\/www.libraria-occitana.org\/en\/wp-json\/wp\/v2\/media?parent=35396"}],"wp:term":[{"taxonomy":"product_brand","embeddable":true,"href":"https:\/\/www.libraria-occitana.org\/en\/wp-json\/wp\/v2\/product_brand?post=35396"},{"taxonomy":"product_cat","embeddable":true,"href":"https:\/\/www.libraria-occitana.org\/en\/wp-json\/wp\/v2\/product_cat?post=35396"},{"taxonomy":"product_tag","embeddable":true,"href":"https:\/\/www.libraria-occitana.org\/en\/wp-json\/wp\/v2\/product_tag?post=35396"}],"curies":[{"name":"wp","href":"https:\/\/api.w.org\/{rel}","templated":true}]}}