{"id":35405,"date":"2012-03-13T11:25:09","date_gmt":"2020-07-13T09:37:22","guid":{"rendered":"http:\/\/www.libraria-occitana.org\/?post_type=product&#038;p=35405\/"},"modified":"2024-07-05T00:22:21","modified_gmt":"2024-07-04T22:22:21","slug":"labbaye-et-lordre-de-grandmont-entre-ascetisme-et-opulence-xie-xviiie-siecles","status":"publish","type":"product","link":"https:\/\/www.libraria-occitana.org\/en\/product\/labbaye-et-lordre-de-grandmont-entre-ascetisme-et-opulence-xie-xviiie-siecles\/","title":{"rendered":"L&#8217;abbaye et l&#8217;ordre de Grandmont : Entre asc\u00e9tisme et opulence, XIe-XVIIIe si\u00e8cles"},"content":{"rendered":"<p>Tout le monde a entendu parler des Cisterciens, des Chartreux. Mais qui conna\u00eet les Grandmontains ?<br \/>\nPourtant, l&#8217;ordre de Grandmont, n\u00e9 dans une for\u00eat du Limousin, \u00e9difia en France plus de cent cinquante monast\u00e8res diss\u00e9min\u00e9s dans une grande partie de la France. Ce patrimoine est souvent, aujourd&#8217;hui, en cours de restauration.<br \/>\nCet ouvrage s&#8217;adresse \u00e0 un large public mais int\u00e8gre l&#8217;apport des travaux historiques les plus r\u00e9cents. Dans un style vif, il replace chacune des \u00e9tonnantes p\u00e9rip\u00e9ties de cette histoire dans son contexte : pourquoi l&#8217;aspiration \u00e0 la solitude et \u00e0 la pauvret\u00e9 a-t-elle c\u00e9d\u00e9 devant les cadeaux des rois ? Comment la suppression de l&#8217;ordre s&#8217;est-elle inscrite dans une logique politique qui la d\u00e9passait ?&#8230;<br \/>\nL&#8217;iconographie, riche et vari\u00e9e, fait une large place aux \u00e9maux de Limoges dont les grandmontains ont \u00e9t\u00e9 promoteurs.<\/p>\n","protected":false},"excerpt":{"rendered":"<p>Tout le monde a entendu parler des Cisterciens, des Chartreux. Mais qui conna\u00eet les Grandmontains ? Pourtant, l&#8217;ordre de Grandmont, n\u00e9 dans une for\u00eat du Limousin, \u00e9difia en France plus de cent cinquante monast\u00e8res diss\u00e9min\u00e9s dans une grande partie de la France. Ce patrimoine est souvent, aujourd&#8217;hui, en cours de restauration. Cet ouvrage s&#8217;adresse \u00e0 [&hellip;]<\/p>\n","protected":false},"featured_media":52228,"template":"","meta":{"_acf_changed":false,"_genesis_hide_title":false,"_genesis_hide_breadcrumbs":false,"_genesis_hide_singular_image":false,"_genesis_hide_footer_widgets":false,"_genesis_custom_body_class":"","_genesis_custom_post_class":"","_genesis_layout":""},"product_brand":[],"product_cat":[7132,7156,7148],"product_tag":[],"class_list":{"0":"post-35405","1":"product","2":"type-product","3":"status-publish","4":"has-post-thumbnail","6":"product_cat-books","7":"product_cat-general-history-en","8":"product_cat-history-geography-en","9":"pa_auteur-chanaud-robert-en","10":"pa_editeur-culture-patrimoine-en-limousin-en","11":"pa_langue-francais-en","12":"entry","14":"first","15":"outofstock","16":"shipping-taxable","17":"purchasable","18":"product-type-simple"},"acf":[],"_links":{"self":[{"href":"https:\/\/www.libraria-occitana.org\/en\/wp-json\/wp\/v2\/product\/35405","targetHints":{"allow":["GET"]}}],"collection":[{"href":"https:\/\/www.libraria-occitana.org\/en\/wp-json\/wp\/v2\/product"}],"about":[{"href":"https:\/\/www.libraria-occitana.org\/en\/wp-json\/wp\/v2\/types\/product"}],"wp:featuredmedia":[{"embeddable":true,"href":"https:\/\/www.libraria-occitana.org\/en\/wp-json\/wp\/v2\/media\/52228"}],"wp:attachment":[{"href":"https:\/\/www.libraria-occitana.org\/en\/wp-json\/wp\/v2\/media?parent=35405"}],"wp:term":[{"taxonomy":"product_brand","embeddable":true,"href":"https:\/\/www.libraria-occitana.org\/en\/wp-json\/wp\/v2\/product_brand?post=35405"},{"taxonomy":"product_cat","embeddable":true,"href":"https:\/\/www.libraria-occitana.org\/en\/wp-json\/wp\/v2\/product_cat?post=35405"},{"taxonomy":"product_tag","embeddable":true,"href":"https:\/\/www.libraria-occitana.org\/en\/wp-json\/wp\/v2\/product_tag?post=35405"}],"curies":[{"name":"wp","href":"https:\/\/api.w.org\/{rel}","templated":true}]}}