{"id":35425,"date":"2002-04-07T18:27:34","date_gmt":"2002-04-07T16:27:34","guid":{"rendered":"http:\/\/www.libraria-occitana.org\/?post_type=product&#038;p=35425\/"},"modified":"2026-04-29T02:56:24","modified_gmt":"2026-04-29T00:56:24","slug":"gaston-vuillier-ou-le-trait-du-voyageur-2","status":"publish","type":"product","link":"https:\/\/www.libraria-occitana.org\/en\/product\/gaston-vuillier-ou-le-trait-du-voyageur-2\/","title":{"rendered":"Gaston Vuillier ou le trait du voyageur"},"content":{"rendered":"<p>Au d\u00e9but du XXe si\u00e8cle, la photographie triomphe, supplantant les dessinateurs qui avaient pos\u00e9 sur le monde l\u2019\u0153il du voyageur et du reporter. Gaston Vuillier est un des ces grands oubli\u00e9s. Apr\u00e8s une jeunesse pass\u00e9e dans les Pyr\u00e9n\u00e9es audoises et un s\u00e9jour de cinq ans en Alg\u00e9rie, il monte \u00e0 Paris en 1878. Il a trente-trois ans, il est d\u00e9cid\u00e9 \u00e0 devenir artiste. Il trouvera sa voie dans les grandes revues illustr\u00e9es comme <em>Le tour du monde<\/em>. De l\u2019Andorre \u00e0 la Tunisie, en passant par les Bal\u00e9ares, la Corse, la Sardaigne, Malte et la Sicile, il devient le dessinateur des <em>\u00eeles oubli\u00e9es<\/em> de la M\u00e9diterran\u00e9e. \u00c0 partir de 1892, c\u2019est en Limousin, \u00e0 Gimel, qu\u2019il trouve son port d\u2019attache. Il reconna\u00eet un paysage exceptionnel : des cascades somptueuses qui \u00e9voquent son pays d\u2019enfance. Il luttera vingt ans pour la sauvegarde du site. Il meurt l\u00e0 en 1915, rejoignant dans son paysage \u00ab l\u2019\u00e9ternelle rumeur des eaux \u00bb.<\/p>\n<p>Les auteurs : Lucie Desiderie, Daniel Fabre, Anna Iuso, Fran\u00e7oise Maison, Michel Melot, Jean-Pierre Pini\u00e8s, Fran\u00e7ois Pouillon, Alain Sentier, Claudie Voisenat.<\/p>\n<p>Cet ouvrage est le catalogue de l&#8217;exposition \u00ab Gaston Vuillier ou le trait du voyageur \u00bb. Il a \u00e9t\u00e9 coordonn\u00e9 par Daniel Fabre et Anna Iuso et r\u00e9alis\u00e9 dans la cadre de l\u2019Ethnop\u00f4le Garae, Maison des M\u00e9moires, Carcassonne. Il comporte 19 photos et 71 dessins.<\/p>\n","protected":false},"excerpt":{"rendered":"<p>Au d\u00e9but du XXe si\u00e8cle, la photographie triomphe, supplantant les dessinateurs qui avaient pos\u00e9 sur le monde l\u2019\u0153il du voyageur et du reporter. Gaston Vuillier est un des ces grands oubli\u00e9s. Apr\u00e8s une jeunesse pass\u00e9e dans les Pyr\u00e9n\u00e9es audoises et un s\u00e9jour de cinq ans en Alg\u00e9rie, il monte \u00e0 Paris en 1878. Il a [&hellip;]<\/p>\n","protected":false},"featured_media":38179,"template":"","meta":{"_acf_changed":false,"_genesis_hide_title":false,"_genesis_hide_breadcrumbs":false,"_genesis_hide_singular_image":false,"_genesis_hide_footer_widgets":false,"_genesis_custom_body_class":"","_genesis_custom_post_class":"","_genesis_layout":""},"product_brand":[],"product_cat":[7134,7132],"product_tag":[],"class_list":{"0":"post-35425","1":"product","2":"type-product","3":"status-publish","4":"has-post-thumbnail","6":"product_cat-arts-en","7":"product_cat-books","8":"pa_auteur-collectiu-en-2","9":"pa_auteur-fabre-daniel-en","10":"pa_auteur-iuso-anna-en","11":"pa_editeur-garae-hesiode-en","12":"pa_langue-francais-en","13":"entry","15":"first","16":"instock","17":"shipping-taxable","18":"purchasable","19":"product-type-simple"},"acf":[],"_links":{"self":[{"href":"https:\/\/www.libraria-occitana.org\/en\/wp-json\/wp\/v2\/product\/35425","targetHints":{"allow":["GET"]}}],"collection":[{"href":"https:\/\/www.libraria-occitana.org\/en\/wp-json\/wp\/v2\/product"}],"about":[{"href":"https:\/\/www.libraria-occitana.org\/en\/wp-json\/wp\/v2\/types\/product"}],"wp:featuredmedia":[{"embeddable":true,"href":"https:\/\/www.libraria-occitana.org\/en\/wp-json\/wp\/v2\/media\/38179"}],"wp:attachment":[{"href":"https:\/\/www.libraria-occitana.org\/en\/wp-json\/wp\/v2\/media?parent=35425"}],"wp:term":[{"taxonomy":"product_brand","embeddable":true,"href":"https:\/\/www.libraria-occitana.org\/en\/wp-json\/wp\/v2\/product_brand?post=35425"},{"taxonomy":"product_cat","embeddable":true,"href":"https:\/\/www.libraria-occitana.org\/en\/wp-json\/wp\/v2\/product_cat?post=35425"},{"taxonomy":"product_tag","embeddable":true,"href":"https:\/\/www.libraria-occitana.org\/en\/wp-json\/wp\/v2\/product_tag?post=35425"}],"curies":[{"name":"wp","href":"https:\/\/api.w.org\/{rel}","templated":true}]}}