{"id":35440,"date":"2011-07-19T10:36:04","date_gmt":"2011-07-19T08:36:04","guid":{"rendered":"http:\/\/www.libraria-occitana.org\/?post_type=product&#038;p=35440\/"},"modified":"2026-04-16T05:07:04","modified_gmt":"2026-04-16T03:07:04","slug":"erbari-herbier","status":"publish","type":"product","link":"https:\/\/www.libraria-occitana.org\/en\/product\/erbari-herbier\/","title":{"rendered":"Erbari &#8211; Herbier"},"content":{"rendered":"<p>Jean-Marie Petit nous pr\u00e9sente ici un herbier de 52 po\u00e8mes-plantes bien lun\u00e9s, un par semaine de l&#8217;ann\u00e9e. Ce sont autant de fiches botaniques et po\u00e9tiques, la plupart tr\u00e8s br\u00e8ves, \u00e9bauchant un portrait d&#8217;arbre, d&#8217;herbe, de fleur, ou \u00e9voquant un souvenir, une croyance, une image li\u00e9e \u00e0 une plante. On voit ainsi se dessiner une flore doubl\u00e9e d&#8217;une sagesse qui doit beaucoup \u00e0 la tradition populaire, une v\u00e9g\u00e9tation famili\u00e8re et fantasque comme les po\u00e8mes de l&#8217;auteur. On trouve parmi elles les plantes du jardin, du verger et des champs : grenadier, figuier, amandier, cerisier, vigne et treille, poireau. Mais on y trouve aussi les mauvaises herbes et les plantes sauvages, qui sont tout simplement des \u00eatres libres : gen\u00eat, laiteron, ronce, houx fragon, liseron, chiendent. L&#8217;ethnobotanique rejoint ici la r\u00eaverie : on apprend par exemple la formule incantatoire qui force le hi\u00e8ble, petit fr\u00e8re du sureau, \u00e0 soigner le ver du foie ou l&#8217;effet, conforme \u00e0 l&#8217;\u00e9tymologie, de l&#8217;onoporde sur nos amis baudets. Chaque po\u00e8me est une surprise, celle qu&#8217;on \u00e9prouve \u00e0 retrouver le sourire d&#8217;une fleur que l&#8217;on n&#8217;attendait pas ou une sc\u00e8ne d&#8217;enfance jusque l\u00e0 oubli\u00e9e. L&#8217;herbier de Jean-Marie Petit : une saisie phytopo\u00e9tique du monde, profond\u00e9ment humaine, car rien n&#8217;est plus humain que ces \u00eatres vivants priv\u00e9s de parole et m\u00eame de conscience, que nous appelons plantes.<\/p>\n","protected":false},"excerpt":{"rendered":"<p>Jean-Marie Petit nous pr\u00e9sente ici un herbier de 52 po\u00e8mes-plantes bien lun\u00e9s, un par semaine de l&#8217;ann\u00e9e. Ce sont autant de fiches botaniques et po\u00e9tiques, la plupart tr\u00e8s br\u00e8ves, \u00e9bauchant un portrait d&#8217;arbre, d&#8217;herbe, de fleur, ou \u00e9voquant un souvenir, une croyance, une image li\u00e9e \u00e0 une plante. On voit ainsi se dessiner une flore [&hellip;]<\/p>\n","protected":false},"featured_media":43651,"template":"","meta":{"_acf_changed":false,"_genesis_hide_title":false,"_genesis_hide_breadcrumbs":false,"_genesis_hide_singular_image":false,"_genesis_hide_footer_widgets":false,"_genesis_custom_body_class":"","_genesis_custom_post_class":"","_genesis_layout":""},"product_brand":[],"product_cat":[7132,7174,7180],"product_tag":[],"class_list":{"0":"post-35440","1":"product","2":"type-product","3":"status-publish","4":"has-post-thumbnail","6":"product_cat-books","7":"product_cat-literature-en","8":"product_cat-poetry-en","9":"pa_auteur-petit-joan-maria-en","10":"pa_editeur-jorn-en","11":"pa_langue-occitan-lengadocian-en","12":"pa_langue-occitan-francais-en","13":"entry","15":"first","16":"instock","17":"shipping-taxable","18":"purchasable","19":"product-type-simple"},"acf":[],"_links":{"self":[{"href":"https:\/\/www.libraria-occitana.org\/en\/wp-json\/wp\/v2\/product\/35440","targetHints":{"allow":["GET"]}}],"collection":[{"href":"https:\/\/www.libraria-occitana.org\/en\/wp-json\/wp\/v2\/product"}],"about":[{"href":"https:\/\/www.libraria-occitana.org\/en\/wp-json\/wp\/v2\/types\/product"}],"wp:featuredmedia":[{"embeddable":true,"href":"https:\/\/www.libraria-occitana.org\/en\/wp-json\/wp\/v2\/media\/43651"}],"wp:attachment":[{"href":"https:\/\/www.libraria-occitana.org\/en\/wp-json\/wp\/v2\/media?parent=35440"}],"wp:term":[{"taxonomy":"product_brand","embeddable":true,"href":"https:\/\/www.libraria-occitana.org\/en\/wp-json\/wp\/v2\/product_brand?post=35440"},{"taxonomy":"product_cat","embeddable":true,"href":"https:\/\/www.libraria-occitana.org\/en\/wp-json\/wp\/v2\/product_cat?post=35440"},{"taxonomy":"product_tag","embeddable":true,"href":"https:\/\/www.libraria-occitana.org\/en\/wp-json\/wp\/v2\/product_tag?post=35440"}],"curies":[{"name":"wp","href":"https:\/\/api.w.org\/{rel}","templated":true}]}}