{"id":35590,"date":"2005-09-06T11:11:42","date_gmt":"2005-09-06T09:11:42","guid":{"rendered":"http:\/\/www.libraria-occitana.org\/?post_type=product&#038;p=35590\/"},"modified":"2026-04-29T10:54:26","modified_gmt":"2026-04-29T08:54:26","slug":"casaus-perduts","status":"publish","type":"product","link":"https:\/\/www.libraria-occitana.org\/en\/product\/casaus-perduts\/","title":{"rendered":"Casaus perduts"},"content":{"rendered":"<p><em>Les Jardins perdus<\/em> ressemblent aux tableaux de la Lande du XXe si\u00e8cle, peupl\u00e9s de femmes et d\u2019hommes observ\u00e9s par le regard toujours vif et ac\u00e9r\u00e9 de l\u2019\u00e9crivain-po\u00e8te Manciet. Un recueil de nouvelles o\u00f9 pointent la douceur, l\u2019ironie, mais aussi la gravit\u00e9 des gestes ainsi que les silences d\u2019une humanit\u00e9 d\u00e9pass\u00e9e par la folle course du temps. Des r\u00e9cits d\u00e9pourvus de nostalgie qui nous montrent les reflets d\u2019un monde aux abois&#8230;<\/p>\n<p>En fran\u00e7ais :<br \/>\n<a href=\"http:\/\/www.libraria-occitana.org\/produit\/jardins-perdus\/\"><em>Jardins perdus<\/em><\/a><br \/>\n<a href=\"http:\/\/www.libraria-occitana.org\/produit\/les-murmures-du-mal-jardins-perdus-2\/\"><em>Les murmures du mal<\/em><\/a> (<em>Jardins perdus<\/em> 2)<\/p>\n","protected":false},"excerpt":{"rendered":"<p>Les Jardins perdus ressemblent aux tableaux de la Lande du XXe si\u00e8cle, peupl\u00e9s de femmes et d\u2019hommes observ\u00e9s par le regard toujours vif et ac\u00e9r\u00e9 de l\u2019\u00e9crivain-po\u00e8te Manciet. Un recueil de nouvelles o\u00f9 pointent la douceur, l\u2019ironie, mais aussi la gravit\u00e9 des gestes ainsi que les silences d\u2019une humanit\u00e9 d\u00e9pass\u00e9e par la folle course du [&hellip;]<\/p>\n","protected":false},"featured_media":38505,"template":"","meta":{"_acf_changed":false,"_genesis_hide_title":false,"_genesis_hide_breadcrumbs":false,"_genesis_hide_singular_image":false,"_genesis_hide_footer_widgets":false,"_genesis_custom_body_class":"","_genesis_custom_post_class":"","_genesis_layout":""},"product_brand":[],"product_cat":[7132,7174,7182,7238],"product_tag":[],"class_list":{"0":"post-35590","1":"product","2":"type-product","3":"status-publish","4":"has-post-thumbnail","6":"product_cat-books","7":"product_cat-literature-en","8":"product_cat-novels-short-stories-en","9":"product_cat-promotions-en","10":"pa_auteur-manciet-bernat-manciet-bernard-en","11":"pa_editeur-reclams-en","12":"pa_langue-occitan-en","13":"pa_langue-occitan-gascon-en","14":"entry","16":"first","17":"instock","18":"sold-individually","19":"shipping-taxable","20":"purchasable","21":"product-type-simple"},"acf":[],"_links":{"self":[{"href":"https:\/\/www.libraria-occitana.org\/en\/wp-json\/wp\/v2\/product\/35590","targetHints":{"allow":["GET"]}}],"collection":[{"href":"https:\/\/www.libraria-occitana.org\/en\/wp-json\/wp\/v2\/product"}],"about":[{"href":"https:\/\/www.libraria-occitana.org\/en\/wp-json\/wp\/v2\/types\/product"}],"wp:featuredmedia":[{"embeddable":true,"href":"https:\/\/www.libraria-occitana.org\/en\/wp-json\/wp\/v2\/media\/38505"}],"wp:attachment":[{"href":"https:\/\/www.libraria-occitana.org\/en\/wp-json\/wp\/v2\/media?parent=35590"}],"wp:term":[{"taxonomy":"product_brand","embeddable":true,"href":"https:\/\/www.libraria-occitana.org\/en\/wp-json\/wp\/v2\/product_brand?post=35590"},{"taxonomy":"product_cat","embeddable":true,"href":"https:\/\/www.libraria-occitana.org\/en\/wp-json\/wp\/v2\/product_cat?post=35590"},{"taxonomy":"product_tag","embeddable":true,"href":"https:\/\/www.libraria-occitana.org\/en\/wp-json\/wp\/v2\/product_tag?post=35590"}],"curies":[{"name":"wp","href":"https:\/\/api.w.org\/{rel}","templated":true}]}}