{"id":35608,"date":"2011-01-20T19:03:05","date_gmt":"2011-01-20T18:03:05","guid":{"rendered":"http:\/\/www.libraria-occitana.org\/?post_type=product&#038;p=35608\/"},"modified":"2026-04-16T01:27:05","modified_gmt":"2026-04-15T23:27:05","slug":"cabreta-ma-mestressa","status":"publish","type":"product","link":"https:\/\/www.libraria-occitana.org\/en\/product\/cabreta-ma-mestressa\/","title":{"rendered":"Cabreta ma mestressa"},"content":{"rendered":"<p><strong>Titres :<\/strong><br \/>\n1. Lou Santi (Les Saints)<br \/>\n2. Guillerette polka<br \/>\n3. Bourr\u00e9e de Saint Chartier<br \/>\n4. Lo calho &#8211; A Montpellier (bourr\u00e9es)<br \/>\n5. Quand la Margui vai au molin (valse)<br \/>\n6. Cosin Janton et Fai zo me (bourr\u00e9es)<br \/>\n7. Filhas fau nos en anar et Pierre Labouro<br \/>\n8. Valse p\u00e9rigourdine<br \/>\n9. Le l\u00e9zard<br \/>\n10. Quand je pourrai le voir et Valse \u00e0 Ladonne<br \/>\n11. Cocherai pas soleta et Tucho los ganhons<br \/>\n12. Polka a Ladonne<br \/>\n13. Marche nuptiale et Jolie musette<br \/>\n14. Mazurka \u00e0 Sylvie<br \/>\n15. Onte anarem gardar<br \/>\n16. Polka du Grand Rouge et Polka d&#8217;Olt<br \/>\n17. Les pommes sucr\u00e9es, La chanson des mois, Aval dins las robieras<br \/>\n18. Polka glissante de Lubersac<br \/>\n19. Mazurka sans t\u00eate et Mazurka morvandelle<br \/>\n20. Scottish des Landes<br \/>\n21. Lou Santi<\/p>\n","protected":false},"excerpt":{"rendered":"<p>Titres : 1. Lou Santi (Les Saints) 2. Guillerette polka 3. Bourr\u00e9e de Saint Chartier 4. Lo calho &#8211; A Montpellier (bourr\u00e9es) 5. Quand la Margui vai au molin (valse) 6. Cosin Janton et Fai zo me (bourr\u00e9es) 7. Filhas fau nos en anar et Pierre Labouro 8. Valse p\u00e9rigourdine 9. Le l\u00e9zard 10. Quand [&hellip;]<\/p>\n","protected":false},"featured_media":37118,"template":"","meta":{"_acf_changed":false,"_genesis_hide_title":false,"_genesis_hide_breadcrumbs":false,"_genesis_hide_singular_image":false,"_genesis_hide_footer_widgets":false,"_genesis_custom_body_class":"","_genesis_custom_post_class":"","_genesis_layout":""},"product_brand":[],"product_cat":[7228,7216],"product_tag":[],"class_list":{"0":"post-35608","1":"product","2":"type-product","3":"status-publish","4":"has-post-thumbnail","6":"product_cat-modern-folk-en","7":"product_cat-music-en","8":"pa_auteur-charpentier-christian-en","9":"pa_editeur-christian-charpentier-en","10":"entry","12":"first","13":"instock","14":"shipping-taxable","15":"purchasable","16":"product-type-simple"},"acf":[],"_links":{"self":[{"href":"https:\/\/www.libraria-occitana.org\/en\/wp-json\/wp\/v2\/product\/35608","targetHints":{"allow":["GET"]}}],"collection":[{"href":"https:\/\/www.libraria-occitana.org\/en\/wp-json\/wp\/v2\/product"}],"about":[{"href":"https:\/\/www.libraria-occitana.org\/en\/wp-json\/wp\/v2\/types\/product"}],"wp:featuredmedia":[{"embeddable":true,"href":"https:\/\/www.libraria-occitana.org\/en\/wp-json\/wp\/v2\/media\/37118"}],"wp:attachment":[{"href":"https:\/\/www.libraria-occitana.org\/en\/wp-json\/wp\/v2\/media?parent=35608"}],"wp:term":[{"taxonomy":"product_brand","embeddable":true,"href":"https:\/\/www.libraria-occitana.org\/en\/wp-json\/wp\/v2\/product_brand?post=35608"},{"taxonomy":"product_cat","embeddable":true,"href":"https:\/\/www.libraria-occitana.org\/en\/wp-json\/wp\/v2\/product_cat?post=35608"},{"taxonomy":"product_tag","embeddable":true,"href":"https:\/\/www.libraria-occitana.org\/en\/wp-json\/wp\/v2\/product_tag?post=35608"}],"curies":[{"name":"wp","href":"https:\/\/api.w.org\/{rel}","templated":true}]}}