{"id":35610,"date":"2009-07-26T20:16:56","date_gmt":"2009-07-26T18:16:56","guid":{"rendered":"http:\/\/www.libraria-occitana.org\/?post_type=product&#038;p=35610\/"},"modified":"2026-04-20T02:36:25","modified_gmt":"2026-04-20T00:36:25","slug":"cabrette-musique-daubrac","status":"publish","type":"product","link":"https:\/\/www.libraria-occitana.org\/en\/product\/cabrette-musique-daubrac\/","title":{"rendered":"Cabrette : Musique d&#8217;Aubrac"},"content":{"rendered":"<p><strong>Christophe Burg :<\/strong> cabrette<br \/>\n<strong>Invit\u00e9s : Guy Chauzy<\/strong> (accord\u00e9on chromatique), <strong>Gaelle Burg<\/strong> (banjo).<\/p>\n<p>Livret 12 pages, indication des sources.<br \/>\nTraditionnel : Auvergne.<\/p>\n<p>De la musique auvergnate, servie avec finesse et humanit\u00e9.<br \/>\nUn r\u00e9gal !<\/p>\n<p><strong>Titres :<\/strong><br \/>\n1. Suite de marches nuptiales 3&#8217;07<br \/>\n2. Paro lou loup 1&#8217;51<br \/>\n3. A Costeroste 1&#8217;53<br \/>\n4. Polka des Coustoubis 1&#8217;52<br \/>\n5. Valse \u00e0 Cros 2&#8217;30<br \/>\n6. Mountabe la marmito 2&#8217;06<br \/>\n7. Graciouso 3&#8217;30<br \/>\n8. Valsez pastourelles \/ Buisson fleuri 3&#8217;11<br \/>\n9. Muguette 2&#8217;52<br \/>\n10. Le pont de la Cad\u00e8ne 2&#8217;27<br \/>\n11. La Tourneja\u00efro 2&#8217;41<br \/>\n12. L&#8217;Aurillacoise 3&#8217;01<br \/>\n13. La Garello de Lounguet 1&#8217;36<br \/>\n14. Cantalise 2&#8217;14<br \/>\n15. La Ruth\u00e9noise 2&#8217;20<br \/>\n16. Polka piqu\u00e9e \u00e0 S\u00e9brier 2&#8217;42<br \/>\n17. Bourr\u00e9e \u00e0 Bergheaud 2&#8217;02<br \/>\n18. La Tricoutado 2&#8217;32<br \/>\n19. Dans mon jardin ou Jardin d&#8217;amour 2&#8217;13<br \/>\n20. Bourr\u00e9e populaire 3&#8217;20<br \/>\n21. Quand gardabe&#8230; \/ Al fount del Prat 3&#8217;41<br \/>\n22. Bourr\u00e9e du Merle 2&#8217;18<br \/>\n23. La Montagnarde 4&#8217;28<\/p>\n","protected":false},"excerpt":{"rendered":"<p>Christophe Burg : cabrette Invit\u00e9s : Guy Chauzy (accord\u00e9on chromatique), Gaelle Burg (banjo). Livret 12 pages, indication des sources. Traditionnel : Auvergne. De la musique auvergnate, servie avec finesse et humanit\u00e9. Un r\u00e9gal ! Titres : 1. Suite de marches nuptiales 3&#8217;07 2. Paro lou loup 1&#8217;51 3. A Costeroste 1&#8217;53 4. Polka des Coustoubis [&hellip;]<\/p>\n","protected":false},"featured_media":37340,"template":"","meta":{"_acf_changed":false,"_genesis_hide_title":false,"_genesis_hide_breadcrumbs":false,"_genesis_hide_singular_image":false,"_genesis_hide_footer_widgets":false,"_genesis_custom_body_class":"","_genesis_custom_post_class":"","_genesis_layout":""},"product_brand":[],"product_cat":[7228,7216],"product_tag":[],"class_list":{"0":"post-35610","1":"product","2":"type-product","3":"status-publish","4":"has-post-thumbnail","6":"product_cat-modern-folk-en","7":"product_cat-music-en","8":"pa_auteur-burg-christophe-en","9":"pa_editeur-aepem-en","10":"entry","12":"first","13":"outofstock","14":"shipping-taxable","15":"purchasable","16":"product-type-simple"},"acf":[],"_links":{"self":[{"href":"https:\/\/www.libraria-occitana.org\/en\/wp-json\/wp\/v2\/product\/35610","targetHints":{"allow":["GET"]}}],"collection":[{"href":"https:\/\/www.libraria-occitana.org\/en\/wp-json\/wp\/v2\/product"}],"about":[{"href":"https:\/\/www.libraria-occitana.org\/en\/wp-json\/wp\/v2\/types\/product"}],"wp:featuredmedia":[{"embeddable":true,"href":"https:\/\/www.libraria-occitana.org\/en\/wp-json\/wp\/v2\/media\/37340"}],"wp:attachment":[{"href":"https:\/\/www.libraria-occitana.org\/en\/wp-json\/wp\/v2\/media?parent=35610"}],"wp:term":[{"taxonomy":"product_brand","embeddable":true,"href":"https:\/\/www.libraria-occitana.org\/en\/wp-json\/wp\/v2\/product_brand?post=35610"},{"taxonomy":"product_cat","embeddable":true,"href":"https:\/\/www.libraria-occitana.org\/en\/wp-json\/wp\/v2\/product_cat?post=35610"},{"taxonomy":"product_tag","embeddable":true,"href":"https:\/\/www.libraria-occitana.org\/en\/wp-json\/wp\/v2\/product_tag?post=35610"}],"curies":[{"name":"wp","href":"https:\/\/api.w.org\/{rel}","templated":true}]}}