{"id":35701,"date":"2000-03-18T12:16:22","date_gmt":"2000-03-18T11:16:22","guid":{"rendered":"http:\/\/www.libraria-occitana.org\/?post_type=product&#038;p=35701\/"},"modified":"2026-04-26T00:06:34","modified_gmt":"2026-04-25T22:06:34","slug":"lo-maucor-de-lunicorn-le-tourment-de-la-licorne","status":"publish","type":"product","link":"https:\/\/www.libraria-occitana.org\/en\/product\/lo-maucor-de-lunicorn-le-tourment-de-la-licorne\/","title":{"rendered":"Lo mauc\u00f2r de l&#8217;unic\u00f2rn &#8211; Le tourment de la licorne"},"content":{"rendered":"<p>Recueil o\u00f9 s&#8217;approfondit une tendance amorc\u00e9e dans les <a href=\"http:\/\/www.libraria-occitana.org\/produit\/los-saumes-de-la-nuoch-les-psaumes-de-la-nuit\/\"><em>Psaumes de la nuit<\/em><\/a>, celle d&#8217;une appel plus constant et plus libre aux forces qui nous habitent, nous agitent. Et constituent, autour de notre esprit de veille, la vision et jusqu&#8217;\u00e0 la pr\u00e9sence de tout cet univers obscur, parall\u00e8le au n\u00f4tre et qui contrairement \u00e0 ses horizons limit\u00e9s, nous ouvre toutes grandes les portes d&#8217;un autre monde, aux limites du n\u00f4tre, mais \u00e9tranger \u00e0 lui. Dont la vision nous \u00e9tonne et dont le regard nous fascine. Et nous interroge. Infiniment.<\/p>\n<p>Po\u00e8mes en occitan. Version fran\u00e7aise de l&#8217;auteur.<\/p>\n","protected":false},"excerpt":{"rendered":"<p>Recueil o\u00f9 s&#8217;approfondit une tendance amorc\u00e9e dans les Psaumes de la nuit, celle d&#8217;une appel plus constant et plus libre aux forces qui nous habitent, nous agitent. Et constituent, autour de notre esprit de veille, la vision et jusqu&#8217;\u00e0 la pr\u00e9sence de tout cet univers obscur, parall\u00e8le au n\u00f4tre et qui contrairement \u00e0 ses horizons [&hellip;]<\/p>\n","protected":false},"featured_media":52988,"template":"","meta":{"_acf_changed":false,"_genesis_hide_title":false,"_genesis_hide_breadcrumbs":false,"_genesis_hide_singular_image":false,"_genesis_hide_footer_widgets":false,"_genesis_custom_body_class":"","_genesis_custom_post_class":"","_genesis_layout":""},"product_brand":[],"product_cat":[7132,7174,7180],"product_tag":[],"class_list":{"0":"post-35701","1":"product","2":"type-product","3":"status-publish","4":"has-post-thumbnail","6":"product_cat-books","7":"product_cat-literature-en","8":"product_cat-poetry-en","9":"pa_auteur-roqueta-max-en","10":"pa_editeur-domens-en","11":"pa_langue-occitan-lengadocian-en","12":"pa_langue-occitan-francais-en","13":"entry","15":"first","16":"outofstock","17":"shipping-taxable","18":"purchasable","19":"product-type-simple"},"acf":[],"_links":{"self":[{"href":"https:\/\/www.libraria-occitana.org\/en\/wp-json\/wp\/v2\/product\/35701","targetHints":{"allow":["GET"]}}],"collection":[{"href":"https:\/\/www.libraria-occitana.org\/en\/wp-json\/wp\/v2\/product"}],"about":[{"href":"https:\/\/www.libraria-occitana.org\/en\/wp-json\/wp\/v2\/types\/product"}],"wp:featuredmedia":[{"embeddable":true,"href":"https:\/\/www.libraria-occitana.org\/en\/wp-json\/wp\/v2\/media\/52988"}],"wp:attachment":[{"href":"https:\/\/www.libraria-occitana.org\/en\/wp-json\/wp\/v2\/media?parent=35701"}],"wp:term":[{"taxonomy":"product_brand","embeddable":true,"href":"https:\/\/www.libraria-occitana.org\/en\/wp-json\/wp\/v2\/product_brand?post=35701"},{"taxonomy":"product_cat","embeddable":true,"href":"https:\/\/www.libraria-occitana.org\/en\/wp-json\/wp\/v2\/product_cat?post=35701"},{"taxonomy":"product_tag","embeddable":true,"href":"https:\/\/www.libraria-occitana.org\/en\/wp-json\/wp\/v2\/product_tag?post=35701"}],"curies":[{"name":"wp","href":"https:\/\/api.w.org\/{rel}","templated":true}]}}