{"id":35706,"date":"2014-11-29T11:33:12","date_gmt":"2014-11-29T10:33:12","guid":{"rendered":"http:\/\/www.libraria-occitana.org\/?post_type=product&#038;p=35706\/"},"modified":"2026-04-25T01:06:31","modified_gmt":"2026-04-24T23:06:31","slug":"lo-rei-de-las-agraulas-libre-cd","status":"publish","type":"product","link":"https:\/\/www.libraria-occitana.org\/en\/product\/lo-rei-de-las-agraulas-libre-cd\/","title":{"rendered":"Lo Rei de las Agraulas (libre + CD)"},"content":{"rendered":"<p>La plus jeune fille de l\u2019Homme vert, mari\u00e9e au Roi des Corbeaux, doit patienter jusqu\u2019\u00e0 ses dix-sept ans pour d\u00e9couvrir l\u2019apparence humaine de son \u00e9poux, mais, trop curieuse, elle d\u00e9sob\u00e9it la veille de son dix-septi\u00e8me anniversaire ! Le roi est d\u00e9sormais encha\u00een\u00e9 \u00e0 une montagne, et la jeune reine devra surmonter bien des \u00e9preuves dans sa qu\u00eate de l\u2019herbe magique qui les d\u00e9livrera du sortil\u00e8ge\u2026<\/p>\n<p>Si ce conte est unique, et op\u00e8re toujours aussi bien, c\u2019est qu\u2019il a \u00e9t\u00e9 con\u00e7u dans une approche singuli\u00e8re, un travail de r\u00e9\u00e9criture de motifs traditionnels oraux autour d\u2019une cr\u00e9ation nouvelle \u2013 une sp\u00e9cificit\u00e9 de Joan-Franc\u00e9s Blad\u00e9, peut-\u00eatre autant auteur que collecteur\u2026<\/p>\n","protected":false},"excerpt":{"rendered":"<p>La plus jeune fille de l\u2019Homme vert, mari\u00e9e au Roi des Corbeaux, doit patienter jusqu\u2019\u00e0 ses dix-sept ans pour d\u00e9couvrir l\u2019apparence humaine de son \u00e9poux, mais, trop curieuse, elle d\u00e9sob\u00e9it la veille de son dix-septi\u00e8me anniversaire ! Le roi est d\u00e9sormais encha\u00een\u00e9 \u00e0 une montagne, et la jeune reine devra surmonter bien des \u00e9preuves dans [&hellip;]<\/p>\n","protected":false},"featured_media":52764,"template":"","meta":{"_acf_changed":false,"_genesis_hide_title":false,"_genesis_hide_breadcrumbs":false,"_genesis_hide_singular_image":false,"_genesis_hide_footer_widgets":false,"_genesis_custom_body_class":"","_genesis_custom_post_class":"","_genesis_layout":""},"product_brand":[],"product_cat":[7132,7170,7164],"product_tag":[],"class_list":{"0":"post-35706","1":"product","2":"type-product","3":"status-publish","4":"has-post-thumbnail","6":"product_cat-books","7":"product_cat-juvenile-en","8":"product_cat-juvenile-and-teen-comics-humour-en","9":"pa_auteur-blader-joan-frances-en","10":"pa_editeur-letras-doc-en","11":"pa_illustrateur-vissiere-sofia-en","12":"pa_langue-occitan-en","13":"pa_langue-occitan-gascon-en","14":"entry","16":"first","17":"instock","18":"shipping-taxable","19":"purchasable","20":"product-type-simple"},"acf":[],"_links":{"self":[{"href":"https:\/\/www.libraria-occitana.org\/en\/wp-json\/wp\/v2\/product\/35706","targetHints":{"allow":["GET"]}}],"collection":[{"href":"https:\/\/www.libraria-occitana.org\/en\/wp-json\/wp\/v2\/product"}],"about":[{"href":"https:\/\/www.libraria-occitana.org\/en\/wp-json\/wp\/v2\/types\/product"}],"wp:featuredmedia":[{"embeddable":true,"href":"https:\/\/www.libraria-occitana.org\/en\/wp-json\/wp\/v2\/media\/52764"}],"wp:attachment":[{"href":"https:\/\/www.libraria-occitana.org\/en\/wp-json\/wp\/v2\/media?parent=35706"}],"wp:term":[{"taxonomy":"product_brand","embeddable":true,"href":"https:\/\/www.libraria-occitana.org\/en\/wp-json\/wp\/v2\/product_brand?post=35706"},{"taxonomy":"product_cat","embeddable":true,"href":"https:\/\/www.libraria-occitana.org\/en\/wp-json\/wp\/v2\/product_cat?post=35706"},{"taxonomy":"product_tag","embeddable":true,"href":"https:\/\/www.libraria-occitana.org\/en\/wp-json\/wp\/v2\/product_tag?post=35706"}],"curies":[{"name":"wp","href":"https:\/\/api.w.org\/{rel}","templated":true}]}}