{"id":35796,"date":"2015-01-27T16:38:47","date_gmt":"2015-01-27T15:38:47","guid":{"rendered":"http:\/\/www.libraria-occitana.org\/?post_type=product&#038;p=35796\/"},"modified":"2026-04-26T01:06:07","modified_gmt":"2026-04-25T23:06:07","slug":"lo-vespre-es-roge-aurem-bel-temps-le-soir-est-rouge-nous-aurons-beau-temps","status":"publish","type":"product","link":"https:\/\/www.libraria-occitana.org\/en\/product\/lo-vespre-es-roge-aurem-bel-temps-le-soir-est-rouge-nous-aurons-beau-temps\/","title":{"rendered":"Lo v\u00e8spre es roge, aurem b\u00e8l temps &#8211; Le soir est rouge, nous aurons beau temps"},"content":{"rendered":"<p>Mieux connue aujourd\u2019hui pour ses \u0153uvres litt\u00e9raires en fran\u00e7ais, Marie Rouanet est aussi l\u2019auteur de nombreuses chansons en occitan, dont elle s\u2019est faite elle-m\u00eame l\u2019interpr\u00e8te. Port\u00e9e par le plaisir du chant et consciente de la force que peut acqu\u00e9rir une chanson, au-del\u00e0 de son apparente simplicit\u00e9, elle nous offre ici les paroles d\u2019un choix de ses chansons, des plus douces aux plus fortes.<\/p>\n<p>Photographie de couverture de Jean-Pol Stercq.<\/p>\n","protected":false},"excerpt":{"rendered":"<p>Mieux connue aujourd\u2019hui pour ses \u0153uvres litt\u00e9raires en fran\u00e7ais, Marie Rouanet est aussi l\u2019auteur de nombreuses chansons en occitan, dont elle s\u2019est faite elle-m\u00eame l\u2019interpr\u00e8te. Port\u00e9e par le plaisir du chant et consciente de la force que peut acqu\u00e9rir une chanson, au-del\u00e0 de son apparente simplicit\u00e9, elle nous offre ici les paroles d\u2019un choix de [&hellip;]<\/p>\n","protected":false},"featured_media":55154,"template":"","meta":{"_acf_changed":false,"_genesis_hide_title":false,"_genesis_hide_breadcrumbs":false,"_genesis_hide_singular_image":false,"_genesis_hide_footer_widgets":false,"_genesis_custom_body_class":"","_genesis_custom_post_class":"","_genesis_layout":""},"product_brand":[],"product_cat":[7132,7190,7192],"product_tag":[],"class_list":{"0":"post-35796","1":"product","2":"type-product","3":"status-publish","4":"has-post-thumbnail","6":"product_cat-books","7":"product_cat-music-dances-en","8":"product_cat-scores-lyrics-en","9":"pa_auteur-roanet-maria-en","10":"pa_editeur-letras-doc-en","11":"pa_langue-occitan-lengadocian-en","12":"pa_langue-occitan-francais-en","13":"entry","15":"first","16":"instock","17":"shipping-taxable","18":"purchasable","19":"product-type-simple"},"acf":[],"_links":{"self":[{"href":"https:\/\/www.libraria-occitana.org\/en\/wp-json\/wp\/v2\/product\/35796","targetHints":{"allow":["GET"]}}],"collection":[{"href":"https:\/\/www.libraria-occitana.org\/en\/wp-json\/wp\/v2\/product"}],"about":[{"href":"https:\/\/www.libraria-occitana.org\/en\/wp-json\/wp\/v2\/types\/product"}],"wp:featuredmedia":[{"embeddable":true,"href":"https:\/\/www.libraria-occitana.org\/en\/wp-json\/wp\/v2\/media\/55154"}],"wp:attachment":[{"href":"https:\/\/www.libraria-occitana.org\/en\/wp-json\/wp\/v2\/media?parent=35796"}],"wp:term":[{"taxonomy":"product_brand","embeddable":true,"href":"https:\/\/www.libraria-occitana.org\/en\/wp-json\/wp\/v2\/product_brand?post=35796"},{"taxonomy":"product_cat","embeddable":true,"href":"https:\/\/www.libraria-occitana.org\/en\/wp-json\/wp\/v2\/product_cat?post=35796"},{"taxonomy":"product_tag","embeddable":true,"href":"https:\/\/www.libraria-occitana.org\/en\/wp-json\/wp\/v2\/product_tag?post=35796"}],"curies":[{"name":"wp","href":"https:\/\/api.w.org\/{rel}","templated":true}]}}