{"id":35846,"date":"2011-12-30T19:49:33","date_gmt":"2011-12-30T18:49:33","guid":{"rendered":"http:\/\/www.libraria-occitana.org\/?post_type=product&#038;p=35846\/"},"modified":"2020-12-31T00:30:34","modified_gmt":"2020-12-30T23:30:34","slug":"lo-grand-secret-de-las-bestias-e-autres-contes-le-grand-secret-des-betes-et-autres-contes-libre-cd","status":"publish","type":"product","link":"https:\/\/www.libraria-occitana.org\/en\/product\/lo-grand-secret-de-las-bestias-e-autres-contes-le-grand-secret-des-betes-et-autres-contes-libre-cd\/","title":{"rendered":"Lo grand secret de las b\u00e8stias e autres contes &#8211; Le grand secret des b\u00eates et autres contes (libre + CD)"},"content":{"rendered":"<p>Florian Vernet a l&#8217;art de faire en occitan des contes qui s&#8217;inspirent de la tradition mais de fa\u00e7on si moderne, si sensible et si inventive qu&#8217;ils nous surprennent toujours, nous emportent dans un monde foisonnant de r\u00eaves et de paroles \u00e9clair\u00e9 par l&#8217;esprit de l&#8217;enfance.<\/p>\n","protected":false},"excerpt":{"rendered":"<p>Florian Vernet a l&#8217;art de faire en occitan des contes qui s&#8217;inspirent de la tradition mais de fa\u00e7on si moderne, si sensible et si inventive qu&#8217;ils nous surprennent toujours, nous emportent dans un monde foisonnant de r\u00eaves et de paroles \u00e9clair\u00e9 par l&#8217;esprit de l&#8217;enfance.<\/p>\n","protected":false},"featured_media":44771,"template":"","meta":{"_acf_changed":false,"_genesis_hide_title":false,"_genesis_hide_breadcrumbs":false,"_genesis_hide_singular_image":false,"_genesis_hide_footer_widgets":false,"_genesis_custom_body_class":"","_genesis_custom_post_class":"","_genesis_layout":""},"product_brand":[],"product_cat":[7132,7164,7166],"product_tag":[],"class_list":{"0":"post-35846","1":"product","2":"type-product","3":"status-publish","4":"has-post-thumbnail","6":"product_cat-books","7":"product_cat-juvenile-and-teen-comics-humour-en","8":"product_cat-teen-en","9":"pa_auteur-vernet-florian-en","10":"pa_editeur-crdp-montpellier-fr-en","11":"pa_illustrateur-colomina-maevi-en","12":"pa_langue-occitan-lengadocian-en","13":"pa_langue-occitan-francais-en","14":"entry","16":"first","17":"outofstock","18":"shipping-taxable","19":"purchasable","20":"product-type-simple"},"acf":[],"_links":{"self":[{"href":"https:\/\/www.libraria-occitana.org\/en\/wp-json\/wp\/v2\/product\/35846","targetHints":{"allow":["GET"]}}],"collection":[{"href":"https:\/\/www.libraria-occitana.org\/en\/wp-json\/wp\/v2\/product"}],"about":[{"href":"https:\/\/www.libraria-occitana.org\/en\/wp-json\/wp\/v2\/types\/product"}],"wp:featuredmedia":[{"embeddable":true,"href":"https:\/\/www.libraria-occitana.org\/en\/wp-json\/wp\/v2\/media\/44771"}],"wp:attachment":[{"href":"https:\/\/www.libraria-occitana.org\/en\/wp-json\/wp\/v2\/media?parent=35846"}],"wp:term":[{"taxonomy":"product_brand","embeddable":true,"href":"https:\/\/www.libraria-occitana.org\/en\/wp-json\/wp\/v2\/product_brand?post=35846"},{"taxonomy":"product_cat","embeddable":true,"href":"https:\/\/www.libraria-occitana.org\/en\/wp-json\/wp\/v2\/product_cat?post=35846"},{"taxonomy":"product_tag","embeddable":true,"href":"https:\/\/www.libraria-occitana.org\/en\/wp-json\/wp\/v2\/product_tag?post=35846"}],"curies":[{"name":"wp","href":"https:\/\/api.w.org\/{rel}","templated":true}]}}