{"id":35893,"date":"2014-03-13T19:41:22","date_gmt":"2014-03-13T18:41:22","guid":{"rendered":"http:\/\/www.libraria-occitana.org\/?post_type=product&#038;p=35893\/"},"modified":"2026-04-29T10:06:49","modified_gmt":"2026-04-29T08:06:49","slug":"le-monument","status":"publish","type":"product","link":"https:\/\/www.libraria-occitana.org\/en\/product\/le-monument\/","title":{"rendered":"Le monument"},"content":{"rendered":"<p>Lagleygeolle en Corr\u00e8ze, le 11 novembre 1964 : en pleine comm\u00e9moration de l&#8217;armistice, le p\u00e8re de Claude Duneton, qui a fait 14-18, hurle ces mots devant le monument aux morts : \u00ab Oh vous pouvez en faire des grimaces ! Si vous saviez la saloperie que c&#8217;\u00e9tait la guerre !\u00a0\u00bb<\/p>\n<p>Comme toutes les communes de France, Lagleygeolle, en Corr\u00e8ze, a perdu nombre de ses fils lors de la tuerie de 1914-1918. Sur le monument aux morts du village, vingt-sept noms sont grav\u00e9s. L&#8217;auteur les suit pas \u00e0 pas : paysans ; certains ne parlaient que le patois de la paroisse, ils \u00e9taient partis sans finir les moissons, dans l&#8217;espoir de revenir assez t\u00f4t pour les vendanges. Il en fut autrement.<\/p>\n<p>Claude Duneton raconte dans cet \u00e9tonnant \u00ab roman vrai \u00bb le carnage de cette guerre dont le quotidien fut la peur, les rats dans les tranch\u00e9es, les maladies, la faim, mais aussi une vraie fraternit\u00e9.<\/p>\n","protected":false},"excerpt":{"rendered":"<p>Lagleygeolle en Corr\u00e8ze, le 11 novembre 1964 : en pleine comm\u00e9moration de l&#8217;armistice, le p\u00e8re de Claude Duneton, qui a fait 14-18, hurle ces mots devant le monument aux morts : \u00ab Oh vous pouvez en faire des grimaces ! Si vous saviez la saloperie que c&#8217;\u00e9tait la guerre !\u00a0\u00bb Comme toutes les communes de [&hellip;]<\/p>\n","protected":false},"featured_media":37539,"template":"","meta":{"_acf_changed":false,"_genesis_hide_title":false,"_genesis_hide_breadcrumbs":false,"_genesis_hide_singular_image":false,"_genesis_hide_footer_widgets":false,"_genesis_custom_body_class":"","_genesis_custom_post_class":"","_genesis_layout":""},"product_brand":[],"product_cat":[7132,7174,7182],"product_tag":[],"class_list":{"0":"post-35893","1":"product","2":"type-product","3":"status-publish","4":"has-post-thumbnail","6":"product_cat-books","7":"product_cat-literature-en","8":"product_cat-novels-short-stories-en","9":"pa_auteur-duneton-claude-en","10":"pa_editeur-presses-de-la-cite-en","11":"pa_langue-francais-en","12":"entry","14":"first","15":"outofstock","16":"shipping-taxable","17":"purchasable","18":"product-type-simple"},"acf":[],"_links":{"self":[{"href":"https:\/\/www.libraria-occitana.org\/en\/wp-json\/wp\/v2\/product\/35893","targetHints":{"allow":["GET"]}}],"collection":[{"href":"https:\/\/www.libraria-occitana.org\/en\/wp-json\/wp\/v2\/product"}],"about":[{"href":"https:\/\/www.libraria-occitana.org\/en\/wp-json\/wp\/v2\/types\/product"}],"wp:featuredmedia":[{"embeddable":true,"href":"https:\/\/www.libraria-occitana.org\/en\/wp-json\/wp\/v2\/media\/37539"}],"wp:attachment":[{"href":"https:\/\/www.libraria-occitana.org\/en\/wp-json\/wp\/v2\/media?parent=35893"}],"wp:term":[{"taxonomy":"product_brand","embeddable":true,"href":"https:\/\/www.libraria-occitana.org\/en\/wp-json\/wp\/v2\/product_brand?post=35893"},{"taxonomy":"product_cat","embeddable":true,"href":"https:\/\/www.libraria-occitana.org\/en\/wp-json\/wp\/v2\/product_cat?post=35893"},{"taxonomy":"product_tag","embeddable":true,"href":"https:\/\/www.libraria-occitana.org\/en\/wp-json\/wp\/v2\/product_tag?post=35893"}],"curies":[{"name":"wp","href":"https:\/\/api.w.org\/{rel}","templated":true}]}}