{"id":35913,"date":"2013-06-08T19:22:11","date_gmt":"2013-06-08T17:22:11","guid":{"rendered":"http:\/\/www.libraria-occitana.org\/?post_type=product&#038;p=35913\/"},"modified":"2026-04-27T21:51:40","modified_gmt":"2026-04-27T19:51:40","slug":"le-defi-des-enfants-bilingues-grandir-et-vivre-en-parlant-plusieurs-langues","status":"publish","type":"product","link":"https:\/\/www.libraria-occitana.org\/en\/product\/le-defi-des-enfants-bilingues-grandir-et-vivre-en-parlant-plusieurs-langues\/","title":{"rendered":"Le d\u00e9fi des enfants bilingues : Grandir et vivre en parlant plusieurs langues"},"content":{"rendered":"<p>\u00c9lever un enfant dans deux langues demande un effort soutenu sur plusieurs ann\u00e9es. Le bilinguisme ne va pas de soi, que la seconde langue soit celle d\u2019un des parents, qu\u2019elle soit celle de la cellule familiale dans un pays \u00e9tranger ou, tout simplement, un projet d\u2019apprentissage pour l\u2019enfant d\u2019une famille monolingue. Combattre les id\u00e9es re\u00e7ues, trouver les moyens de lutter contre la disparition de la langue \u00ab faible \u00bb, se construire une identit\u00e9 \u00e0 partir de deux langues et de deux cultures, tels sont les d\u00e9fis \u00e0 relever par les enfants bilingues et leurs parents.<\/p>\n<p>Comment s\u2019acquiert le langage chez l\u2019enfant ? Quelle est la meilleure fa\u00e7on pour transmettre deux langues simultan\u00e9ment ? Quels sont les effets du bilinguisme sur les parcours scolaires et le d\u00e9veloppement intellectuel des enfants ? Combien de langues un enfant peut-il apprendre ?<\/p>\n<p>Cette nouvelle \u00e9dition enrichie fait le point sur l\u2019apprentissage des langues \u00e9trang\u00e8res dans un environnement monolingue. En s\u2019appuyant sur des \u00e9tudes r\u00e9centes, elle analyse les diff\u00e9rentes m\u00e9thodes d\u2019apprentissage \u00ab pr\u00e9coce \u00bb.<\/p>\n<p>Ce livre est destin\u00e9 \u00e0 tous ceux, parents, enseignants, professionnels de la petite enfance, qui s\u2019int\u00e9ressent au bilinguisme et au plurilinguisme. Il en analyse les diff\u00e9rents aspects \u00e0 la lumi\u00e8re des \u00e9tudes les plus r\u00e9centes pour que, au-del\u00e0 de \u00ab recettes \u00bb ou de \u00ab conduites \u00e0 tenir \u00bb, chacun puisse trouver sa propre r\u00e9ponse dans des situations toujours singuli\u00e8res.<\/p>\n","protected":false},"excerpt":{"rendered":"<p>\u00c9lever un enfant dans deux langues demande un effort soutenu sur plusieurs ann\u00e9es. Le bilinguisme ne va pas de soi, que la seconde langue soit celle d\u2019un des parents, qu\u2019elle soit celle de la cellule familiale dans un pays \u00e9tranger ou, tout simplement, un projet d\u2019apprentissage pour l\u2019enfant d\u2019une famille monolingue. Combattre les id\u00e9es re\u00e7ues, [&hellip;]<\/p>\n","protected":false},"featured_media":44482,"template":"","meta":{"_acf_changed":false,"_genesis_hide_title":false,"_genesis_hide_breadcrumbs":false,"_genesis_hide_singular_image":false,"_genesis_hide_footer_widgets":false,"_genesis_custom_body_class":"","_genesis_custom_post_class":"","_genesis_layout":""},"product_brand":[],"product_cat":[7132,7202],"product_tag":[],"class_list":{"0":"post-35913","1":"product","2":"type-product","3":"status-publish","4":"has-post-thumbnail","6":"product_cat-books","7":"product_cat-politics-sociology-current-affairs-en","8":"pa_auteur-abdelilah-bauer-barbara-en-1","9":"pa_editeur-la-decouverte-en","10":"pa_langue-francais-en","11":"entry","13":"first","14":"instock","15":"shipping-taxable","16":"purchasable","17":"product-type-simple"},"acf":[],"_links":{"self":[{"href":"https:\/\/www.libraria-occitana.org\/en\/wp-json\/wp\/v2\/product\/35913","targetHints":{"allow":["GET"]}}],"collection":[{"href":"https:\/\/www.libraria-occitana.org\/en\/wp-json\/wp\/v2\/product"}],"about":[{"href":"https:\/\/www.libraria-occitana.org\/en\/wp-json\/wp\/v2\/types\/product"}],"wp:featuredmedia":[{"embeddable":true,"href":"https:\/\/www.libraria-occitana.org\/en\/wp-json\/wp\/v2\/media\/44482"}],"wp:attachment":[{"href":"https:\/\/www.libraria-occitana.org\/en\/wp-json\/wp\/v2\/media?parent=35913"}],"wp:term":[{"taxonomy":"product_brand","embeddable":true,"href":"https:\/\/www.libraria-occitana.org\/en\/wp-json\/wp\/v2\/product_brand?post=35913"},{"taxonomy":"product_cat","embeddable":true,"href":"https:\/\/www.libraria-occitana.org\/en\/wp-json\/wp\/v2\/product_cat?post=35913"},{"taxonomy":"product_tag","embeddable":true,"href":"https:\/\/www.libraria-occitana.org\/en\/wp-json\/wp\/v2\/product_tag?post=35913"}],"curies":[{"name":"wp","href":"https:\/\/api.w.org\/{rel}","templated":true}]}}