{"id":35915,"date":"1999-07-01T10:54:52","date_gmt":"1999-07-01T08:54:52","guid":{"rendered":"http:\/\/www.libraria-occitana.org\/?post_type=product&#038;p=35915\/"},"modified":"2026-04-09T06:31:24","modified_gmt":"2026-04-09T04:31:24","slug":"le-festin-occitan","status":"publish","type":"product","link":"https:\/\/www.libraria-occitana.org\/en\/product\/le-festin-occitan\/","title":{"rendered":"Le festin occitan"},"content":{"rendered":"<p><strong>Une vie enti\u00e8re consacr\u00e9e \u00e0 l&#8217;am\u00e9lioration de l&#8217;art culinaire<\/strong>, derri\u00e8re les fourneaux des plus grands restaurants ou \u00e0 travers des livres essentiels&#8230; Prosper Montagn\u00e9 est un des grands ma\u00eetres de la cuisine fran\u00e7aise. Ce cuisinier de g\u00e9nie, n\u00e9 \u00e0 Carcassonne, n&#8217;a jamais oubli\u00e9 sa terre natale, ni l&#8217;accent particulier de sa cuisine. \u00c9rudit plein d&#8217;humour, \u00e9loquent sans emphase, philosophe du bien-vivre, Prosper Montagn\u00e9 (1865-1948) sait tout de ce qui concerne la table.<br \/>\nDiff\u00e9rentes variantes du cassoulet, diverses utilisations de l&#8217;ail, p\u00e2tisseries traditionnelles&#8230; recettes, anecdotes, histoire, c&#8217;est la m\u00e9moire et la culture culinaire occitane que Prosper Montagn\u00e9 recueille, commente et compl\u00e8te dans ce livre.<\/p>\n<p>Classique incontest\u00e9 de la cuisine, \u00e9crit en 1929, <em>Le Festin occitan<\/em> vous invite encore aujourd&#8217;hui \u00e0 d\u00e9couvrir les vraies richesses de la table occitane mais aussi \u00e0 renouer avec l&#8217;art du \u00ab bien-manger \u00bb.<\/p>\n","protected":false},"excerpt":{"rendered":"<p>Une vie enti\u00e8re consacr\u00e9e \u00e0 l&#8217;am\u00e9lioration de l&#8217;art culinaire, derri\u00e8re les fourneaux des plus grands restaurants ou \u00e0 travers des livres essentiels&#8230; Prosper Montagn\u00e9 est un des grands ma\u00eetres de la cuisine fran\u00e7aise. Ce cuisinier de g\u00e9nie, n\u00e9 \u00e0 Carcassonne, n&#8217;a jamais oubli\u00e9 sa terre natale, ni l&#8217;accent particulier de sa cuisine. \u00c9rudit plein d&#8217;humour, [&hellip;]<\/p>\n","protected":false},"featured_media":45217,"template":"","meta":{"_acf_changed":false,"_genesis_hide_title":false,"_genesis_hide_breadcrumbs":false,"_genesis_hide_singular_image":false,"_genesis_hide_footer_widgets":false,"_genesis_custom_body_class":"","_genesis_custom_post_class":"","_genesis_layout":""},"product_brand":[],"product_cat":[7132,7210,7206],"product_tag":[],"class_list":{"0":"post-35915","1":"product","2":"type-product","3":"status-publish","4":"has-post-thumbnail","6":"product_cat-books","7":"product_cat-cooking-cuisine-en","8":"product_cat-traditions-heritage-en","9":"pa_auteur-montagne-prosper-en","10":"pa_editeur-atelier-du-gue-en","11":"pa_illustrateur-camberoque-jean-en","12":"pa_langue-francais-en","13":"entry","15":"first","16":"outofstock","17":"shipping-taxable","18":"purchasable","19":"product-type-simple"},"acf":[],"_links":{"self":[{"href":"https:\/\/www.libraria-occitana.org\/en\/wp-json\/wp\/v2\/product\/35915","targetHints":{"allow":["GET"]}}],"collection":[{"href":"https:\/\/www.libraria-occitana.org\/en\/wp-json\/wp\/v2\/product"}],"about":[{"href":"https:\/\/www.libraria-occitana.org\/en\/wp-json\/wp\/v2\/types\/product"}],"wp:featuredmedia":[{"embeddable":true,"href":"https:\/\/www.libraria-occitana.org\/en\/wp-json\/wp\/v2\/media\/45217"}],"wp:attachment":[{"href":"https:\/\/www.libraria-occitana.org\/en\/wp-json\/wp\/v2\/media?parent=35915"}],"wp:term":[{"taxonomy":"product_brand","embeddable":true,"href":"https:\/\/www.libraria-occitana.org\/en\/wp-json\/wp\/v2\/product_brand?post=35915"},{"taxonomy":"product_cat","embeddable":true,"href":"https:\/\/www.libraria-occitana.org\/en\/wp-json\/wp\/v2\/product_cat?post=35915"},{"taxonomy":"product_tag","embeddable":true,"href":"https:\/\/www.libraria-occitana.org\/en\/wp-json\/wp\/v2\/product_tag?post=35915"}],"curies":[{"name":"wp","href":"https:\/\/api.w.org\/{rel}","templated":true}]}}