{"id":35925,"date":"2005-10-03T14:18:44","date_gmt":"2005-10-03T12:18:44","guid":{"rendered":"http:\/\/www.libraria-occitana.org\/?post_type=product&#038;p=35925\/"},"modified":"2026-04-29T10:34:25","modified_gmt":"2026-04-29T08:34:25","slug":"le-departement-rouge","status":"publish","type":"product","link":"https:\/\/www.libraria-occitana.org\/en\/product\/le-departement-rouge\/","title":{"rendered":"Le d\u00e9partement rouge : R\u00e9publique, socialisme et communisme en Haute-Vienne (1895-1940)"},"content":{"rendered":"<p>Cet ouvrage est la version destin\u00e9e \u00e0 la publication d&#8217;une th\u00e8se de doctorat soutenue en 2002. Il se donne pour objet l&#8217;\u00e9tude des m\u00e9canismes de la constitution d&#8217;une identit\u00e9 locale dont l&#8217;ancrage politique \u00e0 gauche, depuis le milieu du XIXe si\u00e8cle est l&#8217;un des principaux traits constitutifs.<\/p>\n<p>Ce travail conjugue deux approches. La premi\u00e8re s&#8217;int\u00e9resse aux processus et aux acteurs de la politisation des masses. La seconde approche privil\u00e9gie les repr\u00e9sentations d\u00e9velopp\u00e9es par la population, permettant d&#8217;envisager sous un angle diff\u00e9rent les rapports entre la politique et les \u00e9lecteurs.<\/p>\n<p>En outre, sont envisag\u00e9s les liens unissant les soci\u00e9t\u00e9s rurales aux soci\u00e9t\u00e9s urbaines pour mieux en montrer les influences et les apports r\u00e9ciproques, restituant ainsi toute sa coh\u00e9rence \u00e0 l&#8217;ensemble form\u00e9 par les villes et les campagnes rouges du d\u00e9partement de la Haute-Vienne.<\/p>\n<p><strong>Somari :<\/strong><br \/>\nChapitre I : Industrialisation et croissance urbaine<br \/>\n1. Des ann\u00e9es 1890 \u00e0 1914 : un nouveau cycle d&#8217;industrialisation<br \/>\n2. Une croissance urbaine stimul\u00e9e par l&#8217;industrialisation<br \/>\nChapitre II : Espaces urbains et soci\u00e9t\u00e9s ouvri\u00e8res<br \/>\n1. Une nouvelle g\u00e9ographie urbaine<br \/>\n2. Les transformations du monde ouvrier<br \/>\nChapitre III : De l&#8217;association aux organisations politiques<br \/>\n1. Une tradition d&#8217;organisation<br \/>\n2. Les ouvriers \u00e0 la conqu\u00eate du pouvoir politique<br \/>\nChapitre IV : Les campagnes, la R\u00e9publique, le socialisme<br \/>\n1. Soci\u00e9t\u00e9 et \u00e9conomies rurales<br \/>\n2. La R\u00e9publique d\u00e9mocratique et sociale du village<br \/>\n3. Le militantisme \u00e0 la rencontre du peuple des campagnes<br \/>\nChapitre V : Les violences ouvri\u00e8res de la Belle Epoque<br \/>\n1. Faire la r\u00e9volution<br \/>\n2. Le cycle des violences<br \/>\nChapitre VI : Emeute ou r\u00e9volution ?<br \/>\n1. Essai d&#8217;interpr\u00e9tation<br \/>\n2. 1905 : la m\u00e9moire de la gr\u00e8ve<br \/>\nChapitre VII : la reconstruction du mouvement ouvrier<br \/>\n1. Un nouveau d\u00e9part<br \/>\n2. Les campagnes limousines, laboratoire du socialisme rural ?<br \/>\nChapitre VIII : Paix et unit\u00e9<br \/>\n1. L&#8217;ann\u00e9e 14<br \/>\n2. Le pacifisme pour combat<br \/>\n3. L&#8217;unit\u00e9 en p\u00e9ril<br \/>\nChapitre IX : Les fr\u00e8res ennemis : socialistes communistes de la scission au d\u00e9but des ann\u00e9es trente<br \/>\n1. Le communisme : corps \u00e9trangers ou h\u00e9ritier d&#8217;une tradition politique locale ?<br \/>\n2. Le socialisme \u00e0 son apog\u00e9e<br \/>\nChapitre X : du Front Populaire \u00e0 la guerre<br \/>\n1. Le limousin dans la crise<br \/>\n2. Socialistes et communistes dans les ann\u00e9es 1930<br \/>\n3. Du Front commun \u00e0 la guerre<br \/>\nConclusion<\/p>\n","protected":false},"excerpt":{"rendered":"<p>Cet ouvrage est la version destin\u00e9e \u00e0 la publication d&#8217;une th\u00e8se de doctorat soutenue en 2002. Il se donne pour objet l&#8217;\u00e9tude des m\u00e9canismes de la constitution d&#8217;une identit\u00e9 locale dont l&#8217;ancrage politique \u00e0 gauche, depuis le milieu du XIXe si\u00e8cle est l&#8217;un des principaux traits constitutifs. Ce travail conjugue deux approches. La premi\u00e8re s&#8217;int\u00e9resse [&hellip;]<\/p>\n","protected":false},"featured_media":42557,"template":"","meta":{"_acf_changed":false,"_genesis_hide_title":false,"_genesis_hide_breadcrumbs":false,"_genesis_hide_singular_image":false,"_genesis_hide_footer_widgets":false,"_genesis_custom_body_class":"","_genesis_custom_post_class":"","_genesis_layout":""},"product_brand":[],"product_cat":[7132,7148,7158],"product_tag":[],"class_list":{"0":"post-35925","1":"product","2":"type-product","3":"status-publish","4":"has-post-thumbnail","6":"product_cat-books","7":"product_cat-history-geography-en","8":"product_cat-modern-and-contemporary-history-en","9":"pa_auteur-danthieux-dominique-en","10":"pa_editeur-pu-limoges-en","11":"pa_langue-francais-en","12":"entry","14":"first","15":"outofstock","16":"shipping-taxable","17":"purchasable","18":"product-type-simple"},"acf":[],"_links":{"self":[{"href":"https:\/\/www.libraria-occitana.org\/en\/wp-json\/wp\/v2\/product\/35925","targetHints":{"allow":["GET"]}}],"collection":[{"href":"https:\/\/www.libraria-occitana.org\/en\/wp-json\/wp\/v2\/product"}],"about":[{"href":"https:\/\/www.libraria-occitana.org\/en\/wp-json\/wp\/v2\/types\/product"}],"wp:featuredmedia":[{"embeddable":true,"href":"https:\/\/www.libraria-occitana.org\/en\/wp-json\/wp\/v2\/media\/42557"}],"wp:attachment":[{"href":"https:\/\/www.libraria-occitana.org\/en\/wp-json\/wp\/v2\/media?parent=35925"}],"wp:term":[{"taxonomy":"product_brand","embeddable":true,"href":"https:\/\/www.libraria-occitana.org\/en\/wp-json\/wp\/v2\/product_brand?post=35925"},{"taxonomy":"product_cat","embeddable":true,"href":"https:\/\/www.libraria-occitana.org\/en\/wp-json\/wp\/v2\/product_cat?post=35925"},{"taxonomy":"product_tag","embeddable":true,"href":"https:\/\/www.libraria-occitana.org\/en\/wp-json\/wp\/v2\/product_tag?post=35925"}],"curies":[{"name":"wp","href":"https:\/\/api.w.org\/{rel}","templated":true}]}}