{"id":35940,"date":"2009-11-30T12:10:50","date_gmt":"2009-11-30T11:10:50","guid":{"rendered":"http:\/\/www.libraria-occitana.org\/?post_type=product&#038;p=35940\/"},"modified":"2026-04-19T00:07:01","modified_gmt":"2026-04-18T22:07:01","slug":"las-vaissas-avian-folhat","status":"publish","type":"product","link":"https:\/\/www.libraria-occitana.org\/en\/product\/las-vaissas-avian-folhat\/","title":{"rendered":"Las vaissas avi\u00e1n folhat"},"content":{"rendered":"<p>La suite du premier roman de l\u2019auteur, <a href=\"http:\/\/www.libraria-occitana.org\/produit\/les-fraisses-eran-tombats\/\"><em>Les Fraisses \u00e8ran tombats<\/em><\/a>.<br \/>\nDani\u00e8le revient au village avec son enfant. M\u00e9pris\u00e9e par certains, rejet\u00e9e par sa famille, elle est soutenue par quelques amis. Il faut bien vivre : elle reprend son travail au caf\u00e9-\u00e9picerie-h\u00f4tel-restaurant. Mais quel est son avenir, dans cette soci\u00e9t\u00e9 rurale en pleine mutation ?<\/p>\n<p>Cette chronique d\u2019un village de la montagne cantalienne peint la vie quotidienne avec justesse et lucidit\u00e9.<\/p>\n<p>Un r\u00e9cit polyphonique, o\u00f9 les dialogues abondent, dans une langue \u00e0 la fois sobre et riche de couleurs, de tournures et d\u2019expressions courantes profond\u00e9ment occitanes (nord-languedocien). Avec lexique.<\/p>\n","protected":false},"excerpt":{"rendered":"<p>La suite du premier roman de l\u2019auteur, Les Fraisses \u00e8ran tombats. Dani\u00e8le revient au village avec son enfant. M\u00e9pris\u00e9e par certains, rejet\u00e9e par sa famille, elle est soutenue par quelques amis. Il faut bien vivre : elle reprend son travail au caf\u00e9-\u00e9picerie-h\u00f4tel-restaurant. Mais quel est son avenir, dans cette soci\u00e9t\u00e9 rurale en pleine mutation ? [&hellip;]<\/p>\n","protected":false},"featured_media":50664,"template":"","meta":{"_acf_changed":false,"_genesis_hide_title":false,"_genesis_hide_breadcrumbs":false,"_genesis_hide_singular_image":false,"_genesis_hide_footer_widgets":false,"_genesis_custom_body_class":"","_genesis_custom_post_class":"","_genesis_layout":""},"product_brand":[],"product_cat":[7132,7174,7182],"product_tag":[],"class_list":{"0":"post-35940","1":"product","2":"type-product","3":"status-publish","4":"has-post-thumbnail","6":"product_cat-books","7":"product_cat-literature-en","8":"product_cat-novels-short-stories-en","9":"pa_auteur-daval-felic-en","10":"pa_editeur-lostal-del-libre-en","11":"pa_langue-occitan-en","12":"pa_langue-occitan-lengadocian-en","13":"entry","15":"first","16":"instock","17":"shipping-taxable","18":"purchasable","19":"product-type-simple"},"acf":[],"_links":{"self":[{"href":"https:\/\/www.libraria-occitana.org\/en\/wp-json\/wp\/v2\/product\/35940","targetHints":{"allow":["GET"]}}],"collection":[{"href":"https:\/\/www.libraria-occitana.org\/en\/wp-json\/wp\/v2\/product"}],"about":[{"href":"https:\/\/www.libraria-occitana.org\/en\/wp-json\/wp\/v2\/types\/product"}],"wp:featuredmedia":[{"embeddable":true,"href":"https:\/\/www.libraria-occitana.org\/en\/wp-json\/wp\/v2\/media\/50664"}],"wp:attachment":[{"href":"https:\/\/www.libraria-occitana.org\/en\/wp-json\/wp\/v2\/media?parent=35940"}],"wp:term":[{"taxonomy":"product_brand","embeddable":true,"href":"https:\/\/www.libraria-occitana.org\/en\/wp-json\/wp\/v2\/product_brand?post=35940"},{"taxonomy":"product_cat","embeddable":true,"href":"https:\/\/www.libraria-occitana.org\/en\/wp-json\/wp\/v2\/product_cat?post=35940"},{"taxonomy":"product_tag","embeddable":true,"href":"https:\/\/www.libraria-occitana.org\/en\/wp-json\/wp\/v2\/product_tag?post=35940"}],"curies":[{"name":"wp","href":"https:\/\/api.w.org\/{rel}","templated":true}]}}