{"id":35968,"date":"1991-07-23T07:00:50","date_gmt":"1991-07-23T05:00:50","guid":{"rendered":"http:\/\/www.libraria-occitana.org\/?post_type=product&#038;p=35968\/"},"modified":"2026-04-25T04:36:39","modified_gmt":"2026-04-25T02:36:39","slug":"jean-segurel-un-accordeon-dans-la-bruyere","status":"publish","type":"product","link":"https:\/\/www.libraria-occitana.org\/en\/product\/jean-segurel-un-accordeon-dans-la-bruyere\/","title":{"rendered":"Jean S\u00e9gurel : Un accord\u00e9on dans la bruy\u00e8re"},"content":{"rendered":"<p>Parce qu&#8217;il fut pendant plus de vingt ans le collaborateur, le parolier, le photographe et avant tout l&#8217;ami de Jean S\u00e9gurel, qui pouvait mieux que Roland Manoury, raconter avec un maximum de d\u00e9tails, illustr\u00e9s de nombreuses photographies in\u00e9dites, l&#8217;histoire authentique du musicien le plus c\u00e9l\u00e8bre du Massif-Central ?<\/p>\n<p>Il retrace avec ses propres souvenirs et ceux des personnes qui ont le plus connu et approch\u00e9 Jean S\u00e9gurel, la carri\u00e8re prestigieuse de cet artiste qui, de simple violoneux de campagne \u00e0 ses d\u00e9buts, devint l&#8217;une des gloires de l&#8217;accord\u00e9on.<\/p>\n<p>Malgr\u00e9 son immense succ\u00e8s populaire, Jean S\u00e9gurel resta un mod\u00e8le de simplicit\u00e9 et fit partager \u00e0 son public son go\u00fbt des courses cyclistes en lui offrant chaque \u00e9t\u00e9 son fameux \u00ab bol d&#8217;or cycliste des Mon\u00e9di\u00e8res \u00bb. Tous les champions sont venus \u00e0 Chaumeil, le petit village corr\u00e9zien o\u00f9 naquit Jean S\u00e9gurel et qu&#8217;il ne quitta jamais. Il vouait \u00e0 son pays un amour sans limite, dont il sut traduire le charme gr\u00e2ce \u00e0 sa musique.<\/p>\n<p>Il anima pas moins de quinze bals et galas et ses disques se vendirent \u00e0 plus de dix millions d&#8217;exemplaires. Adul\u00e9, d\u00e9cor\u00e9, honor\u00e9, il termina sa carri\u00e8re en apoth\u00e9ose, terrass\u00e9 par une crise cardiaque \u00e0 l&#8217;\u00e2ge de 70 ans, laissant \u00e0 la post\u00e9rit\u00e9 la bagatelle des pr\u00e8s de mille compositions, dont un certain nombre d&#8217;\u0153uvres du r\u00e9pertoire folklorique de l&#8217;Auvergne et du Limousin. Sa valse la plus c\u00e9l\u00e8bre \u00ab Bruy\u00e8res corr\u00e9ziennes\u00a0\u00bb fit le tour du Monde et figure encore parmi les cinquante grands succ\u00e8s de la chanson fran\u00e7aise.<\/p>\n","protected":false},"excerpt":{"rendered":"<p>Parce qu&#8217;il fut pendant plus de vingt ans le collaborateur, le parolier, le photographe et avant tout l&#8217;ami de Jean S\u00e9gurel, qui pouvait mieux que Roland Manoury, raconter avec un maximum de d\u00e9tails, illustr\u00e9s de nombreuses photographies in\u00e9dites, l&#8217;histoire authentique du musicien le plus c\u00e9l\u00e8bre du Massif-Central ? Il retrace avec ses propres souvenirs et [&hellip;]<\/p>\n","protected":false},"featured_media":37736,"template":"","meta":{"_acf_changed":false,"_genesis_hide_title":false,"_genesis_hide_breadcrumbs":false,"_genesis_hide_singular_image":false,"_genesis_hide_footer_widgets":false,"_genesis_custom_body_class":"","_genesis_custom_post_class":"","_genesis_layout":""},"product_brand":[],"product_cat":[7132,7194,7190,7238],"product_tag":[],"class_list":{"0":"post-35968","1":"product","2":"type-product","3":"status-publish","4":"has-post-thumbnail","6":"product_cat-books","7":"product_cat-studies-en","8":"product_cat-music-dances-en","9":"product_cat-promotions-en","10":"pa_auteur-manoury-roland-en","11":"pa_editeur-studio-blatin-en","12":"pa_langue-francais-en","13":"entry","15":"first","16":"outofstock","17":"shipping-taxable","18":"purchasable","19":"product-type-simple"},"acf":[],"_links":{"self":[{"href":"https:\/\/www.libraria-occitana.org\/en\/wp-json\/wp\/v2\/product\/35968","targetHints":{"allow":["GET"]}}],"collection":[{"href":"https:\/\/www.libraria-occitana.org\/en\/wp-json\/wp\/v2\/product"}],"about":[{"href":"https:\/\/www.libraria-occitana.org\/en\/wp-json\/wp\/v2\/types\/product"}],"wp:featuredmedia":[{"embeddable":true,"href":"https:\/\/www.libraria-occitana.org\/en\/wp-json\/wp\/v2\/media\/37736"}],"wp:attachment":[{"href":"https:\/\/www.libraria-occitana.org\/en\/wp-json\/wp\/v2\/media?parent=35968"}],"wp:term":[{"taxonomy":"product_brand","embeddable":true,"href":"https:\/\/www.libraria-occitana.org\/en\/wp-json\/wp\/v2\/product_brand?post=35968"},{"taxonomy":"product_cat","embeddable":true,"href":"https:\/\/www.libraria-occitana.org\/en\/wp-json\/wp\/v2\/product_cat?post=35968"},{"taxonomy":"product_tag","embeddable":true,"href":"https:\/\/www.libraria-occitana.org\/en\/wp-json\/wp\/v2\/product_tag?post=35968"}],"curies":[{"name":"wp","href":"https:\/\/api.w.org\/{rel}","templated":true}]}}