{"id":36006,"date":"2017-12-23T06:56:12","date_gmt":"2017-12-23T05:56:12","guid":{"rendered":"http:\/\/www.libraria-occitana.org\/?post_type=product&#038;p=36006\/"},"modified":"2026-04-29T06:01:23","modified_gmt":"2026-04-29T04:01:23","slug":"agach-occitan-aspects-de-la-culture-doc","status":"publish","type":"product","link":"https:\/\/www.libraria-occitana.org\/en\/product\/agach-occitan-aspects-de-la-culture-doc\/","title":{"rendered":"Agach occitan : Aspects de la culture d&#8217;oc"},"content":{"rendered":"<p>Parmi les multiples facettes de l\u2019\u00e9crivain Roland P\u00e9cout, que nous connaissons comme po\u00e8te, romancier, homme de th\u00e9\u00e2tre, ethnomusicologue, conteur, essayiste, c\u2019est le journaliste qui nous int\u00e9resse ici. Il a \u00e9crit dans de nombreuses revues, surtout dans <em>Connaissance du Pays d\u2019Oc<\/em>. Cette revue bimestrielle publia, de 1973 \u00e0 1988, des articles sur la vie traditionnelle ou moderne du sud de l\u2019espace occitan.<br \/>\nSon nouveau directeur, Jean Boeckolt, eut l\u2019id\u00e9e, avec le num\u00e9ro 19, en mai 1976, d\u2019ouvrir une chronique en occitan. Roland P\u00e9cout en fut charg\u00e9, et il publia 53 articles qui rassemblent quelques-uns de ses multiples centres d\u2019int\u00e9r\u00eat : arch\u00e9ologie, litt\u00e9rature, art, histoire, musique ou cuisine. Dans son premier article de pr\u00e9sentation, il se proposait de \u00ab faire d\u00e9couvrir aux non-initi\u00e9s une culture dans toutes ses manifestations \u00bb.<br \/>\nLes chroniques se sont orient\u00e9es vers une qu\u00eate, une exploration parfois li\u00e9e \u00e0 l\u2019actualit\u00e9 occitane, mais assez distanci\u00e9e, assez profonde, pour nous int\u00e9resser encore aujourd\u2019hui. Le style est direct, le ton juste, les articles m\u00ealent l\u2019analyse du chercheur et une sensibilit\u00e9 profonde \u00e0 la culture populaire, ils donnent une vision non conformiste de la culture occitane. C\u2019est tout un art, \u00e0 la fois art de vivre et art de voir, qui na\u00eet ici.<\/p>\n","protected":false},"excerpt":{"rendered":"<p>Parmi les multiples facettes de l\u2019\u00e9crivain Roland P\u00e9cout, que nous connaissons comme po\u00e8te, romancier, homme de th\u00e9\u00e2tre, ethnomusicologue, conteur, essayiste, c\u2019est le journaliste qui nous int\u00e9resse ici. Il a \u00e9crit dans de nombreuses revues, surtout dans Connaissance du Pays d\u2019Oc. Cette revue bimestrielle publia, de 1973 \u00e0 1988, des articles sur la vie traditionnelle ou [&hellip;]<\/p>\n","protected":false},"featured_media":52522,"template":"","meta":{"_acf_changed":false,"_genesis_hide_title":false,"_genesis_hide_breadcrumbs":false,"_genesis_hide_singular_image":false,"_genesis_hide_footer_widgets":false,"_genesis_custom_body_class":"","_genesis_custom_post_class":"","_genesis_layout":""},"product_brand":[],"product_cat":[7188,7132,7174],"product_tag":[],"class_list":{"0":"post-36006","1":"product","2":"type-product","3":"status-publish","4":"has-post-thumbnail","6":"product_cat-arts-studies-en","7":"product_cat-books","8":"product_cat-literature-en","9":"pa_auteur-pecout-roland-en","10":"pa_editeur-pu-mediterranee-en","11":"pa_langue-occitan-en","12":"pa_langue-occitan-provencau-en","13":"entry","15":"first","16":"instock","17":"shipping-taxable","18":"purchasable","19":"product-type-simple"},"acf":[],"_links":{"self":[{"href":"https:\/\/www.libraria-occitana.org\/en\/wp-json\/wp\/v2\/product\/36006","targetHints":{"allow":["GET"]}}],"collection":[{"href":"https:\/\/www.libraria-occitana.org\/en\/wp-json\/wp\/v2\/product"}],"about":[{"href":"https:\/\/www.libraria-occitana.org\/en\/wp-json\/wp\/v2\/types\/product"}],"wp:featuredmedia":[{"embeddable":true,"href":"https:\/\/www.libraria-occitana.org\/en\/wp-json\/wp\/v2\/media\/52522"}],"wp:attachment":[{"href":"https:\/\/www.libraria-occitana.org\/en\/wp-json\/wp\/v2\/media?parent=36006"}],"wp:term":[{"taxonomy":"product_brand","embeddable":true,"href":"https:\/\/www.libraria-occitana.org\/en\/wp-json\/wp\/v2\/product_brand?post=36006"},{"taxonomy":"product_cat","embeddable":true,"href":"https:\/\/www.libraria-occitana.org\/en\/wp-json\/wp\/v2\/product_cat?post=36006"},{"taxonomy":"product_tag","embeddable":true,"href":"https:\/\/www.libraria-occitana.org\/en\/wp-json\/wp\/v2\/product_tag?post=36006"}],"curies":[{"name":"wp","href":"https:\/\/api.w.org\/{rel}","templated":true}]}}