{"id":36012,"date":"2010-01-04T12:08:23","date_gmt":"2010-01-04T11:08:23","guid":{"rendered":"http:\/\/www.libraria-occitana.org\/produit\/lo-libre-de-catoia\/"},"modified":"2026-04-29T10:40:23","modified_gmt":"2026-04-29T08:40:23","slug":"lo-libre-de-catoia","status":"publish","type":"product","link":"https:\/\/www.libraria-occitana.org\/en\/product\/lo-libre-de-catoia\/","title":{"rendered":"Lo libre de Cat\u00f2ia"},"content":{"rendered":"<blockquote>\n<p>\u00d2c, soi Cat\u00f2ia. Cat\u00f2ia l\u2019Enfarinat.<br \/>\nJamais soi pas estat coma los autres. Jamai. Perque soi Cat\u00f2ia. E tanben perque soi Enfarinat.<br \/>\nA Sant Geni\u00e8is degun sap pas que soi Cat\u00f2ia. Degun sap pas que soi Enfarinat. Mas ieu o sabi. Ieu, Aman\u00e7, Baptista, Blasi Codomi\u00e8r.<br \/>\nCodomi\u00e8r soi a Sant Geni\u00e8is. Encara mai Aman\u00e7. E m\u2019agrada d\u2019\u00e8sser Aman\u00e7 : sant Aman\u00e7, primi\u00e8r avesque de Rod\u00e9s. [&#8230;]<\/p>\n<\/blockquote>\n<p>Loin de chez lui et des ann\u00e9es plus tard, Cat\u00f2ia raconte son enfance dans l\u2019une des derni\u00e8res familles d\u2019Enfarin\u00e9s du Rouergue, ces catholiques qui ont refus\u00e9 le Concordat de 1801 et qui vivaient isol\u00e9s au milieu des autres, dans un attachement profond aux pratiques ancestrales.<\/p>\n<p>Traduction fran\u00e7aise : <a href=\"http:\/\/www.libraria-occitana.org\/produit\/le-livre-de-catoia\/\"><em>Le livre de Cato\u00efa<\/em><\/a><\/p>\n","protected":false},"excerpt":{"rendered":"<p>\u00d2c, soi Cat\u00f2ia. Cat\u00f2ia l\u2019Enfarinat. Jamais soi pas estat coma los autres. Jamai. Perque soi Cat\u00f2ia. E tanben perque soi Enfarinat. A Sant Geni\u00e8is degun sap pas que soi Cat\u00f2ia. Degun sap pas que soi Enfarinat. Mas ieu o sabi. Ieu, Aman\u00e7, Baptista, Blasi Codomi\u00e8r. Codomi\u00e8r soi a Sant Geni\u00e8is. Encara mai Aman\u00e7. E m\u2019agrada [&hellip;]<\/p>\n","protected":false},"featured_media":29851,"template":"","meta":{"_acf_changed":false,"_genesis_hide_title":false,"_genesis_hide_breadcrumbs":false,"_genesis_hide_singular_image":false,"_genesis_hide_footer_widgets":false,"_genesis_custom_body_class":"","_genesis_custom_post_class":"","_genesis_layout":""},"product_brand":[],"product_cat":[7132,7174,7182],"product_tag":[],"class_list":{"0":"post-36012","1":"product","2":"type-product","3":"status-publish","4":"has-post-thumbnail","6":"product_cat-books","7":"product_cat-literature-en","8":"product_cat-novels-short-stories-en","9":"pa_auteur-bodon-joan-en","10":"pa_editeur-ieo-fr-en","11":"pa_langue-occitan-en","12":"pa_langue-occitan-lengadocian-en","13":"entry","15":"first","16":"outofstock","17":"shipping-taxable","18":"purchasable","19":"product-type-simple"},"acf":[],"_links":{"self":[{"href":"https:\/\/www.libraria-occitana.org\/en\/wp-json\/wp\/v2\/product\/36012","targetHints":{"allow":["GET"]}}],"collection":[{"href":"https:\/\/www.libraria-occitana.org\/en\/wp-json\/wp\/v2\/product"}],"about":[{"href":"https:\/\/www.libraria-occitana.org\/en\/wp-json\/wp\/v2\/types\/product"}],"wp:featuredmedia":[{"embeddable":true,"href":"https:\/\/www.libraria-occitana.org\/en\/wp-json\/wp\/v2\/media\/29851"}],"wp:attachment":[{"href":"https:\/\/www.libraria-occitana.org\/en\/wp-json\/wp\/v2\/media?parent=36012"}],"wp:term":[{"taxonomy":"product_brand","embeddable":true,"href":"https:\/\/www.libraria-occitana.org\/en\/wp-json\/wp\/v2\/product_brand?post=36012"},{"taxonomy":"product_cat","embeddable":true,"href":"https:\/\/www.libraria-occitana.org\/en\/wp-json\/wp\/v2\/product_cat?post=36012"},{"taxonomy":"product_tag","embeddable":true,"href":"https:\/\/www.libraria-occitana.org\/en\/wp-json\/wp\/v2\/product_tag?post=36012"}],"curies":[{"name":"wp","href":"https:\/\/api.w.org\/{rel}","templated":true}]}}