{"id":36014,"date":"2009-01-18T13:25:39","date_gmt":"2009-01-18T12:25:39","guid":{"rendered":"http:\/\/www.libraria-occitana.org\/produit\/croquants-et-nu-pieds-les-soulevements-paysans-en-france-du-xvi-au-xixe-siecle\/"},"modified":"2026-04-29T10:02:51","modified_gmt":"2026-04-29T08:02:51","slug":"croquants-et-nu-pieds-les-soulevements-paysans-en-france-du-xvi-au-xixe-siecle","status":"publish","type":"product","link":"https:\/\/www.libraria-occitana.org\/en\/product\/croquants-et-nu-pieds-les-soulevements-paysans-en-france-du-xvi-au-xixe-siecle\/","title":{"rendered":"Croquants et nu-pieds : Les soul\u00e8vements paysans en France du XVI au XIXe si\u00e8cle"},"content":{"rendered":"<p>Drapeaux et fourches, marches et contremarches : du XVIe au XIXe si\u00e8cle, des r\u00e9voltes contre la gabelle aux troubles quarante-huitards, le soul\u00e8vement \u00e9pisodique, d\u00e9bonnaire ou sauvage, terrifiant ou d\u00e9risoire, constitue la seule expression collective de la France campagnarde. Yves-Marie Berc\u00e9 pr\u00e9sente ici la plus longue dur\u00e9e des insurrections paysannes. Dans le fait divers et la chronique, il retrouve la permanence des gestes et des rites, les c\u00e9r\u00e9monies symboliques de la violence, l&#8217;attente utopique des pauvres, l&#8217;antagonisme sourd de la ville et du plat pays. Et l&#8217;enjeu m\u00eame de ces r\u00e9voltes sans espoir : au son du tocsin, pendant trois si\u00e8cles, elles ont tent\u00e9 de prot\u00e9ger le monde menac\u00e9, bient\u00f4t perdu, des solidarit\u00e9s communautaires.<\/p>\n","protected":false},"excerpt":{"rendered":"<p>Drapeaux et fourches, marches et contremarches : du XVIe au XIXe si\u00e8cle, des r\u00e9voltes contre la gabelle aux troubles quarante-huitards, le soul\u00e8vement \u00e9pisodique, d\u00e9bonnaire ou sauvage, terrifiant ou d\u00e9risoire, constitue la seule expression collective de la France campagnarde. Yves-Marie Berc\u00e9 pr\u00e9sente ici la plus longue dur\u00e9e des insurrections paysannes. Dans le fait divers et la [&hellip;]<\/p>\n","protected":false},"featured_media":30450,"template":"","meta":{"_acf_changed":false,"_genesis_hide_title":false,"_genesis_hide_breadcrumbs":false,"_genesis_hide_singular_image":false,"_genesis_hide_footer_widgets":false,"_genesis_custom_body_class":"","_genesis_custom_post_class":"","_genesis_layout":""},"product_brand":[],"product_cat":[7132,7148,7158],"product_tag":[],"class_list":{"0":"post-36014","1":"product","2":"type-product","3":"status-publish","4":"has-post-thumbnail","6":"product_cat-books","7":"product_cat-history-geography-en","8":"product_cat-modern-and-contemporary-history-en","9":"pa_auteur-berce-yves-marie-en","10":"pa_editeur-gallimard-en","11":"pa_langue-francais-en","12":"entry","14":"first","15":"instock","16":"shipping-taxable","17":"purchasable","18":"product-type-simple"},"acf":[],"_links":{"self":[{"href":"https:\/\/www.libraria-occitana.org\/en\/wp-json\/wp\/v2\/product\/36014","targetHints":{"allow":["GET"]}}],"collection":[{"href":"https:\/\/www.libraria-occitana.org\/en\/wp-json\/wp\/v2\/product"}],"about":[{"href":"https:\/\/www.libraria-occitana.org\/en\/wp-json\/wp\/v2\/types\/product"}],"wp:featuredmedia":[{"embeddable":true,"href":"https:\/\/www.libraria-occitana.org\/en\/wp-json\/wp\/v2\/media\/30450"}],"wp:attachment":[{"href":"https:\/\/www.libraria-occitana.org\/en\/wp-json\/wp\/v2\/media?parent=36014"}],"wp:term":[{"taxonomy":"product_brand","embeddable":true,"href":"https:\/\/www.libraria-occitana.org\/en\/wp-json\/wp\/v2\/product_brand?post=36014"},{"taxonomy":"product_cat","embeddable":true,"href":"https:\/\/www.libraria-occitana.org\/en\/wp-json\/wp\/v2\/product_cat?post=36014"},{"taxonomy":"product_tag","embeddable":true,"href":"https:\/\/www.libraria-occitana.org\/en\/wp-json\/wp\/v2\/product_tag?post=36014"}],"curies":[{"name":"wp","href":"https:\/\/api.w.org\/{rel}","templated":true}]}}