{"id":36027,"date":"1996-10-01T17:24:40","date_gmt":"1996-10-01T16:24:40","guid":{"rendered":"http:\/\/www.libraria-occitana.org\/produit\/vesins-o-barbars\/"},"modified":"2020-06-12T15:03:48","modified_gmt":"2020-06-12T13:03:48","slug":"vesins-o-barbars","status":"publish","type":"product","link":"https:\/\/www.libraria-occitana.org\/en\/product\/vesins-o-barbars\/","title":{"rendered":"Vesins o Barbars"},"content":{"rendered":"<p><span style=\"color: #ff0000;\">[oc] Mens char (vielha edicion, libre passat) \u2013 [fr] Prix r\u00e9duit (vieille \u00e9dition, livre d\u00e9fra\u00eechi) \u2013 [en] Discount price (early edition, worn book)<\/span><\/p>\n<p>Aquel segond libre de reflexion mena lo Claudi Molini\u00e8r sus de dralhas un pauc diferentas de las de son primi\u00e8r obratge, <em>Lo Cap dins la ressalha<\/em>.<\/p>\n<p>S\u2019avi\u00e1 volgut far la pr\u00f2va que la lenga occitana podi\u00e1 servir a d\u2019autras foncions que contar d\u2019ist\u00f2rias, per se sovenir e rire, ara s\u2019es fach prene a la trap\u00e8la de l\u2019escritura.<\/p>\n<p>Nos baila una reflexion mai articulada subre tres t\u00e8mas d\u2019actualitat :<\/p>\n<ul>\n<li>lo poder, qu\u2019es per aqu\u00ed que n\u00f2stre destin se farga ;<\/li>\n<li>Eur\u00f2pa, que se bast\u00eds e met una forma del poder a l\u2019espr\u00f2va ;<\/li>\n<li>l\u2019Islam, movement religi\u00f3s ideologic, qu\u2019interp\u00e8la mai que cap d\u2019autre n\u00f2stra vision la\u00efca del monde.<\/li>\n<\/ul>\n","protected":false},"excerpt":{"rendered":"<p>[oc] Mens char (vielha edicion, libre passat) \u2013 [fr] Prix r\u00e9duit (vieille \u00e9dition, livre d\u00e9fra\u00eechi) \u2013 [en] Discount price (early edition, worn book) Aquel segond libre de reflexion mena lo Claudi Molini\u00e8r sus de dralhas un pauc diferentas de las de son primi\u00e8r obratge, Lo Cap dins la ressalha. S\u2019avi\u00e1 volgut far la pr\u00f2va que [&hellip;]<\/p>\n","protected":false},"featured_media":17936,"template":"","meta":{"_acf_changed":false,"_genesis_hide_title":false,"_genesis_hide_breadcrumbs":false,"_genesis_hide_singular_image":false,"_genesis_hide_footer_widgets":false,"_genesis_custom_body_class":"","_genesis_custom_post_class":"","_genesis_layout":""},"product_brand":[],"product_cat":[7132,7202,7238],"product_tag":[],"class_list":{"0":"post-36027","1":"product","2":"type-product","3":"status-publish","4":"has-post-thumbnail","6":"product_cat-books","7":"product_cat-politics-sociology-current-affairs-en","8":"product_cat-promotions-en","9":"pa_auteur-molinier-claudi-en","10":"pa_editeur-ieo-fr-en","11":"pa_langue-occitan-en","12":"pa_langue-occitan-lengadocian-en","13":"entry","15":"first","16":"instock","17":"sale","18":"shipping-taxable","19":"purchasable","20":"product-type-simple"},"acf":[],"_links":{"self":[{"href":"https:\/\/www.libraria-occitana.org\/en\/wp-json\/wp\/v2\/product\/36027","targetHints":{"allow":["GET"]}}],"collection":[{"href":"https:\/\/www.libraria-occitana.org\/en\/wp-json\/wp\/v2\/product"}],"about":[{"href":"https:\/\/www.libraria-occitana.org\/en\/wp-json\/wp\/v2\/types\/product"}],"wp:featuredmedia":[{"embeddable":true,"href":"https:\/\/www.libraria-occitana.org\/en\/wp-json\/wp\/v2\/media\/17936"}],"wp:attachment":[{"href":"https:\/\/www.libraria-occitana.org\/en\/wp-json\/wp\/v2\/media?parent=36027"}],"wp:term":[{"taxonomy":"product_brand","embeddable":true,"href":"https:\/\/www.libraria-occitana.org\/en\/wp-json\/wp\/v2\/product_brand?post=36027"},{"taxonomy":"product_cat","embeddable":true,"href":"https:\/\/www.libraria-occitana.org\/en\/wp-json\/wp\/v2\/product_cat?post=36027"},{"taxonomy":"product_tag","embeddable":true,"href":"https:\/\/www.libraria-occitana.org\/en\/wp-json\/wp\/v2\/product_tag?post=36027"}],"curies":[{"name":"wp","href":"https:\/\/api.w.org\/{rel}","templated":true}]}}