{"id":36889,"date":"2017-09-01T15:52:56","date_gmt":"2017-09-01T13:52:56","guid":{"rendered":"http:\/\/www.libraria-occitana.org\/produit\/un-tant-doc-fogier\/"},"modified":"2026-04-08T22:31:12","modified_gmt":"2026-04-08T20:31:12","slug":"un-tant-doc-fogier","status":"publish","type":"product","link":"https:\/\/www.libraria-occitana.org\/en\/product\/un-tant-doc-fogier\/","title":{"rendered":"Un tant do\u00e7 fogier"},"content":{"rendered":"<p><em>L\u2019Espelida<\/em>, c\u2019est un joli petit ch\u00e2teau qui se trouve \u00e0 la sortie de Maraval. Une quarantaine d\u2019handicap\u00e9s mentaux y m\u00e8nent une vie tranquille et en toute s\u00e9curit\u00e9.<\/p>\n<p>La mort de Ludivina, dite Lulu, qui a \u00e9t\u00e9 assassin\u00e9e, cela ne fait aucun doute, remet en question l\u2019image immacul\u00e9e de l\u2019institution. Et ce n\u2019est pas la mort violente, quelques jours plus tard, d\u2019un des \u00e9ducateurs les plus aim\u00e9s de tous qui va aider le commissaire Darnaudguilhem dans son travail, comme celui de sa fine \u00e9quipe. Tous, dans cette enqu\u00eate, iront d\u2019horreur en horreur.<\/p>\n<p><em>L\u2019Espelida<\/em>, un foyer si doux&#8230;<\/p>\n","protected":false},"excerpt":{"rendered":"<p>L\u2019Espelida, c\u2019est un joli petit ch\u00e2teau qui se trouve \u00e0 la sortie de Maraval. Une quarantaine d\u2019handicap\u00e9s mentaux y m\u00e8nent une vie tranquille et en toute s\u00e9curit\u00e9. La mort de Ludivina, dite Lulu, qui a \u00e9t\u00e9 assassin\u00e9e, cela ne fait aucun doute, remet en question l\u2019image immacul\u00e9e de l\u2019institution. Et ce n\u2019est pas la mort [&hellip;]<\/p>\n","protected":false},"featured_media":36900,"template":"","meta":{"_acf_changed":false,"_genesis_hide_title":false,"_genesis_hide_breadcrumbs":false,"_genesis_hide_singular_image":false,"_genesis_hide_footer_widgets":false,"_genesis_custom_body_class":"","_genesis_custom_post_class":"","_genesis_layout":""},"product_brand":[],"product_cat":[7132,7174,7182],"product_tag":[],"class_list":{"0":"post-36889","1":"product","2":"type-product","3":"status-publish","4":"has-post-thumbnail","6":"product_cat-books","7":"product_cat-literature-en","8":"product_cat-novels-short-stories-en","9":"pa_auteur-ganhaire-joan-en","10":"pa_editeur-ieo-fr-en","11":"pa_editeur-ieo-perigord-novelum-en","12":"pa_langue-occitan-en","13":"pa_langue-occitan-lemosin-en","14":"entry","16":"first","17":"instock","18":"shipping-taxable","19":"purchasable","20":"product-type-simple"},"acf":[],"_links":{"self":[{"href":"https:\/\/www.libraria-occitana.org\/en\/wp-json\/wp\/v2\/product\/36889","targetHints":{"allow":["GET"]}}],"collection":[{"href":"https:\/\/www.libraria-occitana.org\/en\/wp-json\/wp\/v2\/product"}],"about":[{"href":"https:\/\/www.libraria-occitana.org\/en\/wp-json\/wp\/v2\/types\/product"}],"wp:featuredmedia":[{"embeddable":true,"href":"https:\/\/www.libraria-occitana.org\/en\/wp-json\/wp\/v2\/media\/36900"}],"wp:attachment":[{"href":"https:\/\/www.libraria-occitana.org\/en\/wp-json\/wp\/v2\/media?parent=36889"}],"wp:term":[{"taxonomy":"product_brand","embeddable":true,"href":"https:\/\/www.libraria-occitana.org\/en\/wp-json\/wp\/v2\/product_brand?post=36889"},{"taxonomy":"product_cat","embeddable":true,"href":"https:\/\/www.libraria-occitana.org\/en\/wp-json\/wp\/v2\/product_cat?post=36889"},{"taxonomy":"product_tag","embeddable":true,"href":"https:\/\/www.libraria-occitana.org\/en\/wp-json\/wp\/v2\/product_tag?post=36889"}],"curies":[{"name":"wp","href":"https:\/\/api.w.org\/{rel}","templated":true}]}}