{"id":36937,"date":"2017-07-12T12:00:03","date_gmt":"2017-07-12T10:00:03","guid":{"rendered":"http:\/\/www.libraria-occitana.org\/?post_type=product&#038;p=36937"},"modified":"2026-04-12T20:11:15","modified_gmt":"2026-04-12T18:11:15","slug":"ieu-lai-libre-cd","status":"publish","type":"product","link":"https:\/\/www.libraria-occitana.org\/en\/product\/ieu-lai-libre-cd\/","title":{"rendered":"Ieu l&#8217;ai ! (libre + CD)"},"content":{"rendered":"<p>Un\/une enfant vient de retrouver ce qu&#8217;il\/elle avait perdu. En faisant des hypoth\u00e8ses ou en se rappelant des faits, il\/elle refait le chemin pour retrouver ce qu&#8217;il\/elle avait perdu tout en r\u00e9glant gentiment ses comptes avec les membres de sa famille.<\/p>\n<p><strong>\u00c0 l&#8217;\u00e9cole :<\/strong><\/p>\n<p><em>Ieu l&#8217;ai !<\/em>\u00a0est un outil pour susciter des interactions orales entre les \u00e9l\u00e8ves.<\/p>\n<p>L&#8217;histoire est b\u00e2tie sur un sch\u00e9ma narratif pour amener le lecteur ou l&#8217;auditeur \u00e0 faire des hypoth\u00e8ses, \u00e0 exprimer ses \u00e9motions, ses ressentis. L&#8217;album permet de travailler les trois domaines principaux d&#8217;une d\u00e9couverte litt\u00e9raire : ce que j&#8217;entends ou lis, ce que je comprends, ce que j&#8217;imagine.<\/p>\n<p>Un outil linguistique pour d\u00e9velopper l&#8217;oral en cycle 1, la lecture en cycle 2 et l&#8217;expression de la production \u00e9crite en cycle 3.<\/p>\n<p>&nbsp;<\/p>\n<p>Cycles 1 &amp; 2.<br \/>\nPistes p\u00e9dagogiques \u00e0 t\u00e9l\u00e9charger sur\u00a0<a href=\"http:\/\/crdp.ac-bordeaux.fr\/capoc\">http:\/\/crdp.ac-bordeaux.fr\/capoc<\/a><\/p>\n","protected":false},"excerpt":{"rendered":"<p>Un\/une enfant vient de retrouver ce qu&#8217;il\/elle avait perdu. En faisant des hypoth\u00e8ses ou en se rappelant des faits, il\/elle refait le chemin pour retrouver ce qu&#8217;il\/elle avait perdu tout en r\u00e9glant gentiment ses comptes avec les membres de sa famille. \u00c0 l&#8217;\u00e9cole : Ieu l&#8217;ai !\u00a0est un outil pour susciter des interactions orales entre [&hellip;]<\/p>\n","protected":false},"featured_media":37072,"template":"","meta":{"_acf_changed":false,"_genesis_hide_title":false,"_genesis_hide_breadcrumbs":false,"_genesis_hide_singular_image":false,"_genesis_hide_footer_widgets":false,"_genesis_custom_body_class":"","_genesis_custom_post_class":"","_genesis_layout":""},"product_brand":[],"product_cat":[7132,7170,7164],"product_tag":[],"class_list":{"0":"post-36937","1":"product","2":"type-product","3":"status-publish","4":"has-post-thumbnail","6":"product_cat-books","7":"product_cat-juvenile-en","8":"product_cat-juvenile-and-teen-comics-humour-en","9":"pa_auteur-capoc-en","10":"pa_editeur-canope-editions-en","11":"pa_illustrateur-bencina-valentina-en","12":"pa_illustrateur-ratinaud-patrick-ratineaud-patrick-en","13":"pa_langue-occitan-lemosin-en","14":"pa_langue-occitan-francais-en","15":"entry","17":"first","18":"instock","19":"shipping-taxable","20":"purchasable","21":"product-type-simple"},"acf":[],"_links":{"self":[{"href":"https:\/\/www.libraria-occitana.org\/en\/wp-json\/wp\/v2\/product\/36937","targetHints":{"allow":["GET"]}}],"collection":[{"href":"https:\/\/www.libraria-occitana.org\/en\/wp-json\/wp\/v2\/product"}],"about":[{"href":"https:\/\/www.libraria-occitana.org\/en\/wp-json\/wp\/v2\/types\/product"}],"wp:featuredmedia":[{"embeddable":true,"href":"https:\/\/www.libraria-occitana.org\/en\/wp-json\/wp\/v2\/media\/37072"}],"wp:attachment":[{"href":"https:\/\/www.libraria-occitana.org\/en\/wp-json\/wp\/v2\/media?parent=36937"}],"wp:term":[{"taxonomy":"product_brand","embeddable":true,"href":"https:\/\/www.libraria-occitana.org\/en\/wp-json\/wp\/v2\/product_brand?post=36937"},{"taxonomy":"product_cat","embeddable":true,"href":"https:\/\/www.libraria-occitana.org\/en\/wp-json\/wp\/v2\/product_cat?post=36937"},{"taxonomy":"product_tag","embeddable":true,"href":"https:\/\/www.libraria-occitana.org\/en\/wp-json\/wp\/v2\/product_tag?post=36937"}],"curies":[{"name":"wp","href":"https:\/\/api.w.org\/{rel}","templated":true}]}}